{"id":9037,"date":"2021-06-07T18:18:44","date_gmt":"2021-06-07T16:18:44","guid":{"rendered":"https:\/\/tlmocnik.sk\/cn-cn\/?page_id=9037"},"modified":"2022-12-16T11:42:19","modified_gmt":"2022-12-16T10:42:19","slug":"tlmocenie","status":"publish","type":"page","link":"https:\/\/tlmocnik.sk\/cn-cn\/tlmocenie\/","title":{"rendered":"\u89e3\u91cb"},"content":{"rendered":"\t\t<div data-elementor-type=\"wp-page\" data-elementor-id=\"9037\" class=\"elementor elementor-9037\">\n\t\t\t\t\t\t<div class=\"elementor-inner\">\n\t\t\t\t<div class=\"elementor-section-wrap\">\n\t\t\t\t\t\t\t\t\t<section class=\"elementor-section elementor-top-section elementor-element elementor-element-596a1753 elementor-section-boxed elementor-section-height-default elementor-section-height-default\" data-id=\"596a1753\" data-element_type=\"section\">\n\t\t\t\t\t\t<div class=\"elementor-container elementor-column-gap-extended\">\n\t\t\t\t\t\t\t<div class=\"elementor-row\">\n\t\t\t\t\t<div class=\"elementor-column elementor-col-100 elementor-top-column elementor-element elementor-element-63130f39\" data-id=\"63130f39\" data-element_type=\"column\">\n\t\t\t<div class=\"elementor-column-wrap elementor-element-populated\">\n\t\t\t\t\t\t\t<div class=\"elementor-widget-wrap\">\n\t\t\t\t\t\t<div class=\"elementor-element elementor-element-36b9fdc5 elementor-widget elementor-widget-spacer\" data-id=\"36b9fdc5\" data-element_type=\"widget\" data-widget_type=\"spacer.default\">\n\t\t\t\t<div class=\"elementor-widget-container\">\n\t\t\t\t\t<div class=\"elementor-spacer\">\n\t\t\t<div class=\"elementor-spacer-inner\"><\/div>\n\t\t<\/div>\n\t\t\t\t<\/div>\n\t\t\t\t<\/div>\n\t\t\t\t<section class=\"elementor-section elementor-inner-section elementor-element elementor-element-1bf11bee elementor-section-boxed elementor-section-height-default elementor-section-height-default\" data-id=\"1bf11bee\" data-element_type=\"section\">\n\t\t\t\t\t\t<div class=\"elementor-container elementor-column-gap-default\">\n\t\t\t\t\t\t\t<div class=\"elementor-row\">\n\t\t\t\t\t<div class=\"elementor-column elementor-col-33 elementor-inner-column elementor-element elementor-element-49758cf8\" data-id=\"49758cf8\" data-element_type=\"column\">\n\t\t\t<div class=\"elementor-column-wrap elementor-element-populated\">\n\t\t\t\t\t\t\t<div class=\"elementor-widget-wrap\">\n\t\t\t\t\t\t<div class=\"elementor-element-custom_font_size elementor-element-custom_font_weight elementor-element elementor-element-2f48e9 elementor-widget elementor-widget-text-editor\" data-id=\"2f48e9\" data-element_type=\"widget\" data-widget_type=\"text-editor.default\">\n\t\t\t\t<div class=\"elementor-widget-container\">\n\t\t\t\t\t\t\t\t<div class=\"elementor-text-editor elementor-clearfix\">\n\t\t\t\t<h5>\u53e3\u8b6f\u670d\u52d9<\/h5>\t\t\t\t\t<\/div>\n\t\t\t\t\t\t<\/div>\n\t\t\t\t<\/div>\n\t\t\t\t<div class=\"elementor-element elementor-element-75424e24 elementor-widget elementor-widget-heading\" data-id=\"75424e24\" data-element_type=\"widget\" data-widget_type=\"heading.default\">\n\t\t\t\t<div class=\"elementor-widget-container\">\n\t\t\t<h2 class=\"elementor-heading-title elementor-size-default\">\u89e3\u91cb<\/h2>\t\t<\/div>\n\t\t\t\t<\/div>\n\t\t\t\t<div class=\"elementor-element elementor-element-6977ac56 elementor-widget elementor-widget-spacer\" data-id=\"6977ac56\" data-element_type=\"widget\" data-widget_type=\"spacer.default\">\n\t\t\t\t<div class=\"elementor-widget-container\">\n\t\t\t\t\t<div class=\"elementor-spacer\">\n\t\t\t<div class=\"elementor-spacer-inner\"><\/div>\n\t\t<\/div>\n\t\t\t\t<\/div>\n\t\t\t\t<\/div>\n\t\t\t\t<div class=\"gt3-core-button--alignment_left elementor-element elementor-element-75fbc750 elementor-widget elementor-widget-gt3-core-button\" data-id=\"75fbc750\" data-element_type=\"widget\" data-widget_type=\"gt3-core-button.default\">\n\t\t\t\t<div class=\"elementor-widget-container\">\n\t\t\t\t<div class=\"gt3_module_button_elementor size_custom alignment_left button_icon_none hover_type5 rounded\">\r\n\t\t<a class=\"button_size_elementor_custom alignment_left border_icon_none hover_type5 btn_icon_position_left\" href=\"https:\/\/tlmocnik.sk\/cn-cn\/kontakt\/\">\r\n\t\t\t\t<span class=\"gt3_module_button__container\">\r\n\t\t\t\t\t\t\t\t\t\t\t<span class=\"elementor_gt3_btn_text\">\u63a5\u89f8<\/span>\t\t\t\t\t\t<span class=\"gt3_module_button__cover front\"><\/span>\r\n\t\t\t\t\t\t<span class=\"gt3_module_button__cover back\"><\/span>\r\n\t\t\t\t\t\t\t\t\t<\/span>\r\n\t\t<\/a>\r\n\t<\/div>\r\n\r\n<script type=\"application\/json\" id=\"settings--75fbc750\">[]<\/script>\t\t<\/div>\n\t\t\t\t<\/div>\n\t\t\t\t<div class=\"elementor-element elementor-element-66054ef9 elementor-widget elementor-widget-image\" data-id=\"66054ef9\" data-element_type=\"widget\" data-widget_type=\"image.default\">\n\t\t\t\t<div class=\"elementor-widget-container\">\n\t\t\t\t\t\t\t\t<div class=\"elementor-image\">\n\t\t\t\t\t\t\t\t\t\t\t\t<img loading=\"lazy\" decoding=\"async\" width=\"637\" height=\"582\" src=\"https:\/\/tlmocnik.sk\/cn-cn\/wp-content\/uploads\/2021\/06\/tlmocnicka11.jpg\" class=\"attachment-full size-full\" alt=\"\" srcset=\"https:\/\/tlmocnik.sk\/cn-cn\/wp-content\/uploads\/2021\/06\/tlmocnicka11.jpg 637w, https:\/\/tlmocnik.sk\/cn-cn\/wp-content\/uploads\/2021\/06\/tlmocnicka11-300x274.jpg 300w, https:\/\/tlmocnik.sk\/cn-cn\/wp-content\/uploads\/2021\/06\/tlmocnicka11-480x439.jpg 480w\" sizes=\"auto, (max-width: 637px) 100vw, 637px\" title=\"tlmocnicka11\" \/>\t\t\t\t\t\t\t\t\t\t\t\t\t\t<\/div>\n\t\t\t\t\t\t<\/div>\n\t\t\t\t<\/div>\n\t\t\t\t\t\t<\/div>\n\t\t\t\t\t<\/div>\n\t\t<\/div>\n\t\t\t\t<div class=\"elementor-column elementor-col-33 elementor-inner-column elementor-element elementor-element-4cc79c84\" data-id=\"4cc79c84\" data-element_type=\"column\">\n\t\t\t<div class=\"elementor-column-wrap elementor-element-populated\">\n\t\t\t\t\t\t\t<div class=\"elementor-widget-wrap\">\n\t\t\t\t\t\t<div class=\"elementor-element elementor-element-dd70cd0 elementor-widget elementor-widget-spacer\" data-id=\"dd70cd0\" data-element_type=\"widget\" data-widget_type=\"spacer.default\">\n\t\t\t\t<div class=\"elementor-widget-container\">\n\t\t\t\t\t<div class=\"elementor-spacer\">\n\t\t\t<div class=\"elementor-spacer-inner\"><\/div>\n\t\t<\/div>\n\t\t\t\t<\/div>\n\t\t\t\t<\/div>\n\t\t\t\t<div class=\"elementor-element elementor-element-ea01797 elementor-widget elementor-widget-text-editor\" data-id=\"ea01797\" data-element_type=\"widget\" data-widget_type=\"text-editor.default\">\n\t\t\t\t<div class=\"elementor-widget-container\">\n\t\t\t\t\t\t\t\t<div class=\"elementor-text-editor elementor-clearfix\">\n\t\t\t\t<p>\u6211\u5011\u5c07\u7531\u7d93\u9a57\u8c50\u5bcc\u7684\u9577\u671f\u53e3\u8b6f\u54e1\u70ba\u60a8\u63d0\u4f9b\u5546\u52d9\u8ac7\u5224\u3001\u6703\u8b70\u3001\u8b1b\u5ea7\u3001\u6f14\u8b1b\u3001\u57f9\u8a13\u548c\u7814\u8a0e\u6703\u7684\u53e3\u8b6f\u670d\u52d9\u3002\u00a0<\/p><h2>\u6a5f\u8259\u540c\u8072\u50b3\u8b6f<\/h2><p>\u6a5f\u8259\u5167\u7684\u7ffb\u8b6f\u4eba\u54e1\u901a\u904e\u8033\u6a5f\u8046\u807d\u6f14\u8b1b\u8005\u7684\u8b1b\u8a71\uff0c\u540c\u6642\u5c07\u8b6f\u6587\u7ffb\u8b6f\u5230\u623f\u9593\u5167\u7684\u8033\u6a5f\u4e2d\uff0c\u8207\u6703\u8005\u53ef\u4ee5\u6234\u4e0a\u8033\u6a5f\u3002<\/p><h2>\u4ea4\u66ff\u50b3\u8b6f<\/h2><p>\u53e3\u8b6f\u54e1\u7ad9\u5728\u8b1b\u53f0\u4e0a\u7684\u6f14\u8b1b\u8005\u65c1\u908a\uff0c\u5728\u67d0\u4e9b\u90e8\u5206\u4e4b\u5f8c\u89e3\u91cb\u6587\u672c\u3002<\/p><h2>\u7aca\u7aca\u79c1\u8a9e<\/h2><p>\u53e3\u8b6f\u54e1\u5750\u5728\u6216\u7ad9\u5728\u8207\u6703\u8005\u4e4b\u9593\uff0c\u76f4\u63a5\u5c0d\u8457\u8207\u6703\u8005\u7684\u8033\u6735\u8033\u8a9e\u9032\u884c\u7ffb\u8b6f\u3002 Shu\u0161ot\u00e1\u017e \u9069\u7528\u65bc\u5c11\u6578\u5916\u570b\u53c3\u8207\u8005\u7684\u60c5\u6cc1\u3002<\/p><h2>\u6cd5\u5ead\u53e3\u8b6f &#8211; \u84cb\u7ae0\u53e3\u8b6f\u54e1<\/h2><p>\u6cd5\u5ead\u53e3\u8b6f\u7528\u65bc\u5a5a\u79ae\u5100\u5f0f\u3001\u5916\u570b\u4eba\u8207\u570b\u5bb6\u7576\u5c40\u4e4b\u9593\u7684\u4ea4\u6d41\u3001\u6cd5\u5ead\u807d\u8b49\u6703\u548c\u8b49\u4eba\u9762\u8ac7\u3002<\/p><h2>\u4fe1\u4e2d\u89e3\u8b80<\/h2><p>\u53e3\u8b6f\u54e1\u53ef\u4ee5\u96a8\u6642\u70ba\u807d\u773e\u89e3\u91cb\u6587\u672c\u3002 \u4f8b\u5982\uff0c\u5728\u95b1\u8b80\u5b98\u65b9\u8072\u660e\u6216\u6f14\u8b1b\u6642\u4f7f\u7528\u5b83\u3002<\/p><h2>\u65b0\u5ba2\u6236\u6709\u6a5f\u6703\u4f7f\u7528\u7279\u6b8a\u7684\u670d\u52d9\u5305\uff0c\u5176\u4e2d\u5305\u62ec\uff1a<\/h2><p>\u2013 \u7b2c\u4e00\u6b21\u7ffb\u8b6f\u7684\u79ae\u7269<\/p><p>\u2013 \u6bd4\u7576\u524d\u50f9\u76ee\u8868\u4f4e 6.5% \u7684\u6fc0\u6d3b\u6298\u6263<\/p><p>\u2013 \u5728\u7b2c 5 \u500b\u6a19\u6e96\u9801\u4e4b\u5f8c\u5df2\u7d93\u6709 2% \u7684\u984d\u5916\u6279\u91cf\u6298\u6263<\/p><p>\u2013 \u901a\u904e\u5feb\u905e\u514d\u8cbb\u4ea4\u4ed8\u5e03\u62c9\u8fea\u65af\u62c9\u767c\u5883\u5167\u7684\u7b2c\u4e00\u4efd\u6cd5\u9662\u7ffb\u8b6f\uff08\u73fe\u91d1\u652f\u4ed8\uff09<\/p><p>\u2013 \u6587\u4ef6\u514d\u8cbb\u4fdd\u5bc6\u5b58\u6a94 2 \u5e74<\/p><p>\u2013 \u8655\u7406\u66f4\u9ad8\u9a57\u8b49\u7684\u8cbb\u7528\u53ef\u4eab\u53d7 30% \u7684\u6298\u6263<\/p><p>\u2013<span> <\/span><strong>\u53ef\u80fd\u6027<\/strong><span> <\/span><strong><span> <\/span>\u901a\u904e\u4e92\u806f\u7db2\u4e0b\u8a02\u55ae<\/strong><\/p><p>&#8211; <span><\/span><strong>\u5728\u7dda\u804a\u5929<\/strong><span><\/span>\u8aee\u8a62\u7684\u53ef\u80fd\u6027<\/p><h2>\u65b0\u5ba2\u6236\u53ef\u9010\u6b65\u8f49\u70ba\u5fe0\u8aa0\u5ba2\u6236\uff0c\u4eab\u53d7\u66f4\u512a\u60e0\u7684\u6298\u6263<\/h2>\t\t\t\t\t<\/div>\n\t\t\t\t\t\t<\/div>\n\t\t\t\t<\/div>\n\t\t\t\t\t\t<\/div>\n\t\t\t\t\t<\/div>\n\t\t<\/div>\n\t\t\t\t<div class=\"elementor-column elementor-col-33 elementor-inner-column elementor-element elementor-element-35a70d0c\" data-id=\"35a70d0c\" data-element_type=\"column\">\n\t\t\t<div class=\"elementor-column-wrap\">\n\t\t\t\t\t\t\t<div class=\"elementor-widget-wrap\">\n\t\t\t\t\t\t\t\t<\/div>\n\t\t\t\t\t<\/div>\n\t\t<\/div>\n\t\t\t\t\t\t\t\t<\/div>\n\t\t\t\t\t<\/div>\n\t\t<\/section>\n\t\t\t\t\t\t<\/div>\n\t\t\t\t\t<\/div>\n\t\t<\/div>\n\t\t\t\t\t\t\t\t<\/div>\n\t\t\t\t\t<\/div>\n\t\t<\/section>\n\t\t\t\t<section class=\"elementor-section elementor-top-section elementor-element elementor-element-7fbe4a73 elementor-section-boxed elementor-section-height-default elementor-section-height-default\" data-id=\"7fbe4a73\" data-element_type=\"section\" data-settings=\"{&quot;background_background&quot;:&quot;classic&quot;}\">\n\t\t\t\t\t\t<div class=\"elementor-container elementor-column-gap-extended\">\n\t\t\t\t\t\t\t<div class=\"elementor-row\">\n\t\t\t\t\t<div class=\"elementor-column elementor-col-50 elementor-top-column elementor-element elementor-element-5eaaa05a\" data-id=\"5eaaa05a\" data-element_type=\"column\">\n\t\t\t<div class=\"elementor-column-wrap elementor-element-populated\">\n\t\t\t\t\t\t\t<div class=\"elementor-widget-wrap\">\n\t\t\t\t\t\t<div class=\"elementor-element elementor-element-59038b3 elementor-widget elementor-widget-spacer\" data-id=\"59038b3\" data-element_type=\"widget\" data-widget_type=\"spacer.default\">\n\t\t\t\t<div class=\"elementor-widget-container\">\n\t\t\t\t\t<div class=\"elementor-spacer\">\n\t\t\t<div class=\"elementor-spacer-inner\"><\/div>\n\t\t<\/div>\n\t\t\t\t<\/div>\n\t\t\t\t<\/div>\n\t\t\t\t<div class=\"elementor-element elementor-element-672f3b50 elementor-widget elementor-widget-image\" data-id=\"672f3b50\" data-element_type=\"widget\" data-widget_type=\"image.default\">\n\t\t\t\t<div class=\"elementor-widget-container\">\n\t\t\t\t\t\t\t\t<div class=\"elementor-image\">\n\t\t\t\t\t\t\t\t\t\t\t\t<img loading=\"lazy\" decoding=\"async\" width=\"637\" height=\"580\" src=\"https:\/\/tlmocnik.sk\/cn-cn\/wp-content\/uploads\/2021\/06\/girl-with_phone1.jpg\" class=\"attachment-full size-full\" alt=\"\" srcset=\"https:\/\/tlmocnik.sk\/cn-cn\/wp-content\/uploads\/2021\/06\/girl-with_phone1.jpg 637w, https:\/\/tlmocnik.sk\/cn-cn\/wp-content\/uploads\/2021\/06\/girl-with_phone1-300x273.jpg 300w, https:\/\/tlmocnik.sk\/cn-cn\/wp-content\/uploads\/2021\/06\/girl-with_phone1-480x437.jpg 480w\" sizes=\"auto, (max-width: 637px) 100vw, 637px\" title=\"girl-with_phone1\" \/>\t\t\t\t\t\t\t\t\t\t\t\t\t\t<\/div>\n\t\t\t\t\t\t<\/div>\n\t\t\t\t<\/div>\n\t\t\t\t\t\t<\/div>\n\t\t\t\t\t<\/div>\n\t\t<\/div>\n\t\t\t\t<div class=\"elementor-column elementor-col-50 elementor-top-column elementor-element elementor-element-63196511\" data-id=\"63196511\" data-element_type=\"column\">\n\t\t\t<div class=\"elementor-column-wrap elementor-element-populated\">\n\t\t\t\t\t\t\t<div class=\"elementor-widget-wrap\">\n\t\t\t\t\t\t<div class=\"elementor-element elementor-element-234d3fcb elementor-widget elementor-widget-spacer\" data-id=\"234d3fcb\" data-element_type=\"widget\" data-widget_type=\"spacer.default\">\n\t\t\t\t<div class=\"elementor-widget-container\">\n\t\t\t\t\t<div class=\"elementor-spacer\">\n\t\t\t<div class=\"elementor-spacer-inner\"><\/div>\n\t\t<\/div>\n\t\t\t\t<\/div>\n\t\t\t\t<\/div>\n\t\t\t\t<div class=\"elementor-element-custom_font_size elementor-element-custom_font_weight elementor-element elementor-element-4c80a65f elementor-widget elementor-widget-text-editor\" data-id=\"4c80a65f\" data-element_type=\"widget\" data-widget_type=\"text-editor.default\">\n\t\t\t\t<div class=\"elementor-widget-container\">\n\t\t\t\t\t\t\t\t<div class=\"elementor-text-editor elementor-clearfix\">\n\t\t\t\t<h5>\u89e3\u91cb<\/h5>\t\t\t\t\t<\/div>\n\t\t\t\t\t\t<\/div>\n\t\t\t\t<\/div>\n\t\t\t\t<div class=\"elementor-element elementor-element-71b48e85 elementor-widget elementor-widget-heading\" data-id=\"71b48e85\" data-element_type=\"widget\" data-widget_type=\"heading.default\">\n\t\t\t\t<div class=\"elementor-widget-container\">\n\t\t\t<h2 class=\"elementor-heading-title elementor-size-default\">\u4e0d\u80fd\u6c7a\u5b9a\uff1f<\/h2>\t\t<\/div>\n\t\t\t\t<\/div>\n\t\t\t\t<div class=\"elementor-element elementor-element-77f84dd3 elementor-widget elementor-widget-text-editor\" data-id=\"77f84dd3\" data-element_type=\"widget\" data-widget_type=\"text-editor.default\">\n\t\t\t\t<div class=\"elementor-widget-container\">\n\t\t\t\t\t\t\t\t<div class=\"elementor-text-editor elementor-clearfix\">\n\t\t\t\t<p>\u5982\u679c\u60a8\u4e0d\u78ba\u5b9a\u9700\u8981\u54ea\u7a2e\u670d\u52d9\uff0c\u8acb\u806f\u7e6b\u6211\u5011\uff0c\u6211\u5011\u5c07\u70ba\u60a8\u627e\u5230\u6700\u5408\u9069\u7684\u670d\u52d9\u3002<\/p>\t\t\t\t\t<\/div>\n\t\t\t\t\t\t<\/div>\n\t\t\t\t<\/div>\n\t\t\t\t<div class=\"elementor-element elementor-element-23e9b76b elementor-widget elementor-widget-spacer\" data-id=\"23e9b76b\" data-element_type=\"widget\" data-widget_type=\"spacer.default\">\n\t\t\t\t<div class=\"elementor-widget-container\">\n\t\t\t\t\t<div class=\"elementor-spacer\">\n\t\t\t<div class=\"elementor-spacer-inner\"><\/div>\n\t\t<\/div>\n\t\t\t\t<\/div>\n\t\t\t\t<\/div>\n\t\t\t\t<div class=\"gt3-core-button--alignment_left elementor-element elementor-element-62c3d971 elementor-widget elementor-widget-gt3-core-button\" data-id=\"62c3d971\" data-element_type=\"widget\" data-widget_type=\"gt3-core-button.default\">\n\t\t\t\t<div class=\"elementor-widget-container\">\n\t\t\t\t<div class=\"gt3_module_button_elementor size_custom alignment_left button_icon_none hover_type5 rounded\">\r\n\t\t<a class=\"button_size_elementor_custom alignment_left border_icon_none hover_type5 btn_icon_position_left\" href=\"https:\/\/tlmocnik.sk\/cn-cn\/kontakt\/\">\r\n\t\t\t\t<span class=\"gt3_module_button__container\">\r\n\t\t\t\t\t\t\t\t\t\t\t<span class=\"elementor_gt3_btn_text\">\u63a5\u89f8<\/span>\t\t\t\t\t\t<span class=\"gt3_module_button__cover front\"><\/span>\r\n\t\t\t\t\t\t<span class=\"gt3_module_button__cover back\"><\/span>\r\n\t\t\t\t\t\t\t\t\t<\/span>\r\n\t\t<\/a>\r\n\t<\/div>\r\n\r\n<script type=\"application\/json\" id=\"settings--62c3d971\">[]<\/script>\t\t<\/div>\n\t\t\t\t<\/div>\n\t\t\t\t<div class=\"elementor-element elementor-element-1a75d882 elementor-widget elementor-widget-spacer\" data-id=\"1a75d882\" data-element_type=\"widget\" data-widget_type=\"spacer.default\">\n\t\t\t\t<div class=\"elementor-widget-container\">\n\t\t\t\t\t<div class=\"elementor-spacer\">\n\t\t\t<div class=\"elementor-spacer-inner\"><\/div>\n\t\t<\/div>\n\t\t\t\t<\/div>\n\t\t\t\t<\/div>\n\t\t\t\t\t\t<\/div>\n\t\t\t\t\t<\/div>\n\t\t<\/div>\n\t\t\t\t\t\t\t\t<\/div>\n\t\t\t\t\t<\/div>\n\t\t<\/section>\n\t\t\t\t\t\t\t\t\t<\/div>\n\t\t\t<\/div>\n\t\t\t\t\t<\/div>\n\t\t","protected":false},"excerpt":{"rendered":"<p>\u53e3\u8b6f\u670d\u52d9 \u89e3\u91cb \u63a5\u89f8 \u6211\u5011\u5c07\u7531\u7d93\u9a57\u8c50\u5bcc\u7684\u9577\u671f\u53e3\u8b6f\u54e1\u70ba\u60a8\u63d0\u4f9b\u5546\u52d9\u8ac7\u5224\u3001\u6703\u8b70\u3001\u8b1b\u5ea7\u3001\u6f14\u8b1b\u3001\u57f9\u8a13\u548c\u7814\u8a0e\u6703\u7684\u53e3\u8b6f\u670d\u52d9\u3002 [&hellip;]<\/p>\n","protected":false},"author":1,"featured_media":0,"parent":0,"menu_order":0,"comment_status":"closed","ping_status":"closed","template":"","meta":{"footnotes":""},"class_list":["post-9037","page","type-page","status-publish","hentry"],"yoast_head":"<!-- This site is optimized with the Yoast SEO plugin v17.4 - https:\/\/yoast.com\/wordpress\/plugins\/seo\/ -->\n<title>\u89e3\u91cb \u5e03\u62c9\u8fea\u65af\u62c9\u767c - Tlmocnik.sk<\/title>\n<meta name=\"description\" content=\"\u89e3\u91cb\u5e03\u62c9\u8fea\u65af\u62c9\u767c\u3002 \u6211\u516c\u53f8\u6703\u5728\u5404\u7a2e\u8ac7\u5224\u3001\u6703\u8b70\u3001\u8b1b\u5ea7\u7b49\u5834\u5408\u70ba\u60a8\u63d0\u4f9b\u53e3\u8b6f\u670d\u52d9\u3002\" \/>\n<meta name=\"robots\" content=\"index, follow, max-snippet:-1, max-image-preview:large, max-video-preview:-1\" \/>\n<link rel=\"canonical\" href=\"https:\/\/tlmocnik.sk\/cn-cn\/tlmocenie\/\" \/>\n<meta property=\"og:locale\" content=\"zh_CN\" \/>\n<meta property=\"og:type\" content=\"article\" \/>\n<meta property=\"og:title\" content=\"\u89e3\u91cb \u5e03\u62c9\u8fea\u65af\u62c9\u767c - Tlmocnik.sk\" \/>\n<meta property=\"og:description\" content=\"\u89e3\u91cb\u5e03\u62c9\u8fea\u65af\u62c9\u767c\u3002 \u6211\u516c\u53f8\u6703\u5728\u5404\u7a2e\u8ac7\u5224\u3001\u6703\u8b70\u3001\u8b1b\u5ea7\u7b49\u5834\u5408\u70ba\u60a8\u63d0\u4f9b\u53e3\u8b6f\u670d\u52d9\u3002\" \/>\n<meta property=\"og:url\" content=\"https:\/\/tlmocnik.sk\/cn-cn\/tlmocenie\/\" \/>\n<meta property=\"og:site_name\" content=\"Tlmocnik.sk\" \/>\n<meta property=\"article:modified_time\" content=\"2022-12-16T10:42:19+00:00\" \/>\n<meta property=\"og:image\" content=\"https:\/\/tlmocnik.sk\/cn-cn\/wp-content\/uploads\/2021\/06\/tlmocnicka11.jpg\" \/>\n<meta name=\"twitter:card\" content=\"summary_large_image\" \/>\n<script type=\"application\/ld+json\" class=\"yoast-schema-graph\">{\"@context\":\"https:\/\/schema.org\",\"@graph\":[{\"@type\":\"WebSite\",\"@id\":\"https:\/\/tlmocnik.sk\/cn-cn\/#website\",\"url\":\"https:\/\/tlmocnik.sk\/cn-cn\/\",\"name\":\"Tlmocnik.sk\",\"description\":\"\",\"potentialAction\":[{\"@type\":\"SearchAction\",\"target\":{\"@type\":\"EntryPoint\",\"urlTemplate\":\"https:\/\/tlmocnik.sk\/cn-cn\/?s={search_term_string}\"},\"query-input\":\"required name=search_term_string\"}],\"inLanguage\":\"zh-Hans\"},{\"@type\":\"ImageObject\",\"@id\":\"https:\/\/tlmocnik.sk\/cn-cn\/tlmocenie\/#primaryimage\",\"inLanguage\":\"zh-Hans\",\"url\":\"https:\/\/tlmocnik.sk\/cn-cn\/wp-content\/uploads\/2021\/06\/tlmocnicka11.jpg\",\"contentUrl\":\"https:\/\/tlmocnik.sk\/cn-cn\/wp-content\/uploads\/2021\/06\/tlmocnicka11.jpg\",\"width\":637,\"height\":582},{\"@type\":\"WebPage\",\"@id\":\"https:\/\/tlmocnik.sk\/cn-cn\/tlmocenie\/#webpage\",\"url\":\"https:\/\/tlmocnik.sk\/cn-cn\/tlmocenie\/\",\"name\":\"\\u89e3\\u91cb \\u5e03\\u62c9\\u8fea\\u65af\\u62c9\\u767c - Tlmocnik.sk\",\"isPartOf\":{\"@id\":\"https:\/\/tlmocnik.sk\/cn-cn\/#website\"},\"primaryImageOfPage\":{\"@id\":\"https:\/\/tlmocnik.sk\/cn-cn\/tlmocenie\/#primaryimage\"},\"datePublished\":\"2021-06-07T16:18:44+00:00\",\"dateModified\":\"2022-12-16T10:42:19+00:00\",\"description\":\"\\u89e3\\u91cb\\u5e03\\u62c9\\u8fea\\u65af\\u62c9\\u767c\\u3002 \\u6211\\u516c\\u53f8\\u6703\\u5728\\u5404\\u7a2e\\u8ac7\\u5224\\u3001\\u6703\\u8b70\\u3001\\u8b1b\\u5ea7\\u7b49\\u5834\\u5408\\u70ba\\u60a8\\u63d0\\u4f9b\\u53e3\\u8b6f\\u670d\\u52d9\\u3002\",\"breadcrumb\":{\"@id\":\"https:\/\/tlmocnik.sk\/cn-cn\/tlmocenie\/#breadcrumb\"},\"inLanguage\":\"zh-Hans\",\"potentialAction\":[{\"@type\":\"ReadAction\",\"target\":[\"https:\/\/tlmocnik.sk\/cn-cn\/tlmocenie\/\"]}]},{\"@type\":\"BreadcrumbList\",\"@id\":\"https:\/\/tlmocnik.sk\/cn-cn\/tlmocenie\/#breadcrumb\",\"itemListElement\":[{\"@type\":\"ListItem\",\"position\":1,\"name\":\"Home\",\"item\":\"https:\/\/tlmocnik.sk\/cn-cn\/\"},{\"@type\":\"ListItem\",\"position\":2,\"name\":\"\\u89e3\\u91cb\"}]}]}<\/script>\n<!-- \/ Yoast SEO plugin. -->","yoast_head_json":{"title":"\u89e3\u91cb \u5e03\u62c9\u8fea\u65af\u62c9\u767c - Tlmocnik.sk","description":"\u89e3\u91cb\u5e03\u62c9\u8fea\u65af\u62c9\u767c\u3002 \u6211\u516c\u53f8\u6703\u5728\u5404\u7a2e\u8ac7\u5224\u3001\u6703\u8b70\u3001\u8b1b\u5ea7\u7b49\u5834\u5408\u70ba\u60a8\u63d0\u4f9b\u53e3\u8b6f\u670d\u52d9\u3002","robots":{"index":"index","follow":"follow","max-snippet":"max-snippet:-1","max-image-preview":"max-image-preview:large","max-video-preview":"max-video-preview:-1"},"canonical":"https:\/\/tlmocnik.sk\/cn-cn\/tlmocenie\/","og_locale":"zh_CN","og_type":"article","og_title":"\u89e3\u91cb \u5e03\u62c9\u8fea\u65af\u62c9\u767c - Tlmocnik.sk","og_description":"\u89e3\u91cb\u5e03\u62c9\u8fea\u65af\u62c9\u767c\u3002 \u6211\u516c\u53f8\u6703\u5728\u5404\u7a2e\u8ac7\u5224\u3001\u6703\u8b70\u3001\u8b1b\u5ea7\u7b49\u5834\u5408\u70ba\u60a8\u63d0\u4f9b\u53e3\u8b6f\u670d\u52d9\u3002","og_url":"https:\/\/tlmocnik.sk\/cn-cn\/tlmocenie\/","og_site_name":"Tlmocnik.sk","article_modified_time":"2022-12-16T10:42:19+00:00","og_image":[{"url":"https:\/\/tlmocnik.sk\/cn-cn\/wp-content\/uploads\/2021\/06\/tlmocnicka11.jpg"}],"twitter_card":"summary_large_image","schema":{"@context":"https:\/\/schema.org","@graph":[{"@type":"WebSite","@id":"https:\/\/tlmocnik.sk\/cn-cn\/#website","url":"https:\/\/tlmocnik.sk\/cn-cn\/","name":"Tlmocnik.sk","description":"","potentialAction":[{"@type":"SearchAction","target":{"@type":"EntryPoint","urlTemplate":"https:\/\/tlmocnik.sk\/cn-cn\/?s={search_term_string}"},"query-input":"required name=search_term_string"}],"inLanguage":"zh-Hans"},{"@type":"ImageObject","@id":"https:\/\/tlmocnik.sk\/cn-cn\/tlmocenie\/#primaryimage","inLanguage":"zh-Hans","url":"https:\/\/tlmocnik.sk\/cn-cn\/wp-content\/uploads\/2021\/06\/tlmocnicka11.jpg","contentUrl":"https:\/\/tlmocnik.sk\/cn-cn\/wp-content\/uploads\/2021\/06\/tlmocnicka11.jpg","width":637,"height":582},{"@type":"WebPage","@id":"https:\/\/tlmocnik.sk\/cn-cn\/tlmocenie\/#webpage","url":"https:\/\/tlmocnik.sk\/cn-cn\/tlmocenie\/","name":"\u89e3\u91cb \u5e03\u62c9\u8fea\u65af\u62c9\u767c - Tlmocnik.sk","isPartOf":{"@id":"https:\/\/tlmocnik.sk\/cn-cn\/#website"},"primaryImageOfPage":{"@id":"https:\/\/tlmocnik.sk\/cn-cn\/tlmocenie\/#primaryimage"},"datePublished":"2021-06-07T16:18:44+00:00","dateModified":"2022-12-16T10:42:19+00:00","description":"\u89e3\u91cb\u5e03\u62c9\u8fea\u65af\u62c9\u767c\u3002 \u6211\u516c\u53f8\u6703\u5728\u5404\u7a2e\u8ac7\u5224\u3001\u6703\u8b70\u3001\u8b1b\u5ea7\u7b49\u5834\u5408\u70ba\u60a8\u63d0\u4f9b\u53e3\u8b6f\u670d\u52d9\u3002","breadcrumb":{"@id":"https:\/\/tlmocnik.sk\/cn-cn\/tlmocenie\/#breadcrumb"},"inLanguage":"zh-Hans","potentialAction":[{"@type":"ReadAction","target":["https:\/\/tlmocnik.sk\/cn-cn\/tlmocenie\/"]}]},{"@type":"BreadcrumbList","@id":"https:\/\/tlmocnik.sk\/cn-cn\/tlmocenie\/#breadcrumb","itemListElement":[{"@type":"ListItem","position":1,"name":"Home","item":"https:\/\/tlmocnik.sk\/cn-cn\/"},{"@type":"ListItem","position":2,"name":"\u89e3\u91cb"}]}]}},"_links":{"self":[{"href":"https:\/\/tlmocnik.sk\/cn-cn\/wp-json\/wp\/v2\/pages\/9037","targetHints":{"allow":["GET"]}}],"collection":[{"href":"https:\/\/tlmocnik.sk\/cn-cn\/wp-json\/wp\/v2\/pages"}],"about":[{"href":"https:\/\/tlmocnik.sk\/cn-cn\/wp-json\/wp\/v2\/types\/page"}],"author":[{"embeddable":true,"href":"https:\/\/tlmocnik.sk\/cn-cn\/wp-json\/wp\/v2\/users\/1"}],"replies":[{"embeddable":true,"href":"https:\/\/tlmocnik.sk\/cn-cn\/wp-json\/wp\/v2\/comments?post=9037"}],"version-history":[{"count":33,"href":"https:\/\/tlmocnik.sk\/cn-cn\/wp-json\/wp\/v2\/pages\/9037\/revisions"}],"predecessor-version":[{"id":9621,"href":"https:\/\/tlmocnik.sk\/cn-cn\/wp-json\/wp\/v2\/pages\/9037\/revisions\/9621"}],"wp:attachment":[{"href":"https:\/\/tlmocnik.sk\/cn-cn\/wp-json\/wp\/v2\/media?parent=9037"}],"curies":[{"name":"wp","href":"https:\/\/api.w.org\/{rel}","templated":true}]}}