{"id":9026,"date":"2021-06-07T16:50:03","date_gmt":"2021-06-07T14:50:03","guid":{"rendered":"https:\/\/tlmocnik.sk\/de\/?page_id=9026"},"modified":"2022-12-16T09:57:49","modified_gmt":"2022-12-16T08:57:49","slug":"uberprufung-von-dokumenten","status":"publish","type":"page","link":"https:\/\/tlmocnik.sk\/de\/uberprufung-von-dokumenten\/","title":{"rendered":"\u00dcberpr\u00fcfung von Dokumenten"},"content":{"rendered":"\t\t<div data-elementor-type=\"wp-page\" data-elementor-id=\"9026\" class=\"elementor elementor-9026\">\n\t\t\t\t\t\t<div class=\"elementor-inner\">\n\t\t\t\t<div class=\"elementor-section-wrap\">\n\t\t\t\t\t\t\t\t\t<section class=\"elementor-section elementor-top-section elementor-element elementor-element-19240faa elementor-section-boxed elementor-section-height-default elementor-section-height-default\" data-id=\"19240faa\" data-element_type=\"section\">\n\t\t\t\t\t\t<div class=\"elementor-container elementor-column-gap-extended\">\n\t\t\t\t\t\t\t<div class=\"elementor-row\">\n\t\t\t\t\t<div class=\"elementor-column elementor-col-100 elementor-top-column elementor-element elementor-element-5777ad42\" data-id=\"5777ad42\" data-element_type=\"column\">\n\t\t\t<div class=\"elementor-column-wrap elementor-element-populated\">\n\t\t\t\t\t\t\t<div class=\"elementor-widget-wrap\">\n\t\t\t\t\t\t<div class=\"elementor-element elementor-element-6ab72f98 elementor-widget elementor-widget-spacer\" data-id=\"6ab72f98\" data-element_type=\"widget\" data-widget_type=\"spacer.default\">\n\t\t\t\t<div class=\"elementor-widget-container\">\n\t\t\t\t\t<div class=\"elementor-spacer\">\n\t\t\t<div class=\"elementor-spacer-inner\"><\/div>\n\t\t<\/div>\n\t\t\t\t<\/div>\n\t\t\t\t<\/div>\n\t\t\t\t<section class=\"elementor-section elementor-inner-section elementor-element elementor-element-17696d8f elementor-section-boxed elementor-section-height-default elementor-section-height-default\" data-id=\"17696d8f\" data-element_type=\"section\">\n\t\t\t\t\t\t<div class=\"elementor-container elementor-column-gap-default\">\n\t\t\t\t\t\t\t<div class=\"elementor-row\">\n\t\t\t\t\t<div class=\"elementor-column elementor-col-33 elementor-inner-column elementor-element elementor-element-3d4ada52\" data-id=\"3d4ada52\" data-element_type=\"column\">\n\t\t\t<div class=\"elementor-column-wrap elementor-element-populated\">\n\t\t\t\t\t\t\t<div class=\"elementor-widget-wrap\">\n\t\t\t\t\t\t<div class=\"elementor-element-custom_font_size elementor-element-custom_font_weight elementor-element elementor-element-2f5aec35 elementor-widget elementor-widget-text-editor\" data-id=\"2f5aec35\" data-element_type=\"widget\" data-widget_type=\"text-editor.default\">\n\t\t\t\t<div class=\"elementor-widget-container\">\n\t\t\t\t\t\t\t\t<div class=\"elementor-text-editor elementor-clearfix\">\n\t\t\t\t<h5>\u00dcberpr\u00fcfung von Dokumenten<\/h5>\t\t\t\t\t<\/div>\n\t\t\t\t\t\t<\/div>\n\t\t\t\t<\/div>\n\t\t\t\t<div class=\"elementor-element elementor-element-7eeda935 elementor-widget elementor-widget-heading\" data-id=\"7eeda935\" data-element_type=\"widget\" data-widget_type=\"heading.default\">\n\t\t\t\t<div class=\"elementor-widget-container\">\n\t\t\t<h2 class=\"elementor-heading-title elementor-size-default\">Alle Arten von Dokumenten<\/h2>\t\t<\/div>\n\t\t\t\t<\/div>\n\t\t\t\t<div class=\"elementor-element elementor-element-61ef3df8 elementor-widget elementor-widget-spacer\" data-id=\"61ef3df8\" data-element_type=\"widget\" data-widget_type=\"spacer.default\">\n\t\t\t\t<div class=\"elementor-widget-container\">\n\t\t\t\t\t<div class=\"elementor-spacer\">\n\t\t\t<div class=\"elementor-spacer-inner\"><\/div>\n\t\t<\/div>\n\t\t\t\t<\/div>\n\t\t\t\t<\/div>\n\t\t\t\t<div class=\"gt3-core-button--alignment_left elementor-element elementor-element-573facd7 elementor-widget elementor-widget-gt3-core-button\" data-id=\"573facd7\" data-element_type=\"widget\" data-widget_type=\"gt3-core-button.default\">\n\t\t\t\t<div class=\"elementor-widget-container\">\n\t\t\t\t<div class=\"gt3_module_button_elementor size_custom alignment_left button_icon_none hover_type5 rounded\">\r\n\t\t<a class=\"button_size_elementor_custom alignment_left border_icon_none hover_type5 btn_icon_position_left\" href=\"https:\/\/tlmocnik.sk\/de\/kontakt\/\">\r\n\t\t\t\t<span class=\"gt3_module_button__container\">\r\n\t\t\t\t\t\t\t\t\t\t\t<span class=\"elementor_gt3_btn_text\">Kontakt<\/span>\t\t\t\t\t\t<span class=\"gt3_module_button__cover front\"><\/span>\r\n\t\t\t\t\t\t<span class=\"gt3_module_button__cover back\"><\/span>\r\n\t\t\t\t\t\t\t\t\t<\/span>\r\n\t\t<\/a>\r\n\t<\/div>\r\n\r\n<script type=\"application\/json\" id=\"settings--573facd7\">[]<\/script>\t\t<\/div>\n\t\t\t\t<\/div>\n\t\t\t\t<div class=\"elementor-element elementor-element-4d1118d3 elementor-widget elementor-widget-image\" data-id=\"4d1118d3\" data-element_type=\"widget\" data-widget_type=\"image.default\">\n\t\t\t\t<div class=\"elementor-widget-container\">\n\t\t\t\t\t\t\t\t<div class=\"elementor-image\">\n\t\t\t\t\t\t\t\t\t\t\t\t<img loading=\"lazy\" decoding=\"async\" width=\"637\" height=\"582\" src=\"https:\/\/tlmocnik.sk\/de\/wp-content\/uploads\/2021\/06\/tlmocnicka11.jpg\" class=\"attachment-full size-full\" alt=\"\" srcset=\"https:\/\/tlmocnik.sk\/de\/wp-content\/uploads\/2021\/06\/tlmocnicka11.jpg 637w, https:\/\/tlmocnik.sk\/de\/wp-content\/uploads\/2021\/06\/tlmocnicka11-300x274.jpg 300w, https:\/\/tlmocnik.sk\/de\/wp-content\/uploads\/2021\/06\/tlmocnicka11-480x439.jpg 480w\" sizes=\"auto, (max-width: 637px) 100vw, 637px\" title=\"tlmocnicka11\" \/>\t\t\t\t\t\t\t\t\t\t\t\t\t\t<\/div>\n\t\t\t\t\t\t<\/div>\n\t\t\t\t<\/div>\n\t\t\t\t\t\t<\/div>\n\t\t\t\t\t<\/div>\n\t\t<\/div>\n\t\t\t\t<div class=\"elementor-column elementor-col-33 elementor-inner-column elementor-element elementor-element-252e72b7\" data-id=\"252e72b7\" data-element_type=\"column\">\n\t\t\t<div class=\"elementor-column-wrap elementor-element-populated\">\n\t\t\t\t\t\t\t<div class=\"elementor-widget-wrap\">\n\t\t\t\t\t\t<div class=\"elementor-element elementor-element-1d3b0d38 elementor-widget elementor-widget-spacer\" data-id=\"1d3b0d38\" data-element_type=\"widget\" data-widget_type=\"spacer.default\">\n\t\t\t\t<div class=\"elementor-widget-container\">\n\t\t\t\t\t<div class=\"elementor-spacer\">\n\t\t\t<div class=\"elementor-spacer-inner\"><\/div>\n\t\t<\/div>\n\t\t\t\t<\/div>\n\t\t\t\t<\/div>\n\t\t\t\t<div class=\"elementor-element elementor-element-6c443cb2 elementor-widget elementor-widget-text-editor\" data-id=\"6c443cb2\" data-element_type=\"widget\" data-widget_type=\"text-editor.default\">\n\t\t\t\t<div class=\"elementor-widget-container\">\n\t\t\t\t\t\t\t\t<div class=\"elementor-text-editor elementor-clearfix\">\n\t\t\t\t<p>Unser Unternehmen beschafft Ihnen die Beglaubigung von\u00a0 Dokumenten f\u00fcr den\u00a0 Beh\u00f6rdenbedarf kurzfristig zu g\u00fcnstigen Preisen. Wir bieten eine vollst\u00e4ndige \u00dcberpr\u00fcfung aller Arten von Dokumenten, wenn sie im Ausland eingereicht werden.<\/p><p>Beglaubigungen, Ministerialbeglaubigungen, Legalisationen, \u00dcberbeglaubigungen, Apostillen, gerichtliche Beglaubigungen, all das k\u00f6nnen wir Ihnen in der richtigen und gew\u00fcnschten Form zur Verf\u00fcgung stellen. Bei Fragen zur Dokumentenpr\u00fcfung k\u00f6nnen Sie sich gerne <a href=\"https:\/\/tlmocnik.sk\/de\/kontakt\">an uns wenden<\/a>.<\/p><h2>Neukunden haben die M\u00f6glichkeit, ein spezielles Leistungspaket zu nutzen, das Folgendes beinhaltet:<\/h2><p>\u2013\u00a0\u00a0\u00a0\u00a0\u00a0\u00a0\u00a0\u00a0 Geschenk f\u00fcr die erste \u00dcbersetzung<\/p><p>\u2013\u00a0\u00a0\u00a0\u00a0\u00a0\u00a0\u00a0\u00a0\u00a0 Aktivierungsrabatt von 6,5 % auf die aktuelle Preisliste<\/p><p>\u2013\u00a0\u00a0\u00a0\u00a0\u00a0\u00a0\u00a0\u00a0 Zus\u00e4tzlicher Mengenrabatt von 2 % bereits ab der 5. Normostrane<\/p><p>\u2013\u00a0\u00a0\u00a0\u00a0\u00a0\u00a0\u00a0\u00a0 Kostenlose Zustellung der ersten Gerichts\u00fcbersetzung innerhalb Bratislavas per Kurier (bei Barzahlung)<\/p><p>\u2013\u00a0\u00a0\u00a0\u00a0\u00a0\u00a0\u00a0\u00a0\u00a0 Kostenlose und vertrauliche Archivierung von Dokumenten f\u00fcr 2 Jahre<\/p><p>\u2013\u00a0\u00a0\u00a0\u00a0\u00a0\u00a0\u00a0\u00a0\u00a0\u00a0<strong>30\u00a0% Rabatt<\/strong> von der Geb\u00fchr f\u00fcr die Einrichtung h\u00f6herer \u00dcberpr\u00fcfungen<\/p><p>\u2013\u00a0\u00a0\u00a0\u00a0\u00a0\u00a0\u00a0\u00a0 Die M\u00f6glichkeit, eine Bestellung \u00fcber das Internet aufzugeben<\/p><p>\u2013\u00a0\u00a0\u00a0\u00a0\u00a0\u00a0\u00a0\u00a0\u00a0 Die M\u00f6glichkeit von <strong>Online-Chat<\/strong>-Konsultationen<\/p><h2>Neukunden k\u00f6nnen nach und nach in die Kategorie der Treuekunden aufsteigen, denen noch bessere Rabatte gew\u00e4hrt werden<\/h2>\t\t\t\t\t<\/div>\n\t\t\t\t\t\t<\/div>\n\t\t\t\t<\/div>\n\t\t\t\t\t\t<\/div>\n\t\t\t\t\t<\/div>\n\t\t<\/div>\n\t\t\t\t<div class=\"elementor-column elementor-col-33 elementor-inner-column elementor-element elementor-element-73e9e800\" data-id=\"73e9e800\" data-element_type=\"column\">\n\t\t\t<div class=\"elementor-column-wrap\">\n\t\t\t\t\t\t\t<div class=\"elementor-widget-wrap\">\n\t\t\t\t\t\t\t\t<\/div>\n\t\t\t\t\t<\/div>\n\t\t<\/div>\n\t\t\t\t\t\t\t\t<\/div>\n\t\t\t\t\t<\/div>\n\t\t<\/section>\n\t\t\t\t\t\t<\/div>\n\t\t\t\t\t<\/div>\n\t\t<\/div>\n\t\t\t\t\t\t\t\t<\/div>\n\t\t\t\t\t<\/div>\n\t\t<\/section>\n\t\t\t\t<section class=\"elementor-section elementor-top-section elementor-element elementor-element-6b230bef elementor-section-boxed elementor-section-height-default elementor-section-height-default\" data-id=\"6b230bef\" data-element_type=\"section\" data-settings=\"{&quot;background_background&quot;:&quot;classic&quot;}\">\n\t\t\t\t\t\t<div class=\"elementor-container elementor-column-gap-extended\">\n\t\t\t\t\t\t\t<div class=\"elementor-row\">\n\t\t\t\t\t<div class=\"elementor-column elementor-col-50 elementor-top-column elementor-element elementor-element-62f44268\" data-id=\"62f44268\" data-element_type=\"column\">\n\t\t\t<div class=\"elementor-column-wrap elementor-element-populated\">\n\t\t\t\t\t\t\t<div class=\"elementor-widget-wrap\">\n\t\t\t\t\t\t<div class=\"elementor-element elementor-element-21422ea5 elementor-widget elementor-widget-spacer\" data-id=\"21422ea5\" data-element_type=\"widget\" data-widget_type=\"spacer.default\">\n\t\t\t\t<div class=\"elementor-widget-container\">\n\t\t\t\t\t<div class=\"elementor-spacer\">\n\t\t\t<div class=\"elementor-spacer-inner\"><\/div>\n\t\t<\/div>\n\t\t\t\t<\/div>\n\t\t\t\t<\/div>\n\t\t\t\t<div class=\"elementor-element elementor-element-67008830 elementor-widget elementor-widget-image\" data-id=\"67008830\" data-element_type=\"widget\" data-widget_type=\"image.default\">\n\t\t\t\t<div class=\"elementor-widget-container\">\n\t\t\t\t\t\t\t\t<div class=\"elementor-image\">\n\t\t\t\t\t\t\t\t\t\t\t\t<img loading=\"lazy\" decoding=\"async\" width=\"637\" height=\"580\" src=\"https:\/\/tlmocnik.sk\/de\/wp-content\/uploads\/2021\/06\/girl-with_phone1.jpg\" class=\"attachment-full size-full\" alt=\"\" srcset=\"https:\/\/tlmocnik.sk\/de\/wp-content\/uploads\/2021\/06\/girl-with_phone1.jpg 637w, https:\/\/tlmocnik.sk\/de\/wp-content\/uploads\/2021\/06\/girl-with_phone1-300x273.jpg 300w, https:\/\/tlmocnik.sk\/de\/wp-content\/uploads\/2021\/06\/girl-with_phone1-480x437.jpg 480w\" sizes=\"auto, (max-width: 637px) 100vw, 637px\" title=\"girl-with_phone1\" \/>\t\t\t\t\t\t\t\t\t\t\t\t\t\t<\/div>\n\t\t\t\t\t\t<\/div>\n\t\t\t\t<\/div>\n\t\t\t\t\t\t<\/div>\n\t\t\t\t\t<\/div>\n\t\t<\/div>\n\t\t\t\t<div class=\"elementor-column elementor-col-50 elementor-top-column elementor-element elementor-element-f82e1ed\" data-id=\"f82e1ed\" data-element_type=\"column\">\n\t\t\t<div class=\"elementor-column-wrap elementor-element-populated\">\n\t\t\t\t\t\t\t<div class=\"elementor-widget-wrap\">\n\t\t\t\t\t\t<div class=\"elementor-element elementor-element-3aef0cff elementor-widget elementor-widget-spacer\" data-id=\"3aef0cff\" data-element_type=\"widget\" data-widget_type=\"spacer.default\">\n\t\t\t\t<div class=\"elementor-widget-container\">\n\t\t\t\t\t<div class=\"elementor-spacer\">\n\t\t\t<div class=\"elementor-spacer-inner\"><\/div>\n\t\t<\/div>\n\t\t\t\t<\/div>\n\t\t\t\t<\/div>\n\t\t\t\t<div class=\"elementor-element-custom_font_size elementor-element-custom_font_weight elementor-element elementor-element-60d734ab elementor-widget elementor-widget-text-editor\" data-id=\"60d734ab\" data-element_type=\"widget\" data-widget_type=\"text-editor.default\">\n\t\t\t\t<div class=\"elementor-widget-container\">\n\t\t\t\t\t\t\t\t<div class=\"elementor-text-editor elementor-clearfix\">\n\t\t\t\t<h5>\u00dcberpr\u00fcfung von Dokumenten<\/h5>\t\t\t\t\t<\/div>\n\t\t\t\t\t\t<\/div>\n\t\t\t\t<\/div>\n\t\t\t\t<div class=\"elementor-element elementor-element-492deec elementor-widget elementor-widget-heading\" data-id=\"492deec\" data-element_type=\"widget\" data-widget_type=\"heading.default\">\n\t\t\t\t<div class=\"elementor-widget-container\">\n\t\t\t<h2 class=\"elementor-heading-title elementor-size-default\">Sie k\u00f6nnen sich nicht entscheiden?<\/h2>\t\t<\/div>\n\t\t\t\t<\/div>\n\t\t\t\t<div class=\"elementor-element elementor-element-301a979b elementor-widget elementor-widget-text-editor\" data-id=\"301a979b\" data-element_type=\"widget\" data-widget_type=\"text-editor.default\">\n\t\t\t\t<div class=\"elementor-widget-container\">\n\t\t\t\t\t\t\t\t<div class=\"elementor-text-editor elementor-clearfix\">\n\t\t\t\t<p>Wenn Sie sich nicht sicher sind, welchen Service Sie ben\u00f6tigen, kontaktieren Sie uns und wir finden den besten f\u00fcr Sie.<\/p>\t\t\t\t\t<\/div>\n\t\t\t\t\t\t<\/div>\n\t\t\t\t<\/div>\n\t\t\t\t<div class=\"elementor-element elementor-element-706b3b8a elementor-widget elementor-widget-spacer\" data-id=\"706b3b8a\" data-element_type=\"widget\" data-widget_type=\"spacer.default\">\n\t\t\t\t<div class=\"elementor-widget-container\">\n\t\t\t\t\t<div class=\"elementor-spacer\">\n\t\t\t<div class=\"elementor-spacer-inner\"><\/div>\n\t\t<\/div>\n\t\t\t\t<\/div>\n\t\t\t\t<\/div>\n\t\t\t\t<div class=\"gt3-core-button--alignment_left elementor-element elementor-element-2207b87c elementor-widget elementor-widget-gt3-core-button\" data-id=\"2207b87c\" data-element_type=\"widget\" data-widget_type=\"gt3-core-button.default\">\n\t\t\t\t<div class=\"elementor-widget-container\">\n\t\t\t\t<div class=\"gt3_module_button_elementor size_custom alignment_left button_icon_none hover_type5 rounded\">\r\n\t\t<a class=\"button_size_elementor_custom alignment_left border_icon_none hover_type5 btn_icon_position_left\" href=\"https:\/\/tlmocnik.sk\/de\/kontakt\/\">\r\n\t\t\t\t<span class=\"gt3_module_button__container\">\r\n\t\t\t\t\t\t\t\t\t\t\t<span class=\"elementor_gt3_btn_text\">Kontakt<\/span>\t\t\t\t\t\t<span class=\"gt3_module_button__cover front\"><\/span>\r\n\t\t\t\t\t\t<span class=\"gt3_module_button__cover back\"><\/span>\r\n\t\t\t\t\t\t\t\t\t<\/span>\r\n\t\t<\/a>\r\n\t<\/div>\r\n\r\n<script type=\"application\/json\" id=\"settings--2207b87c\">[]<\/script>\t\t<\/div>\n\t\t\t\t<\/div>\n\t\t\t\t<div class=\"elementor-element elementor-element-6b8af006 elementor-widget elementor-widget-spacer\" data-id=\"6b8af006\" data-element_type=\"widget\" data-widget_type=\"spacer.default\">\n\t\t\t\t<div class=\"elementor-widget-container\">\n\t\t\t\t\t<div class=\"elementor-spacer\">\n\t\t\t<div class=\"elementor-spacer-inner\"><\/div>\n\t\t<\/div>\n\t\t\t\t<\/div>\n\t\t\t\t<\/div>\n\t\t\t\t\t\t<\/div>\n\t\t\t\t\t<\/div>\n\t\t<\/div>\n\t\t\t\t\t\t\t\t<\/div>\n\t\t\t\t\t<\/div>\n\t\t<\/section>\n\t\t\t\t\t\t\t\t\t<\/div>\n\t\t\t<\/div>\n\t\t\t\t\t<\/div>\n\t\t","protected":false},"excerpt":{"rendered":"<p>\u00dcberpr\u00fcfung von Dokumenten Alle Arten von Dokumenten Kontakt Unser Unternehmen beschafft Ihnen die Beglaubigung von\u00a0 Dokumenten f\u00fcr den\u00a0 Beh\u00f6rdenbedarf kurzfristig zu g\u00fcnstigen Preisen. Wir bieten eine vollst\u00e4ndige \u00dcberpr\u00fcfung aller Arten von Dokumenten, wenn sie im Ausland eingereicht werden. Beglaubigungen, Ministerialbeglaubigungen, Legalisationen, \u00dcberbeglaubigungen, Apostillen, gerichtliche Beglaubigungen, all das k\u00f6nnen wir Ihnen in der richtigen und gew\u00fcnschten [&hellip;]<\/p>\n","protected":false},"author":1,"featured_media":0,"parent":0,"menu_order":0,"comment_status":"closed","ping_status":"closed","template":"","meta":{"footnotes":""},"class_list":["post-9026","page","type-page","status-publish","hentry"],"yoast_head":"<!-- This site is optimized with the Yoast SEO plugin v17.4 - https:\/\/yoast.com\/wordpress\/plugins\/seo\/ -->\n<title>\u00dcberpr\u00fcfung von Dokumenten Bratislava - Tlmocnik.sk<\/title>\n<meta name=\"description\" content=\"\u00dcberpr\u00fcfung von Dokumenten Bratislava. Wir bieten Ihnen die \u00dcberpr\u00fcfung von Dokumenten f\u00fcr verschiedene Bed\u00fcrfnisse in...\" \/>\n<meta name=\"robots\" content=\"index, follow, max-snippet:-1, max-image-preview:large, max-video-preview:-1\" \/>\n<link rel=\"canonical\" href=\"https:\/\/tlmocnik.sk\/de\/uberprufung-von-dokumenten\/\" \/>\n<meta property=\"og:locale\" content=\"de_DE\" \/>\n<meta property=\"og:type\" content=\"article\" \/>\n<meta property=\"og:title\" content=\"\u00dcberpr\u00fcfung von Dokumenten Bratislava - Tlmocnik.sk\" \/>\n<meta property=\"og:description\" content=\"\u00dcberpr\u00fcfung von Dokumenten Bratislava. Wir bieten Ihnen die \u00dcberpr\u00fcfung von Dokumenten f\u00fcr verschiedene Bed\u00fcrfnisse in...\" \/>\n<meta property=\"og:url\" content=\"https:\/\/tlmocnik.sk\/de\/uberprufung-von-dokumenten\/\" \/>\n<meta property=\"og:site_name\" content=\"Tlmocnik.sk\" \/>\n<meta property=\"article:modified_time\" content=\"2022-12-16T08:57:49+00:00\" \/>\n<meta property=\"og:image\" content=\"https:\/\/tlmocnik.sk\/de\/wp-content\/uploads\/2021\/06\/tlmocnicka11.jpg\" \/>\n<meta name=\"twitter:card\" content=\"summary_large_image\" \/>\n<meta name=\"twitter:label1\" content=\"Gesch\u00e4tzte Lesezeit\" \/>\n\t<meta name=\"twitter:data1\" content=\"2\u00a0Minuten\" \/>\n<script type=\"application\/ld+json\" class=\"yoast-schema-graph\">{\"@context\":\"https:\/\/schema.org\",\"@graph\":[{\"@type\":\"WebSite\",\"@id\":\"https:\/\/tlmocnik.sk\/de\/#website\",\"url\":\"https:\/\/tlmocnik.sk\/de\/\",\"name\":\"Tlmocnik.sk\",\"description\":\"\",\"potentialAction\":[{\"@type\":\"SearchAction\",\"target\":{\"@type\":\"EntryPoint\",\"urlTemplate\":\"https:\/\/tlmocnik.sk\/de\/?s={search_term_string}\"},\"query-input\":\"required name=search_term_string\"}],\"inLanguage\":\"de\"},{\"@type\":\"ImageObject\",\"@id\":\"https:\/\/tlmocnik.sk\/de\/uberprufung-von-dokumenten\/#primaryimage\",\"inLanguage\":\"de\",\"url\":\"https:\/\/tlmocnik.sk\/de\/wp-content\/uploads\/2021\/06\/tlmocnicka11.jpg\",\"contentUrl\":\"https:\/\/tlmocnik.sk\/de\/wp-content\/uploads\/2021\/06\/tlmocnicka11.jpg\",\"width\":637,\"height\":582},{\"@type\":\"WebPage\",\"@id\":\"https:\/\/tlmocnik.sk\/de\/uberprufung-von-dokumenten\/#webpage\",\"url\":\"https:\/\/tlmocnik.sk\/de\/uberprufung-von-dokumenten\/\",\"name\":\"\\u00dcberpr\\u00fcfung von Dokumenten Bratislava - Tlmocnik.sk\",\"isPartOf\":{\"@id\":\"https:\/\/tlmocnik.sk\/de\/#website\"},\"primaryImageOfPage\":{\"@id\":\"https:\/\/tlmocnik.sk\/de\/uberprufung-von-dokumenten\/#primaryimage\"},\"datePublished\":\"2021-06-07T14:50:03+00:00\",\"dateModified\":\"2022-12-16T08:57:49+00:00\",\"description\":\"\\u00dcberpr\\u00fcfung von Dokumenten Bratislava. Wir bieten Ihnen die \\u00dcberpr\\u00fcfung von Dokumenten f\\u00fcr verschiedene Bed\\u00fcrfnisse in...\",\"breadcrumb\":{\"@id\":\"https:\/\/tlmocnik.sk\/de\/uberprufung-von-dokumenten\/#breadcrumb\"},\"inLanguage\":\"de\",\"potentialAction\":[{\"@type\":\"ReadAction\",\"target\":[\"https:\/\/tlmocnik.sk\/de\/uberprufung-von-dokumenten\/\"]}]},{\"@type\":\"BreadcrumbList\",\"@id\":\"https:\/\/tlmocnik.sk\/de\/uberprufung-von-dokumenten\/#breadcrumb\",\"itemListElement\":[{\"@type\":\"ListItem\",\"position\":1,\"name\":\"Home\",\"item\":\"https:\/\/tlmocnik.sk\/de\/\"},{\"@type\":\"ListItem\",\"position\":2,\"name\":\"\\u00dcberpr\\u00fcfung von Dokumenten\"}]}]}<\/script>\n<!-- \/ Yoast SEO plugin. -->","yoast_head_json":{"title":"\u00dcberpr\u00fcfung von Dokumenten Bratislava - Tlmocnik.sk","description":"\u00dcberpr\u00fcfung von Dokumenten Bratislava. Wir bieten Ihnen die \u00dcberpr\u00fcfung von Dokumenten f\u00fcr verschiedene Bed\u00fcrfnisse in...","robots":{"index":"index","follow":"follow","max-snippet":"max-snippet:-1","max-image-preview":"max-image-preview:large","max-video-preview":"max-video-preview:-1"},"canonical":"https:\/\/tlmocnik.sk\/de\/uberprufung-von-dokumenten\/","og_locale":"de_DE","og_type":"article","og_title":"\u00dcberpr\u00fcfung von Dokumenten Bratislava - Tlmocnik.sk","og_description":"\u00dcberpr\u00fcfung von Dokumenten Bratislava. Wir bieten Ihnen die \u00dcberpr\u00fcfung von Dokumenten f\u00fcr verschiedene Bed\u00fcrfnisse in...","og_url":"https:\/\/tlmocnik.sk\/de\/uberprufung-von-dokumenten\/","og_site_name":"Tlmocnik.sk","article_modified_time":"2022-12-16T08:57:49+00:00","og_image":[{"url":"https:\/\/tlmocnik.sk\/de\/wp-content\/uploads\/2021\/06\/tlmocnicka11.jpg"}],"twitter_card":"summary_large_image","twitter_misc":{"Gesch\u00e4tzte Lesezeit":"2\u00a0Minuten"},"schema":{"@context":"https:\/\/schema.org","@graph":[{"@type":"WebSite","@id":"https:\/\/tlmocnik.sk\/de\/#website","url":"https:\/\/tlmocnik.sk\/de\/","name":"Tlmocnik.sk","description":"","potentialAction":[{"@type":"SearchAction","target":{"@type":"EntryPoint","urlTemplate":"https:\/\/tlmocnik.sk\/de\/?s={search_term_string}"},"query-input":"required name=search_term_string"}],"inLanguage":"de"},{"@type":"ImageObject","@id":"https:\/\/tlmocnik.sk\/de\/uberprufung-von-dokumenten\/#primaryimage","inLanguage":"de","url":"https:\/\/tlmocnik.sk\/de\/wp-content\/uploads\/2021\/06\/tlmocnicka11.jpg","contentUrl":"https:\/\/tlmocnik.sk\/de\/wp-content\/uploads\/2021\/06\/tlmocnicka11.jpg","width":637,"height":582},{"@type":"WebPage","@id":"https:\/\/tlmocnik.sk\/de\/uberprufung-von-dokumenten\/#webpage","url":"https:\/\/tlmocnik.sk\/de\/uberprufung-von-dokumenten\/","name":"\u00dcberpr\u00fcfung von Dokumenten Bratislava - Tlmocnik.sk","isPartOf":{"@id":"https:\/\/tlmocnik.sk\/de\/#website"},"primaryImageOfPage":{"@id":"https:\/\/tlmocnik.sk\/de\/uberprufung-von-dokumenten\/#primaryimage"},"datePublished":"2021-06-07T14:50:03+00:00","dateModified":"2022-12-16T08:57:49+00:00","description":"\u00dcberpr\u00fcfung von Dokumenten Bratislava. Wir bieten Ihnen die \u00dcberpr\u00fcfung von Dokumenten f\u00fcr verschiedene Bed\u00fcrfnisse in...","breadcrumb":{"@id":"https:\/\/tlmocnik.sk\/de\/uberprufung-von-dokumenten\/#breadcrumb"},"inLanguage":"de","potentialAction":[{"@type":"ReadAction","target":["https:\/\/tlmocnik.sk\/de\/uberprufung-von-dokumenten\/"]}]},{"@type":"BreadcrumbList","@id":"https:\/\/tlmocnik.sk\/de\/uberprufung-von-dokumenten\/#breadcrumb","itemListElement":[{"@type":"ListItem","position":1,"name":"Home","item":"https:\/\/tlmocnik.sk\/de\/"},{"@type":"ListItem","position":2,"name":"\u00dcberpr\u00fcfung von Dokumenten"}]}]}},"_links":{"self":[{"href":"https:\/\/tlmocnik.sk\/de\/wp-json\/wp\/v2\/pages\/9026","targetHints":{"allow":["GET"]}}],"collection":[{"href":"https:\/\/tlmocnik.sk\/de\/wp-json\/wp\/v2\/pages"}],"about":[{"href":"https:\/\/tlmocnik.sk\/de\/wp-json\/wp\/v2\/types\/page"}],"author":[{"embeddable":true,"href":"https:\/\/tlmocnik.sk\/de\/wp-json\/wp\/v2\/users\/1"}],"replies":[{"embeddable":true,"href":"https:\/\/tlmocnik.sk\/de\/wp-json\/wp\/v2\/comments?post=9026"}],"version-history":[{"count":27,"href":"https:\/\/tlmocnik.sk\/de\/wp-json\/wp\/v2\/pages\/9026\/revisions"}],"predecessor-version":[{"id":9628,"href":"https:\/\/tlmocnik.sk\/de\/wp-json\/wp\/v2\/pages\/9026\/revisions\/9628"}],"wp:attachment":[{"href":"https:\/\/tlmocnik.sk\/de\/wp-json\/wp\/v2\/media?parent=9026"}],"curies":[{"name":"wp","href":"https:\/\/api.w.org\/{rel}","templated":true}]}}