{"id":889,"date":"2019-07-24T07:05:52","date_gmt":"2019-07-24T07:05:52","guid":{"rendered":"https:\/\/livewp.site\/wp\/md\/ewebot\/smm-services\/"},"modified":"2022-12-19T11:31:30","modified_gmt":"2022-12-19T10:31:30","slug":"traducciones-de-documentos","status":"publish","type":"page","link":"https:\/\/tlmocnik.sk\/es\/traducciones-de-documentos\/","title":{"rendered":"Traducciones de documentos"},"content":{"rendered":"\t\t<div data-elementor-type=\"wp-page\" data-elementor-id=\"889\" class=\"elementor elementor-889\">\n\t\t\t\t\t\t<div class=\"elementor-inner\">\n\t\t\t\t<div class=\"elementor-section-wrap\">\n\t\t\t\t\t\t\t\t\t<section class=\"elementor-section elementor-top-section elementor-element elementor-element-d58e448 elementor-section-boxed elementor-section-height-default elementor-section-height-default\" data-id=\"d58e448\" data-element_type=\"section\">\n\t\t\t\t\t\t<div class=\"elementor-container elementor-column-gap-extended\">\n\t\t\t\t\t\t\t<div class=\"elementor-row\">\n\t\t\t\t\t<div class=\"elementor-column elementor-col-100 elementor-top-column elementor-element elementor-element-db32e96\" data-id=\"db32e96\" data-element_type=\"column\">\n\t\t\t<div class=\"elementor-column-wrap elementor-element-populated\">\n\t\t\t\t\t\t\t<div class=\"elementor-widget-wrap\">\n\t\t\t\t\t\t<div class=\"elementor-element elementor-element-36aa75a elementor-widget elementor-widget-spacer\" data-id=\"36aa75a\" data-element_type=\"widget\" data-widget_type=\"spacer.default\">\n\t\t\t\t<div class=\"elementor-widget-container\">\n\t\t\t\t\t<div class=\"elementor-spacer\">\n\t\t\t<div class=\"elementor-spacer-inner\"><\/div>\n\t\t<\/div>\n\t\t\t\t<\/div>\n\t\t\t\t<\/div>\n\t\t\t\t<section class=\"elementor-section elementor-inner-section elementor-element elementor-element-fb750de elementor-section-boxed elementor-section-height-default elementor-section-height-default\" data-id=\"fb750de\" data-element_type=\"section\">\n\t\t\t\t\t\t<div class=\"elementor-container elementor-column-gap-default\">\n\t\t\t\t\t\t\t<div class=\"elementor-row\">\n\t\t\t\t\t<div class=\"elementor-column elementor-col-33 elementor-inner-column elementor-element elementor-element-f1e201b\" data-id=\"f1e201b\" data-element_type=\"column\">\n\t\t\t<div class=\"elementor-column-wrap elementor-element-populated\">\n\t\t\t\t\t\t\t<div class=\"elementor-widget-wrap\">\n\t\t\t\t\t\t<div class=\"elementor-element-custom_font_size elementor-element-custom_font_weight elementor-element elementor-element-af4de62 elementor-widget elementor-widget-text-editor\" data-id=\"af4de62\" data-element_type=\"widget\" data-widget_type=\"text-editor.default\">\n\t\t\t\t<div class=\"elementor-widget-container\">\n\t\t\t\t\t\t\t\t<div class=\"elementor-text-editor elementor-clearfix\">\n\t\t\t\t<h5>Traducciones de documentos<\/h5>\t\t\t\t\t<\/div>\n\t\t\t\t\t\t<\/div>\n\t\t\t\t<\/div>\n\t\t\t\t<div class=\"elementor-element elementor-element-9804b25 elementor-widget elementor-widget-heading\" data-id=\"9804b25\" data-element_type=\"widget\" data-widget_type=\"heading.default\">\n\t\t\t\t<div class=\"elementor-widget-container\">\n\t\t\t<h2 class=\"elementor-heading-title elementor-size-default\">Traducciones oficiales, profesionales,<br>art\u00edsticas...<\/h2>\t\t<\/div>\n\t\t\t\t<\/div>\n\t\t\t\t<div class=\"elementor-element elementor-element-aabf73e elementor-widget elementor-widget-spacer\" data-id=\"aabf73e\" data-element_type=\"widget\" data-widget_type=\"spacer.default\">\n\t\t\t\t<div class=\"elementor-widget-container\">\n\t\t\t\t\t<div class=\"elementor-spacer\">\n\t\t\t<div class=\"elementor-spacer-inner\"><\/div>\n\t\t<\/div>\n\t\t\t\t<\/div>\n\t\t\t\t<\/div>\n\t\t\t\t<div class=\"gt3-core-button--alignment_left elementor-element elementor-element-b8cf804 elementor-widget elementor-widget-gt3-core-button\" data-id=\"b8cf804\" data-element_type=\"widget\" data-widget_type=\"gt3-core-button.default\">\n\t\t\t\t<div class=\"elementor-widget-container\">\n\t\t\t\t<div class=\"gt3_module_button_elementor size_custom alignment_left button_icon_none hover_type5 rounded\">\r\n\t\t<a class=\"button_size_elementor_custom alignment_left border_icon_none hover_type5 btn_icon_position_left\" href=\"https:\/\/tlmocnik.sk\/es\/kontakt\/\">\r\n\t\t\t\t<span class=\"gt3_module_button__container\">\r\n\t\t\t\t\t\t\t\t\t\t\t<span class=\"elementor_gt3_btn_text\">Contacto<\/span>\t\t\t\t\t\t<span class=\"gt3_module_button__cover front\"><\/span>\r\n\t\t\t\t\t\t<span class=\"gt3_module_button__cover back\"><\/span>\r\n\t\t\t\t\t\t\t\t\t<\/span>\r\n\t\t<\/a>\r\n\t<\/div>\r\n\r\n<script type=\"application\/json\" id=\"settings--b8cf804\">[]<\/script>\t\t<\/div>\n\t\t\t\t<\/div>\n\t\t\t\t<div class=\"elementor-element elementor-element-5af5df2 elementor-widget elementor-widget-image\" data-id=\"5af5df2\" data-element_type=\"widget\" data-widget_type=\"image.default\">\n\t\t\t\t<div class=\"elementor-widget-container\">\n\t\t\t\t\t\t\t\t<div class=\"elementor-image\">\n\t\t\t\t\t\t\t\t\t\t\t\t<img loading=\"lazy\" decoding=\"async\" width=\"637\" height=\"582\" src=\"https:\/\/tlmocnik.sk\/es\/wp-content\/uploads\/2021\/06\/tlmocnicka11.jpg\" class=\"attachment-full size-full\" alt=\"\" srcset=\"https:\/\/tlmocnik.sk\/es\/wp-content\/uploads\/2021\/06\/tlmocnicka11.jpg 637w, https:\/\/tlmocnik.sk\/es\/wp-content\/uploads\/2021\/06\/tlmocnicka11-300x274.jpg 300w, https:\/\/tlmocnik.sk\/es\/wp-content\/uploads\/2021\/06\/tlmocnicka11-480x439.jpg 480w\" sizes=\"auto, (max-width: 637px) 100vw, 637px\" title=\"tlmocnicka11\" \/>\t\t\t\t\t\t\t\t\t\t\t\t\t\t<\/div>\n\t\t\t\t\t\t<\/div>\n\t\t\t\t<\/div>\n\t\t\t\t\t\t<\/div>\n\t\t\t\t\t<\/div>\n\t\t<\/div>\n\t\t\t\t<div class=\"elementor-column elementor-col-33 elementor-inner-column elementor-element elementor-element-b57f797\" data-id=\"b57f797\" data-element_type=\"column\">\n\t\t\t<div class=\"elementor-column-wrap elementor-element-populated\">\n\t\t\t\t\t\t\t<div class=\"elementor-widget-wrap\">\n\t\t\t\t\t\t<div class=\"elementor-element elementor-element-e3aafa0 elementor-widget elementor-widget-spacer\" data-id=\"e3aafa0\" data-element_type=\"widget\" data-widget_type=\"spacer.default\">\n\t\t\t\t<div class=\"elementor-widget-container\">\n\t\t\t\t\t<div class=\"elementor-spacer\">\n\t\t\t<div class=\"elementor-spacer-inner\"><\/div>\n\t\t<\/div>\n\t\t\t\t<\/div>\n\t\t\t\t<\/div>\n\t\t\t\t<div class=\"elementor-element elementor-element-0bcbda2 elementor-widget elementor-widget-text-editor\" data-id=\"0bcbda2\" data-element_type=\"widget\" data-widget_type=\"text-editor.default\">\n\t\t\t\t<div class=\"elementor-widget-container\">\n\t\t\t\t\t\t\t\t<div class=\"elementor-text-editor elementor-clearfix\">\n\t\t\t\t<p>\u00bfNecesita presentar un documento oficial, informe m\u00e9dico, diploma o documentos de la empresa en un idioma diferente al que fueron emitidos? No dude en ponerse en contacto con nosotros. Todos los d\u00edas, proporcionamos traducciones para nuestros clientes en todas las combinaciones de idiomas, tanto en t\u00e9rminos regulares como r\u00e1pidos. La traducci\u00f3n completa se puede recoger personalmente durante el horario de apertura en nuestra oficina, entregada electr\u00f3nicamente por correo electr\u00f3nico, correo postal o mensajer\u00eda donde se encuentre. Si est\u00e1 interesado, no dude en ponerse en contacto con nosotros.<\/p><p>Traducci\u00f3n oficial (judicial)<\/p><p>Especialmente en la comunicaci\u00f3n con oficinas estatales, instituciones, diversas organizaciones o cuando se viaja al extranjero, generalmente se requiere que el documento est\u00e9 traducido oficialmente. El t\u00e9rmino traducci\u00f3n oficial a menudo se confunde con el t\u00e9rmino traducci\u00f3n judicial o oficial. Ambos t\u00e9rminos significan lo mismo. Por lo tanto, las traducciones oficiales son realizadas por un traductor que est\u00e1 registrado en la lista de expertos, int\u00e9rpretes y traductores que mantiene el Ministerio. Para realizar una traducci\u00f3n oficial, normalmente es necesario entregar el original o una copia certificada ante notario del documento traducido. Luego, el documento original se encuaderna con la traducci\u00f3n y se le proporcionan los detalles necesarios, como un sello redondo o una cl\u00e1usula. Tal documento es un documento debidamente registrado que puede ser utilizado en el pa\u00eds de destino o (si es necesario) posteriormente verificado anteriormente.<\/p><p>Entre los documentos traducidos oficialmente con mayor frecuencia se encuentran el certificado de nacimiento, la licencia civil y de conducir, el certificado de registro, el extracto de antecedentes penales, el extracto del registro comercial, el diploma, el certificado de matrimonio, la decisi\u00f3n judicial y similares.<\/p><p>Traducci\u00f3n profesional<\/p><p>Estaremos encantados de proporcionar una traducci\u00f3n de un documento que contenga terminolog\u00eda espec\u00edfica, t\u00e9rminos o definiciones por un experto en el campo dado. Puede confiarnos documentos de car\u00e1cter legal, t\u00e9cnico, m\u00e9dico, etc.<\/p><p>traducci\u00f3n cruzada<\/p><p>Significa traducci\u00f3n de un idioma extranjero a otro idioma extranjero. Nuestra empresa ofrece traducciones cruzadas peri\u00f3dicas y oficiales en combinaciones de idiomas seg\u00fan sus requisitos.<\/p><p>traducci\u00f3n art\u00edstica<\/p><p>Podemos proporcionarle la traducci\u00f3n de poes\u00eda, prosa, teatro u otros textos sagrados seg\u00fan sus requisitos.<\/p>\t\t\t\t\t<\/div>\n\t\t\t\t\t\t<\/div>\n\t\t\t\t<\/div>\n\t\t\t\t\t\t<\/div>\n\t\t\t\t\t<\/div>\n\t\t<\/div>\n\t\t\t\t<div class=\"elementor-column elementor-col-33 elementor-inner-column elementor-element elementor-element-04f0a85\" data-id=\"04f0a85\" data-element_type=\"column\">\n\t\t\t<div class=\"elementor-column-wrap\">\n\t\t\t\t\t\t\t<div class=\"elementor-widget-wrap\">\n\t\t\t\t\t\t\t\t<\/div>\n\t\t\t\t\t<\/div>\n\t\t<\/div>\n\t\t\t\t\t\t\t\t<\/div>\n\t\t\t\t\t<\/div>\n\t\t<\/section>\n\t\t\t\t\t\t<\/div>\n\t\t\t\t\t<\/div>\n\t\t<\/div>\n\t\t\t\t\t\t\t\t<\/div>\n\t\t\t\t\t<\/div>\n\t\t<\/section>\n\t\t\t\t<section class=\"elementor-section elementor-top-section elementor-element elementor-element-125bc2b elementor-section-boxed elementor-section-height-default elementor-section-height-default\" data-id=\"125bc2b\" data-element_type=\"section\" data-settings=\"{&quot;background_background&quot;:&quot;classic&quot;}\">\n\t\t\t\t\t\t<div class=\"elementor-container elementor-column-gap-extended\">\n\t\t\t\t\t\t\t<div class=\"elementor-row\">\n\t\t\t\t\t<div class=\"elementor-column elementor-col-50 elementor-top-column elementor-element elementor-element-452a457\" data-id=\"452a457\" data-element_type=\"column\">\n\t\t\t<div class=\"elementor-column-wrap elementor-element-populated\">\n\t\t\t\t\t\t\t<div class=\"elementor-widget-wrap\">\n\t\t\t\t\t\t<div class=\"elementor-element elementor-element-521d189 elementor-widget elementor-widget-spacer\" data-id=\"521d189\" data-element_type=\"widget\" data-widget_type=\"spacer.default\">\n\t\t\t\t<div class=\"elementor-widget-container\">\n\t\t\t\t\t<div class=\"elementor-spacer\">\n\t\t\t<div class=\"elementor-spacer-inner\"><\/div>\n\t\t<\/div>\n\t\t\t\t<\/div>\n\t\t\t\t<\/div>\n\t\t\t\t<div class=\"elementor-element elementor-element-3686fe3 elementor-widget elementor-widget-image\" data-id=\"3686fe3\" data-element_type=\"widget\" data-widget_type=\"image.default\">\n\t\t\t\t<div class=\"elementor-widget-container\">\n\t\t\t\t\t\t\t\t<div class=\"elementor-image\">\n\t\t\t\t\t\t\t\t\t\t\t\t<img loading=\"lazy\" decoding=\"async\" width=\"637\" height=\"580\" src=\"https:\/\/tlmocnik.sk\/es\/wp-content\/uploads\/2021\/06\/girl-with_phone1.jpg\" class=\"attachment-full size-full\" alt=\"\" srcset=\"https:\/\/tlmocnik.sk\/es\/wp-content\/uploads\/2021\/06\/girl-with_phone1.jpg 637w, https:\/\/tlmocnik.sk\/es\/wp-content\/uploads\/2021\/06\/girl-with_phone1-300x273.jpg 300w, https:\/\/tlmocnik.sk\/es\/wp-content\/uploads\/2021\/06\/girl-with_phone1-480x437.jpg 480w\" sizes=\"auto, (max-width: 637px) 100vw, 637px\" title=\"girl-with_phone1\" \/>\t\t\t\t\t\t\t\t\t\t\t\t\t\t<\/div>\n\t\t\t\t\t\t<\/div>\n\t\t\t\t<\/div>\n\t\t\t\t\t\t<\/div>\n\t\t\t\t\t<\/div>\n\t\t<\/div>\n\t\t\t\t<div class=\"elementor-column elementor-col-50 elementor-top-column elementor-element elementor-element-f4f425e\" data-id=\"f4f425e\" data-element_type=\"column\">\n\t\t\t<div class=\"elementor-column-wrap elementor-element-populated\">\n\t\t\t\t\t\t\t<div class=\"elementor-widget-wrap\">\n\t\t\t\t\t\t<div class=\"elementor-element elementor-element-8108dae elementor-widget elementor-widget-spacer\" data-id=\"8108dae\" data-element_type=\"widget\" data-widget_type=\"spacer.default\">\n\t\t\t\t<div class=\"elementor-widget-container\">\n\t\t\t\t\t<div class=\"elementor-spacer\">\n\t\t\t<div class=\"elementor-spacer-inner\"><\/div>\n\t\t<\/div>\n\t\t\t\t<\/div>\n\t\t\t\t<\/div>\n\t\t\t\t<div class=\"elementor-element-custom_font_size elementor-element-custom_font_weight elementor-element elementor-element-f6b04be elementor-widget elementor-widget-text-editor\" data-id=\"f6b04be\" data-element_type=\"widget\" data-widget_type=\"text-editor.default\">\n\t\t\t\t<div class=\"elementor-widget-container\">\n\t\t\t\t\t\t\t\t<div class=\"elementor-text-editor elementor-clearfix\">\n\t\t\t\t<h5>Traducciones<\/h5>\t\t\t\t\t<\/div>\n\t\t\t\t\t\t<\/div>\n\t\t\t\t<\/div>\n\t\t\t\t<div class=\"elementor-element elementor-element-524feea elementor-widget elementor-widget-heading\" data-id=\"524feea\" data-element_type=\"widget\" data-widget_type=\"heading.default\">\n\t\t\t\t<div class=\"elementor-widget-container\">\n\t\t\t<h2 class=\"elementor-heading-title elementor-size-default\">\u00bfNo puedes decidir?<\/h2>\t\t<\/div>\n\t\t\t\t<\/div>\n\t\t\t\t<div class=\"elementor-element elementor-element-4b2389d elementor-widget elementor-widget-text-editor\" data-id=\"4b2389d\" data-element_type=\"widget\" data-widget_type=\"text-editor.default\">\n\t\t\t\t<div class=\"elementor-widget-container\">\n\t\t\t\t\t\t\t\t<div class=\"elementor-text-editor elementor-clearfix\">\n\t\t\t\t<p>Si no est\u00e1 seguro de qu\u00e9 servicio necesita, cont\u00e1ctenos y encontraremos el mejor para usted.<\/p>\t\t\t\t\t<\/div>\n\t\t\t\t\t\t<\/div>\n\t\t\t\t<\/div>\n\t\t\t\t<div class=\"elementor-element elementor-element-aa21039 elementor-widget elementor-widget-spacer\" data-id=\"aa21039\" data-element_type=\"widget\" data-widget_type=\"spacer.default\">\n\t\t\t\t<div class=\"elementor-widget-container\">\n\t\t\t\t\t<div class=\"elementor-spacer\">\n\t\t\t<div class=\"elementor-spacer-inner\"><\/div>\n\t\t<\/div>\n\t\t\t\t<\/div>\n\t\t\t\t<\/div>\n\t\t\t\t<div class=\"gt3-core-button--alignment_left elementor-element elementor-element-a7c9137 elementor-widget elementor-widget-gt3-core-button\" data-id=\"a7c9137\" data-element_type=\"widget\" data-widget_type=\"gt3-core-button.default\">\n\t\t\t\t<div class=\"elementor-widget-container\">\n\t\t\t\t<div class=\"gt3_module_button_elementor size_custom alignment_left button_icon_none hover_type5 rounded\">\r\n\t\t<a class=\"button_size_elementor_custom alignment_left border_icon_none hover_type5 btn_icon_position_left\" href=\"https:\/\/tlmocnik.sk\/es\/contacto\">\r\n\t\t\t\t<span class=\"gt3_module_button__container\">\r\n\t\t\t\t\t\t\t\t\t\t\t<span class=\"elementor_gt3_btn_text\">Contacto<\/span>\t\t\t\t\t\t<span class=\"gt3_module_button__cover front\"><\/span>\r\n\t\t\t\t\t\t<span class=\"gt3_module_button__cover back\"><\/span>\r\n\t\t\t\t\t\t\t\t\t<\/span>\r\n\t\t<\/a>\r\n\t<\/div>\r\n\r\n<script type=\"application\/json\" id=\"settings--a7c9137\">[]<\/script>\t\t<\/div>\n\t\t\t\t<\/div>\n\t\t\t\t<div class=\"elementor-element elementor-element-9b77de5 elementor-widget elementor-widget-spacer\" data-id=\"9b77de5\" data-element_type=\"widget\" data-widget_type=\"spacer.default\">\n\t\t\t\t<div class=\"elementor-widget-container\">\n\t\t\t\t\t<div class=\"elementor-spacer\">\n\t\t\t<div class=\"elementor-spacer-inner\"><\/div>\n\t\t<\/div>\n\t\t\t\t<\/div>\n\t\t\t\t<\/div>\n\t\t\t\t\t\t<\/div>\n\t\t\t\t\t<\/div>\n\t\t<\/div>\n\t\t\t\t\t\t\t\t<\/div>\n\t\t\t\t\t<\/div>\n\t\t<\/section>\n\t\t\t\t\t\t\t\t\t<\/div>\n\t\t\t<\/div>\n\t\t\t\t\t<\/div>\n\t\t","protected":false},"excerpt":{"rendered":"<p>Traducciones de documentos Traducciones oficiales, profesionales,art\u00edsticas&#8230; Contacto \u00bfNecesita presentar un documento oficial, informe m\u00e9dico, diploma o documentos de la empresa en un idioma diferente al que fueron emitidos? No dude en ponerse en contacto con nosotros. Todos los d\u00edas, proporcionamos traducciones para nuestros clientes en todas las combinaciones de idiomas, tanto en t\u00e9rminos regulares como [&hellip;]<\/p>\n","protected":false},"author":1,"featured_media":0,"parent":0,"menu_order":0,"comment_status":"closed","ping_status":"closed","template":"","meta":{"footnotes":""},"class_list":["post-889","page","type-page","status-publish","hentry"],"yoast_head":"<!-- This site is optimized with the Yoast SEO plugin v17.4 - https:\/\/yoast.com\/wordpress\/plugins\/seo\/ -->\n<title>Traducciones de documentos, oficial, profesional, art\u00edstico - Bratislava<\/title>\n<meta name=\"description\" content=\"Traducciones oficiales, profesionales, art\u00edsticas Bratislava. Hay varias razones por las que puede necesitar documentos traducidos...\" \/>\n<meta name=\"robots\" content=\"index, follow, max-snippet:-1, max-image-preview:large, max-video-preview:-1\" \/>\n<link rel=\"canonical\" href=\"https:\/\/tlmocnik.sk\/es\/traducciones-de-documentos\/\" \/>\n<meta property=\"og:locale\" content=\"es_ES\" \/>\n<meta property=\"og:type\" content=\"article\" \/>\n<meta property=\"og:title\" content=\"Traducciones de documentos, oficial, profesional, art\u00edstico - Bratislava\" \/>\n<meta property=\"og:description\" content=\"Traducciones oficiales, profesionales, art\u00edsticas Bratislava. Hay varias razones por las que puede necesitar documentos traducidos...\" \/>\n<meta property=\"og:url\" content=\"https:\/\/tlmocnik.sk\/es\/traducciones-de-documentos\/\" \/>\n<meta property=\"og:site_name\" content=\"Tlmocnik.sk\" \/>\n<meta property=\"article:modified_time\" content=\"2022-12-19T10:31:30+00:00\" \/>\n<meta property=\"og:image\" content=\"https:\/\/tlmocnik.sk\/es\/wp-content\/uploads\/2021\/06\/tlmocnicka11.jpg\" \/>\n<meta name=\"twitter:card\" content=\"summary_large_image\" \/>\n<script type=\"application\/ld+json\" class=\"yoast-schema-graph\">{\"@context\":\"https:\/\/schema.org\",\"@graph\":[{\"@type\":\"WebSite\",\"@id\":\"https:\/\/tlmocnik.sk\/es\/#website\",\"url\":\"https:\/\/tlmocnik.sk\/es\/\",\"name\":\"Tlmocnik.sk\",\"description\":\"\",\"potentialAction\":[{\"@type\":\"SearchAction\",\"target\":{\"@type\":\"EntryPoint\",\"urlTemplate\":\"https:\/\/tlmocnik.sk\/es\/?s={search_term_string}\"},\"query-input\":\"required name=search_term_string\"}],\"inLanguage\":\"es\"},{\"@type\":\"ImageObject\",\"@id\":\"https:\/\/tlmocnik.sk\/es\/traducciones-de-documentos\/#primaryimage\",\"inLanguage\":\"es\",\"url\":\"https:\/\/tlmocnik.sk\/es\/wp-content\/uploads\/2021\/06\/tlmocnicka11.jpg\",\"contentUrl\":\"https:\/\/tlmocnik.sk\/es\/wp-content\/uploads\/2021\/06\/tlmocnicka11.jpg\",\"width\":637,\"height\":582},{\"@type\":\"WebPage\",\"@id\":\"https:\/\/tlmocnik.sk\/es\/traducciones-de-documentos\/#webpage\",\"url\":\"https:\/\/tlmocnik.sk\/es\/traducciones-de-documentos\/\",\"name\":\"Traducciones de documentos, oficial, profesional, art\\u00edstico - Bratislava\",\"isPartOf\":{\"@id\":\"https:\/\/tlmocnik.sk\/es\/#website\"},\"primaryImageOfPage\":{\"@id\":\"https:\/\/tlmocnik.sk\/es\/traducciones-de-documentos\/#primaryimage\"},\"datePublished\":\"2019-07-24T07:05:52+00:00\",\"dateModified\":\"2022-12-19T10:31:30+00:00\",\"description\":\"Traducciones oficiales, profesionales, art\\u00edsticas Bratislava. Hay varias razones por las que puede necesitar documentos traducidos...\",\"breadcrumb\":{\"@id\":\"https:\/\/tlmocnik.sk\/es\/traducciones-de-documentos\/#breadcrumb\"},\"inLanguage\":\"es\",\"potentialAction\":[{\"@type\":\"ReadAction\",\"target\":[\"https:\/\/tlmocnik.sk\/es\/traducciones-de-documentos\/\"]}]},{\"@type\":\"BreadcrumbList\",\"@id\":\"https:\/\/tlmocnik.sk\/es\/traducciones-de-documentos\/#breadcrumb\",\"itemListElement\":[{\"@type\":\"ListItem\",\"position\":1,\"name\":\"Home\",\"item\":\"https:\/\/tlmocnik.sk\/es\/\"},{\"@type\":\"ListItem\",\"position\":2,\"name\":\"Traducciones de documentos\"}]}]}<\/script>\n<!-- \/ Yoast SEO plugin. -->","yoast_head_json":{"title":"Traducciones de documentos, oficial, profesional, art\u00edstico - Bratislava","description":"Traducciones oficiales, profesionales, art\u00edsticas Bratislava. Hay varias razones por las que puede necesitar documentos traducidos...","robots":{"index":"index","follow":"follow","max-snippet":"max-snippet:-1","max-image-preview":"max-image-preview:large","max-video-preview":"max-video-preview:-1"},"canonical":"https:\/\/tlmocnik.sk\/es\/traducciones-de-documentos\/","og_locale":"es_ES","og_type":"article","og_title":"Traducciones de documentos, oficial, profesional, art\u00edstico - Bratislava","og_description":"Traducciones oficiales, profesionales, art\u00edsticas Bratislava. Hay varias razones por las que puede necesitar documentos traducidos...","og_url":"https:\/\/tlmocnik.sk\/es\/traducciones-de-documentos\/","og_site_name":"Tlmocnik.sk","article_modified_time":"2022-12-19T10:31:30+00:00","og_image":[{"url":"https:\/\/tlmocnik.sk\/es\/wp-content\/uploads\/2021\/06\/tlmocnicka11.jpg"}],"twitter_card":"summary_large_image","schema":{"@context":"https:\/\/schema.org","@graph":[{"@type":"WebSite","@id":"https:\/\/tlmocnik.sk\/es\/#website","url":"https:\/\/tlmocnik.sk\/es\/","name":"Tlmocnik.sk","description":"","potentialAction":[{"@type":"SearchAction","target":{"@type":"EntryPoint","urlTemplate":"https:\/\/tlmocnik.sk\/es\/?s={search_term_string}"},"query-input":"required name=search_term_string"}],"inLanguage":"es"},{"@type":"ImageObject","@id":"https:\/\/tlmocnik.sk\/es\/traducciones-de-documentos\/#primaryimage","inLanguage":"es","url":"https:\/\/tlmocnik.sk\/es\/wp-content\/uploads\/2021\/06\/tlmocnicka11.jpg","contentUrl":"https:\/\/tlmocnik.sk\/es\/wp-content\/uploads\/2021\/06\/tlmocnicka11.jpg","width":637,"height":582},{"@type":"WebPage","@id":"https:\/\/tlmocnik.sk\/es\/traducciones-de-documentos\/#webpage","url":"https:\/\/tlmocnik.sk\/es\/traducciones-de-documentos\/","name":"Traducciones de documentos, oficial, profesional, art\u00edstico - Bratislava","isPartOf":{"@id":"https:\/\/tlmocnik.sk\/es\/#website"},"primaryImageOfPage":{"@id":"https:\/\/tlmocnik.sk\/es\/traducciones-de-documentos\/#primaryimage"},"datePublished":"2019-07-24T07:05:52+00:00","dateModified":"2022-12-19T10:31:30+00:00","description":"Traducciones oficiales, profesionales, art\u00edsticas Bratislava. Hay varias razones por las que puede necesitar documentos traducidos...","breadcrumb":{"@id":"https:\/\/tlmocnik.sk\/es\/traducciones-de-documentos\/#breadcrumb"},"inLanguage":"es","potentialAction":[{"@type":"ReadAction","target":["https:\/\/tlmocnik.sk\/es\/traducciones-de-documentos\/"]}]},{"@type":"BreadcrumbList","@id":"https:\/\/tlmocnik.sk\/es\/traducciones-de-documentos\/#breadcrumb","itemListElement":[{"@type":"ListItem","position":1,"name":"Home","item":"https:\/\/tlmocnik.sk\/es\/"},{"@type":"ListItem","position":2,"name":"Traducciones de documentos"}]}]}},"_links":{"self":[{"href":"https:\/\/tlmocnik.sk\/es\/wp-json\/wp\/v2\/pages\/889","targetHints":{"allow":["GET"]}}],"collection":[{"href":"https:\/\/tlmocnik.sk\/es\/wp-json\/wp\/v2\/pages"}],"about":[{"href":"https:\/\/tlmocnik.sk\/es\/wp-json\/wp\/v2\/types\/page"}],"author":[{"embeddable":true,"href":"https:\/\/tlmocnik.sk\/es\/wp-json\/wp\/v2\/users\/1"}],"replies":[{"embeddable":true,"href":"https:\/\/tlmocnik.sk\/es\/wp-json\/wp\/v2\/comments?post=889"}],"version-history":[{"count":33,"href":"https:\/\/tlmocnik.sk\/es\/wp-json\/wp\/v2\/pages\/889\/revisions"}],"predecessor-version":[{"id":9672,"href":"https:\/\/tlmocnik.sk\/es\/wp-json\/wp\/v2\/pages\/889\/revisions\/9672"}],"wp:attachment":[{"href":"https:\/\/tlmocnik.sk\/es\/wp-json\/wp\/v2\/media?parent=889"}],"curies":[{"name":"wp","href":"https:\/\/api.w.org\/{rel}","templated":true}]}}