{"id":9026,"date":"2021-06-07T16:50:03","date_gmt":"2021-06-07T14:50:03","guid":{"rendered":"https:\/\/tlmocnik.sk\/es\/?page_id=9026"},"modified":"2022-12-15T15:52:59","modified_gmt":"2022-12-15T14:52:59","slug":"verificacion-de-documentos","status":"publish","type":"page","link":"https:\/\/tlmocnik.sk\/es\/verificacion-de-documentos\/","title":{"rendered":"Verificaci\u00f3n de documentos"},"content":{"rendered":"\t\t<div data-elementor-type=\"wp-page\" data-elementor-id=\"9026\" class=\"elementor elementor-9026\">\n\t\t\t\t\t\t<div class=\"elementor-inner\">\n\t\t\t\t<div class=\"elementor-section-wrap\">\n\t\t\t\t\t\t\t\t\t<section class=\"elementor-section elementor-top-section elementor-element elementor-element-19240faa elementor-section-boxed elementor-section-height-default elementor-section-height-default\" data-id=\"19240faa\" data-element_type=\"section\">\n\t\t\t\t\t\t<div class=\"elementor-container elementor-column-gap-extended\">\n\t\t\t\t\t\t\t<div class=\"elementor-row\">\n\t\t\t\t\t<div class=\"elementor-column elementor-col-100 elementor-top-column elementor-element elementor-element-5777ad42\" data-id=\"5777ad42\" data-element_type=\"column\">\n\t\t\t<div class=\"elementor-column-wrap elementor-element-populated\">\n\t\t\t\t\t\t\t<div class=\"elementor-widget-wrap\">\n\t\t\t\t\t\t<div class=\"elementor-element elementor-element-6ab72f98 elementor-widget elementor-widget-spacer\" data-id=\"6ab72f98\" data-element_type=\"widget\" data-widget_type=\"spacer.default\">\n\t\t\t\t<div class=\"elementor-widget-container\">\n\t\t\t\t\t<div class=\"elementor-spacer\">\n\t\t\t<div class=\"elementor-spacer-inner\"><\/div>\n\t\t<\/div>\n\t\t\t\t<\/div>\n\t\t\t\t<\/div>\n\t\t\t\t<section class=\"elementor-section elementor-inner-section elementor-element elementor-element-17696d8f elementor-section-boxed elementor-section-height-default elementor-section-height-default\" data-id=\"17696d8f\" data-element_type=\"section\">\n\t\t\t\t\t\t<div class=\"elementor-container elementor-column-gap-default\">\n\t\t\t\t\t\t\t<div class=\"elementor-row\">\n\t\t\t\t\t<div class=\"elementor-column elementor-col-33 elementor-inner-column elementor-element elementor-element-3d4ada52\" data-id=\"3d4ada52\" data-element_type=\"column\">\n\t\t\t<div class=\"elementor-column-wrap elementor-element-populated\">\n\t\t\t\t\t\t\t<div class=\"elementor-widget-wrap\">\n\t\t\t\t\t\t<div class=\"elementor-element-custom_font_size elementor-element-custom_font_weight elementor-element elementor-element-2f5aec35 elementor-widget elementor-widget-text-editor\" data-id=\"2f5aec35\" data-element_type=\"widget\" data-widget_type=\"text-editor.default\">\n\t\t\t\t<div class=\"elementor-widget-container\">\n\t\t\t\t\t\t\t\t<div class=\"elementor-text-editor elementor-clearfix\">\n\t\t\t\t<h5>Verificaci\u00f3n de documentos<\/h5>\t\t\t\t\t<\/div>\n\t\t\t\t\t\t<\/div>\n\t\t\t\t<\/div>\n\t\t\t\t<div class=\"elementor-element elementor-element-7eeda935 elementor-widget elementor-widget-heading\" data-id=\"7eeda935\" data-element_type=\"widget\" data-widget_type=\"heading.default\">\n\t\t\t\t<div class=\"elementor-widget-container\">\n\t\t\t<h2 class=\"elementor-heading-title elementor-size-default\">Todo tipo de documentos<\/h2>\t\t<\/div>\n\t\t\t\t<\/div>\n\t\t\t\t<div class=\"elementor-element elementor-element-61ef3df8 elementor-widget elementor-widget-spacer\" data-id=\"61ef3df8\" data-element_type=\"widget\" data-widget_type=\"spacer.default\">\n\t\t\t\t<div class=\"elementor-widget-container\">\n\t\t\t\t\t<div class=\"elementor-spacer\">\n\t\t\t<div class=\"elementor-spacer-inner\"><\/div>\n\t\t<\/div>\n\t\t\t\t<\/div>\n\t\t\t\t<\/div>\n\t\t\t\t<div class=\"gt3-core-button--alignment_left elementor-element elementor-element-573facd7 elementor-widget elementor-widget-gt3-core-button\" data-id=\"573facd7\" data-element_type=\"widget\" data-widget_type=\"gt3-core-button.default\">\n\t\t\t\t<div class=\"elementor-widget-container\">\n\t\t\t\t<div class=\"gt3_module_button_elementor size_custom alignment_left button_icon_none hover_type5 rounded\">\r\n\t\t<a class=\"button_size_elementor_custom alignment_left border_icon_none hover_type5 btn_icon_position_left\" href=\"https:\/\/tlmocnik.sk\/es\/kontakt\/\">\r\n\t\t\t\t<span class=\"gt3_module_button__container\">\r\n\t\t\t\t\t\t\t\t\t\t\t<span class=\"elementor_gt3_btn_text\">Contacto<\/span>\t\t\t\t\t\t<span class=\"gt3_module_button__cover front\"><\/span>\r\n\t\t\t\t\t\t<span class=\"gt3_module_button__cover back\"><\/span>\r\n\t\t\t\t\t\t\t\t\t<\/span>\r\n\t\t<\/a>\r\n\t<\/div>\r\n\r\n<script type=\"application\/json\" id=\"settings--573facd7\">[]<\/script>\t\t<\/div>\n\t\t\t\t<\/div>\n\t\t\t\t<div class=\"elementor-element elementor-element-4d1118d3 elementor-widget elementor-widget-image\" data-id=\"4d1118d3\" data-element_type=\"widget\" data-widget_type=\"image.default\">\n\t\t\t\t<div class=\"elementor-widget-container\">\n\t\t\t\t\t\t\t\t<div class=\"elementor-image\">\n\t\t\t\t\t\t\t\t\t\t\t\t<img loading=\"lazy\" decoding=\"async\" width=\"637\" height=\"582\" src=\"https:\/\/tlmocnik.sk\/es\/wp-content\/uploads\/2021\/06\/tlmocnicka11.jpg\" class=\"attachment-full size-full\" alt=\"\" srcset=\"https:\/\/tlmocnik.sk\/es\/wp-content\/uploads\/2021\/06\/tlmocnicka11.jpg 637w, https:\/\/tlmocnik.sk\/es\/wp-content\/uploads\/2021\/06\/tlmocnicka11-300x274.jpg 300w, https:\/\/tlmocnik.sk\/es\/wp-content\/uploads\/2021\/06\/tlmocnicka11-480x439.jpg 480w\" sizes=\"auto, (max-width: 637px) 100vw, 637px\" title=\"tlmocnicka11\" \/>\t\t\t\t\t\t\t\t\t\t\t\t\t\t<\/div>\n\t\t\t\t\t\t<\/div>\n\t\t\t\t<\/div>\n\t\t\t\t\t\t<\/div>\n\t\t\t\t\t<\/div>\n\t\t<\/div>\n\t\t\t\t<div class=\"elementor-column elementor-col-33 elementor-inner-column elementor-element elementor-element-252e72b7\" data-id=\"252e72b7\" data-element_type=\"column\">\n\t\t\t<div class=\"elementor-column-wrap elementor-element-populated\">\n\t\t\t\t\t\t\t<div class=\"elementor-widget-wrap\">\n\t\t\t\t\t\t<div class=\"elementor-element elementor-element-1d3b0d38 elementor-widget elementor-widget-spacer\" data-id=\"1d3b0d38\" data-element_type=\"widget\" data-widget_type=\"spacer.default\">\n\t\t\t\t<div class=\"elementor-widget-container\">\n\t\t\t\t\t<div class=\"elementor-spacer\">\n\t\t\t<div class=\"elementor-spacer-inner\"><\/div>\n\t\t<\/div>\n\t\t\t\t<\/div>\n\t\t\t\t<\/div>\n\t\t\t\t<div class=\"elementor-element elementor-element-6c443cb2 elementor-widget elementor-widget-text-editor\" data-id=\"6c443cb2\" data-element_type=\"widget\" data-widget_type=\"text-editor.default\">\n\t\t\t\t<div class=\"elementor-widget-container\">\n\t\t\t\t\t\t\t\t<div class=\"elementor-text-editor elementor-clearfix\">\n\t\t\t\t<p>Nuestra empresa le proporcionar\u00e1 la verificaci\u00f3n de documentos para las necesidades de las autoridades en plazos cortos a precios favorables. Proporcionamos verificaci\u00f3n completa de todo tipo de documentos cuando se presentan en el extranjero.<\/p><p>Notar\u00edas, confirmaciones por ministerios, legalizaciones, superlegalizaciones, apostillas, verificaciones judiciales, todo esto lo podemos brindar en el formato correcto y requerido. No dude en ponerse en contacto con nosotros si tiene alguna pregunta sobre la verificaci\u00f3n de documentos.<\/p><p>Los nuevos clientes tienen la oportunidad de utilizar un paquete especial de servicios que incluye:<\/p><p>\u2013\u00a0\u00a0\u00a0\u00a0\u00a0\u00a0\u00a0\u00a0 Regalo por la primera traducci\u00f3n<\/p><p>\u2013 \u00a0\u00a0\u00a0\u00a0\u00a0\u00a0\u00a0 Descuento de activaci\u00f3n del 6,5% de la lista de precios vigente<\/p><p>\u2013\u00a0\u00a0\u00a0\u00a0\u00a0\u00a0\u00a0\u00a0 Descuento por volumen adicional del 2 % ya despu\u00e9s del 5.\u00ba normostrano<\/p><p>\u2013\u00a0\u00a0\u00a0\u00a0\u00a0\u00a0\u00a0\u00a0 Entrega gratuita de la primera traducci\u00f3n judicial dentro de Bratislava por mensajer\u00eda (con pago en efectivo)<\/p><p>\u2013\u00a0\u00a0\u00a0\u00a0\u00a0\u00a0\u00a0\u00a0\u00a0 Archivo gratuito y confidencial de documentos durante 2 a\u00f1os<\/p><p>\u2013\u00a0\u00a0\u00a0\u00a0\u00a0\u00a0\u00a0\u00a0\u00a0\u00a0Descuento del 30 % de la tarifa por procesar verificaciones superiores<\/p><p>\u2013 \u00a0\u00a0\u00a0\u00a0\u00a0\u00a0\u00a0 La posibilidad de realizar un pedido a trav\u00e9s de Internet<\/p><p>\u2013\u00a0\u00a0\u00a0\u00a0\u00a0\u00a0\u00a0\u00a0\u00a0 La posibilidad de consultas por chat en l\u00ednea<\/p><p>Los nuevos clientes pueden pasar gradualmente a la categor\u00eda de clientes de fidelizaci\u00f3n, a los que se les proporcionan descuentos a\u00fan mejores<\/p>\t\t\t\t\t<\/div>\n\t\t\t\t\t\t<\/div>\n\t\t\t\t<\/div>\n\t\t\t\t\t\t<\/div>\n\t\t\t\t\t<\/div>\n\t\t<\/div>\n\t\t\t\t<div class=\"elementor-column elementor-col-33 elementor-inner-column elementor-element elementor-element-73e9e800\" data-id=\"73e9e800\" data-element_type=\"column\">\n\t\t\t<div class=\"elementor-column-wrap\">\n\t\t\t\t\t\t\t<div class=\"elementor-widget-wrap\">\n\t\t\t\t\t\t\t\t<\/div>\n\t\t\t\t\t<\/div>\n\t\t<\/div>\n\t\t\t\t\t\t\t\t<\/div>\n\t\t\t\t\t<\/div>\n\t\t<\/section>\n\t\t\t\t\t\t<\/div>\n\t\t\t\t\t<\/div>\n\t\t<\/div>\n\t\t\t\t\t\t\t\t<\/div>\n\t\t\t\t\t<\/div>\n\t\t<\/section>\n\t\t\t\t<section class=\"elementor-section elementor-top-section elementor-element elementor-element-6b230bef elementor-section-boxed elementor-section-height-default elementor-section-height-default\" data-id=\"6b230bef\" data-element_type=\"section\" data-settings=\"{&quot;background_background&quot;:&quot;classic&quot;}\">\n\t\t\t\t\t\t<div class=\"elementor-container elementor-column-gap-extended\">\n\t\t\t\t\t\t\t<div class=\"elementor-row\">\n\t\t\t\t\t<div class=\"elementor-column elementor-col-50 elementor-top-column elementor-element elementor-element-62f44268\" data-id=\"62f44268\" data-element_type=\"column\">\n\t\t\t<div class=\"elementor-column-wrap elementor-element-populated\">\n\t\t\t\t\t\t\t<div class=\"elementor-widget-wrap\">\n\t\t\t\t\t\t<div class=\"elementor-element elementor-element-21422ea5 elementor-widget elementor-widget-spacer\" data-id=\"21422ea5\" data-element_type=\"widget\" data-widget_type=\"spacer.default\">\n\t\t\t\t<div class=\"elementor-widget-container\">\n\t\t\t\t\t<div class=\"elementor-spacer\">\n\t\t\t<div class=\"elementor-spacer-inner\"><\/div>\n\t\t<\/div>\n\t\t\t\t<\/div>\n\t\t\t\t<\/div>\n\t\t\t\t<div class=\"elementor-element elementor-element-67008830 elementor-widget elementor-widget-image\" data-id=\"67008830\" data-element_type=\"widget\" data-widget_type=\"image.default\">\n\t\t\t\t<div class=\"elementor-widget-container\">\n\t\t\t\t\t\t\t\t<div class=\"elementor-image\">\n\t\t\t\t\t\t\t\t\t\t\t\t<img loading=\"lazy\" decoding=\"async\" width=\"637\" height=\"580\" src=\"https:\/\/tlmocnik.sk\/es\/wp-content\/uploads\/2021\/06\/girl-with_phone1.jpg\" class=\"attachment-full size-full\" alt=\"\" srcset=\"https:\/\/tlmocnik.sk\/es\/wp-content\/uploads\/2021\/06\/girl-with_phone1.jpg 637w, https:\/\/tlmocnik.sk\/es\/wp-content\/uploads\/2021\/06\/girl-with_phone1-300x273.jpg 300w, https:\/\/tlmocnik.sk\/es\/wp-content\/uploads\/2021\/06\/girl-with_phone1-480x437.jpg 480w\" sizes=\"auto, (max-width: 637px) 100vw, 637px\" title=\"girl-with_phone1\" \/>\t\t\t\t\t\t\t\t\t\t\t\t\t\t<\/div>\n\t\t\t\t\t\t<\/div>\n\t\t\t\t<\/div>\n\t\t\t\t\t\t<\/div>\n\t\t\t\t\t<\/div>\n\t\t<\/div>\n\t\t\t\t<div class=\"elementor-column elementor-col-50 elementor-top-column elementor-element elementor-element-f82e1ed\" data-id=\"f82e1ed\" data-element_type=\"column\">\n\t\t\t<div class=\"elementor-column-wrap elementor-element-populated\">\n\t\t\t\t\t\t\t<div class=\"elementor-widget-wrap\">\n\t\t\t\t\t\t<div class=\"elementor-element elementor-element-3aef0cff elementor-widget elementor-widget-spacer\" data-id=\"3aef0cff\" data-element_type=\"widget\" data-widget_type=\"spacer.default\">\n\t\t\t\t<div class=\"elementor-widget-container\">\n\t\t\t\t\t<div class=\"elementor-spacer\">\n\t\t\t<div class=\"elementor-spacer-inner\"><\/div>\n\t\t<\/div>\n\t\t\t\t<\/div>\n\t\t\t\t<\/div>\n\t\t\t\t<div class=\"elementor-element-custom_font_size elementor-element-custom_font_weight elementor-element elementor-element-60d734ab elementor-widget elementor-widget-text-editor\" data-id=\"60d734ab\" data-element_type=\"widget\" data-widget_type=\"text-editor.default\">\n\t\t\t\t<div class=\"elementor-widget-container\">\n\t\t\t\t\t\t\t\t<div class=\"elementor-text-editor elementor-clearfix\">\n\t\t\t\t<h5>Verificaci\u00f3n de documentos<\/h5>\t\t\t\t\t<\/div>\n\t\t\t\t\t\t<\/div>\n\t\t\t\t<\/div>\n\t\t\t\t<div class=\"elementor-element elementor-element-492deec elementor-widget elementor-widget-heading\" data-id=\"492deec\" data-element_type=\"widget\" data-widget_type=\"heading.default\">\n\t\t\t\t<div class=\"elementor-widget-container\">\n\t\t\t<h2 class=\"elementor-heading-title elementor-size-default\">\u00bfNo puedes decidir?<\/h2>\t\t<\/div>\n\t\t\t\t<\/div>\n\t\t\t\t<div class=\"elementor-element elementor-element-301a979b elementor-widget elementor-widget-text-editor\" data-id=\"301a979b\" data-element_type=\"widget\" data-widget_type=\"text-editor.default\">\n\t\t\t\t<div class=\"elementor-widget-container\">\n\t\t\t\t\t\t\t\t<div class=\"elementor-text-editor elementor-clearfix\">\n\t\t\t\t<p>Si no est\u00e1 seguro de qu\u00e9 servicio necesita, cont\u00e1ctenos y encontraremos el mejor para usted.<\/p>\t\t\t\t\t<\/div>\n\t\t\t\t\t\t<\/div>\n\t\t\t\t<\/div>\n\t\t\t\t<div class=\"elementor-element elementor-element-706b3b8a elementor-widget elementor-widget-spacer\" data-id=\"706b3b8a\" data-element_type=\"widget\" data-widget_type=\"spacer.default\">\n\t\t\t\t<div class=\"elementor-widget-container\">\n\t\t\t\t\t<div class=\"elementor-spacer\">\n\t\t\t<div class=\"elementor-spacer-inner\"><\/div>\n\t\t<\/div>\n\t\t\t\t<\/div>\n\t\t\t\t<\/div>\n\t\t\t\t<div class=\"gt3-core-button--alignment_left elementor-element elementor-element-2207b87c elementor-widget elementor-widget-gt3-core-button\" data-id=\"2207b87c\" data-element_type=\"widget\" data-widget_type=\"gt3-core-button.default\">\n\t\t\t\t<div class=\"elementor-widget-container\">\n\t\t\t\t<div class=\"gt3_module_button_elementor size_custom alignment_left button_icon_none hover_type5 rounded\">\r\n\t\t<a class=\"button_size_elementor_custom alignment_left border_icon_none hover_type5 btn_icon_position_left\" href=\"https:\/\/tlmocnik.sk\/es\/kontakt\/\">\r\n\t\t\t\t<span class=\"gt3_module_button__container\">\r\n\t\t\t\t\t\t\t\t\t\t\t<span class=\"elementor_gt3_btn_text\">Contacto<\/span>\t\t\t\t\t\t<span class=\"gt3_module_button__cover front\"><\/span>\r\n\t\t\t\t\t\t<span class=\"gt3_module_button__cover back\"><\/span>\r\n\t\t\t\t\t\t\t\t\t<\/span>\r\n\t\t<\/a>\r\n\t<\/div>\r\n\r\n<script type=\"application\/json\" id=\"settings--2207b87c\">[]<\/script>\t\t<\/div>\n\t\t\t\t<\/div>\n\t\t\t\t<div class=\"elementor-element elementor-element-6b8af006 elementor-widget elementor-widget-spacer\" data-id=\"6b8af006\" data-element_type=\"widget\" data-widget_type=\"spacer.default\">\n\t\t\t\t<div class=\"elementor-widget-container\">\n\t\t\t\t\t<div class=\"elementor-spacer\">\n\t\t\t<div class=\"elementor-spacer-inner\"><\/div>\n\t\t<\/div>\n\t\t\t\t<\/div>\n\t\t\t\t<\/div>\n\t\t\t\t\t\t<\/div>\n\t\t\t\t\t<\/div>\n\t\t<\/div>\n\t\t\t\t\t\t\t\t<\/div>\n\t\t\t\t\t<\/div>\n\t\t<\/section>\n\t\t\t\t\t\t\t\t\t<\/div>\n\t\t\t<\/div>\n\t\t\t\t\t<\/div>\n\t\t","protected":false},"excerpt":{"rendered":"<p>Verificaci\u00f3n de documentos Todo tipo de documentos Contacto Nuestra empresa le proporcionar\u00e1 la verificaci\u00f3n de documentos para las necesidades de las autoridades en plazos cortos a precios favorables. Proporcionamos verificaci\u00f3n completa de todo tipo de documentos cuando se presentan en el extranjero. Notar\u00edas, confirmaciones por ministerios, legalizaciones, superlegalizaciones, apostillas, verificaciones judiciales, todo esto lo podemos [&hellip;]<\/p>\n","protected":false},"author":1,"featured_media":0,"parent":0,"menu_order":0,"comment_status":"closed","ping_status":"closed","template":"","meta":{"footnotes":""},"class_list":["post-9026","page","type-page","status-publish","hentry"],"yoast_head":"<!-- This site is optimized with the Yoast SEO plugin v17.4 - https:\/\/yoast.com\/wordpress\/plugins\/seo\/ -->\n<title>Verificaci\u00f3n de documentos Bratislava - Tlmocnik.sk<\/title>\n<meta name=\"description\" content=\"Verificaci\u00f3n de documentos Bratislava. Le proporcionaremos la verificaci\u00f3n de documentos para diversas necesidades en un corto per\u00edodo...\" \/>\n<meta name=\"robots\" content=\"index, follow, max-snippet:-1, max-image-preview:large, max-video-preview:-1\" \/>\n<link rel=\"canonical\" href=\"https:\/\/tlmocnik.sk\/es\/verificacion-de-documentos\/\" \/>\n<meta property=\"og:locale\" content=\"es_ES\" \/>\n<meta property=\"og:type\" content=\"article\" \/>\n<meta property=\"og:title\" content=\"Verificaci\u00f3n de documentos Bratislava - Tlmocnik.sk\" \/>\n<meta property=\"og:description\" content=\"Verificaci\u00f3n de documentos Bratislava. Le proporcionaremos la verificaci\u00f3n de documentos para diversas necesidades en un corto per\u00edodo...\" \/>\n<meta property=\"og:url\" content=\"https:\/\/tlmocnik.sk\/es\/verificacion-de-documentos\/\" \/>\n<meta property=\"og:site_name\" content=\"Tlmocnik.sk\" \/>\n<meta property=\"article:modified_time\" content=\"2022-12-15T14:52:59+00:00\" \/>\n<meta property=\"og:image\" content=\"https:\/\/tlmocnik.sk\/es\/wp-content\/uploads\/2021\/06\/tlmocnicka11.jpg\" \/>\n<meta name=\"twitter:card\" content=\"summary_large_image\" \/>\n<script type=\"application\/ld+json\" class=\"yoast-schema-graph\">{\"@context\":\"https:\/\/schema.org\",\"@graph\":[{\"@type\":\"WebSite\",\"@id\":\"https:\/\/tlmocnik.sk\/es\/#website\",\"url\":\"https:\/\/tlmocnik.sk\/es\/\",\"name\":\"Tlmocnik.sk\",\"description\":\"\",\"potentialAction\":[{\"@type\":\"SearchAction\",\"target\":{\"@type\":\"EntryPoint\",\"urlTemplate\":\"https:\/\/tlmocnik.sk\/es\/?s={search_term_string}\"},\"query-input\":\"required name=search_term_string\"}],\"inLanguage\":\"es\"},{\"@type\":\"ImageObject\",\"@id\":\"https:\/\/tlmocnik.sk\/es\/verificacion-de-documentos\/#primaryimage\",\"inLanguage\":\"es\",\"url\":\"https:\/\/tlmocnik.sk\/es\/wp-content\/uploads\/2021\/06\/tlmocnicka11.jpg\",\"contentUrl\":\"https:\/\/tlmocnik.sk\/es\/wp-content\/uploads\/2021\/06\/tlmocnicka11.jpg\",\"width\":637,\"height\":582},{\"@type\":\"WebPage\",\"@id\":\"https:\/\/tlmocnik.sk\/es\/verificacion-de-documentos\/#webpage\",\"url\":\"https:\/\/tlmocnik.sk\/es\/verificacion-de-documentos\/\",\"name\":\"Verificaci\\u00f3n de documentos Bratislava - Tlmocnik.sk\",\"isPartOf\":{\"@id\":\"https:\/\/tlmocnik.sk\/es\/#website\"},\"primaryImageOfPage\":{\"@id\":\"https:\/\/tlmocnik.sk\/es\/verificacion-de-documentos\/#primaryimage\"},\"datePublished\":\"2021-06-07T14:50:03+00:00\",\"dateModified\":\"2022-12-15T14:52:59+00:00\",\"description\":\"Verificaci\\u00f3n de documentos Bratislava. Le proporcionaremos la verificaci\\u00f3n de documentos para diversas necesidades en un corto per\\u00edodo...\",\"breadcrumb\":{\"@id\":\"https:\/\/tlmocnik.sk\/es\/verificacion-de-documentos\/#breadcrumb\"},\"inLanguage\":\"es\",\"potentialAction\":[{\"@type\":\"ReadAction\",\"target\":[\"https:\/\/tlmocnik.sk\/es\/verificacion-de-documentos\/\"]}]},{\"@type\":\"BreadcrumbList\",\"@id\":\"https:\/\/tlmocnik.sk\/es\/verificacion-de-documentos\/#breadcrumb\",\"itemListElement\":[{\"@type\":\"ListItem\",\"position\":1,\"name\":\"Home\",\"item\":\"https:\/\/tlmocnik.sk\/es\/\"},{\"@type\":\"ListItem\",\"position\":2,\"name\":\"Verificaci\\u00f3n de documentos\"}]}]}<\/script>\n<!-- \/ Yoast SEO plugin. -->","yoast_head_json":{"title":"Verificaci\u00f3n de documentos Bratislava - Tlmocnik.sk","description":"Verificaci\u00f3n de documentos Bratislava. Le proporcionaremos la verificaci\u00f3n de documentos para diversas necesidades en un corto per\u00edodo...","robots":{"index":"index","follow":"follow","max-snippet":"max-snippet:-1","max-image-preview":"max-image-preview:large","max-video-preview":"max-video-preview:-1"},"canonical":"https:\/\/tlmocnik.sk\/es\/verificacion-de-documentos\/","og_locale":"es_ES","og_type":"article","og_title":"Verificaci\u00f3n de documentos Bratislava - Tlmocnik.sk","og_description":"Verificaci\u00f3n de documentos Bratislava. Le proporcionaremos la verificaci\u00f3n de documentos para diversas necesidades en un corto per\u00edodo...","og_url":"https:\/\/tlmocnik.sk\/es\/verificacion-de-documentos\/","og_site_name":"Tlmocnik.sk","article_modified_time":"2022-12-15T14:52:59+00:00","og_image":[{"url":"https:\/\/tlmocnik.sk\/es\/wp-content\/uploads\/2021\/06\/tlmocnicka11.jpg"}],"twitter_card":"summary_large_image","schema":{"@context":"https:\/\/schema.org","@graph":[{"@type":"WebSite","@id":"https:\/\/tlmocnik.sk\/es\/#website","url":"https:\/\/tlmocnik.sk\/es\/","name":"Tlmocnik.sk","description":"","potentialAction":[{"@type":"SearchAction","target":{"@type":"EntryPoint","urlTemplate":"https:\/\/tlmocnik.sk\/es\/?s={search_term_string}"},"query-input":"required name=search_term_string"}],"inLanguage":"es"},{"@type":"ImageObject","@id":"https:\/\/tlmocnik.sk\/es\/verificacion-de-documentos\/#primaryimage","inLanguage":"es","url":"https:\/\/tlmocnik.sk\/es\/wp-content\/uploads\/2021\/06\/tlmocnicka11.jpg","contentUrl":"https:\/\/tlmocnik.sk\/es\/wp-content\/uploads\/2021\/06\/tlmocnicka11.jpg","width":637,"height":582},{"@type":"WebPage","@id":"https:\/\/tlmocnik.sk\/es\/verificacion-de-documentos\/#webpage","url":"https:\/\/tlmocnik.sk\/es\/verificacion-de-documentos\/","name":"Verificaci\u00f3n de documentos Bratislava - Tlmocnik.sk","isPartOf":{"@id":"https:\/\/tlmocnik.sk\/es\/#website"},"primaryImageOfPage":{"@id":"https:\/\/tlmocnik.sk\/es\/verificacion-de-documentos\/#primaryimage"},"datePublished":"2021-06-07T14:50:03+00:00","dateModified":"2022-12-15T14:52:59+00:00","description":"Verificaci\u00f3n de documentos Bratislava. Le proporcionaremos la verificaci\u00f3n de documentos para diversas necesidades en un corto per\u00edodo...","breadcrumb":{"@id":"https:\/\/tlmocnik.sk\/es\/verificacion-de-documentos\/#breadcrumb"},"inLanguage":"es","potentialAction":[{"@type":"ReadAction","target":["https:\/\/tlmocnik.sk\/es\/verificacion-de-documentos\/"]}]},{"@type":"BreadcrumbList","@id":"https:\/\/tlmocnik.sk\/es\/verificacion-de-documentos\/#breadcrumb","itemListElement":[{"@type":"ListItem","position":1,"name":"Home","item":"https:\/\/tlmocnik.sk\/es\/"},{"@type":"ListItem","position":2,"name":"Verificaci\u00f3n de documentos"}]}]}},"_links":{"self":[{"href":"https:\/\/tlmocnik.sk\/es\/wp-json\/wp\/v2\/pages\/9026","targetHints":{"allow":["GET"]}}],"collection":[{"href":"https:\/\/tlmocnik.sk\/es\/wp-json\/wp\/v2\/pages"}],"about":[{"href":"https:\/\/tlmocnik.sk\/es\/wp-json\/wp\/v2\/types\/page"}],"author":[{"embeddable":true,"href":"https:\/\/tlmocnik.sk\/es\/wp-json\/wp\/v2\/users\/1"}],"replies":[{"embeddable":true,"href":"https:\/\/tlmocnik.sk\/es\/wp-json\/wp\/v2\/comments?post=9026"}],"version-history":[{"count":27,"href":"https:\/\/tlmocnik.sk\/es\/wp-json\/wp\/v2\/pages\/9026\/revisions"}],"predecessor-version":[{"id":9625,"href":"https:\/\/tlmocnik.sk\/es\/wp-json\/wp\/v2\/pages\/9026\/revisions\/9625"}],"wp:attachment":[{"href":"https:\/\/tlmocnik.sk\/es\/wp-json\/wp\/v2\/media?parent=9026"}],"curies":[{"name":"wp","href":"https:\/\/api.w.org\/{rel}","templated":true}]}}