{"id":9032,"date":"2021-06-07T18:09:18","date_gmt":"2021-06-07T16:09:18","guid":{"rendered":"https:\/\/tlmocnik.sk\/es\/?page_id=9032"},"modified":"2022-12-15T16:03:29","modified_gmt":"2022-12-15T15:03:29","slug":"tecnica-de-interpretacion","status":"publish","type":"page","link":"https:\/\/tlmocnik.sk\/es\/tecnica-de-interpretacion\/","title":{"rendered":"T\u00e9cnica de interpretaci\u00f3n"},"content":{"rendered":"\t\t<div data-elementor-type=\"wp-page\" data-elementor-id=\"9032\" class=\"elementor elementor-9032\">\n\t\t\t\t\t\t<div class=\"elementor-inner\">\n\t\t\t\t<div class=\"elementor-section-wrap\">\n\t\t\t\t\t\t\t\t\t<section class=\"elementor-section elementor-top-section elementor-element elementor-element-56037d2a elementor-section-boxed elementor-section-height-default elementor-section-height-default\" data-id=\"56037d2a\" data-element_type=\"section\">\n\t\t\t\t\t\t<div class=\"elementor-container elementor-column-gap-extended\">\n\t\t\t\t\t\t\t<div class=\"elementor-row\">\n\t\t\t\t\t<div class=\"elementor-column elementor-col-100 elementor-top-column elementor-element elementor-element-496bf5ef\" data-id=\"496bf5ef\" data-element_type=\"column\">\n\t\t\t<div class=\"elementor-column-wrap elementor-element-populated\">\n\t\t\t\t\t\t\t<div class=\"elementor-widget-wrap\">\n\t\t\t\t\t\t<div class=\"elementor-element elementor-element-21a1b5b6 elementor-widget elementor-widget-spacer\" data-id=\"21a1b5b6\" data-element_type=\"widget\" data-widget_type=\"spacer.default\">\n\t\t\t\t<div class=\"elementor-widget-container\">\n\t\t\t\t\t<div class=\"elementor-spacer\">\n\t\t\t<div class=\"elementor-spacer-inner\"><\/div>\n\t\t<\/div>\n\t\t\t\t<\/div>\n\t\t\t\t<\/div>\n\t\t\t\t<section class=\"elementor-section elementor-inner-section elementor-element elementor-element-4ca8961b elementor-section-boxed elementor-section-height-default elementor-section-height-default\" data-id=\"4ca8961b\" data-element_type=\"section\">\n\t\t\t\t\t\t<div class=\"elementor-container elementor-column-gap-default\">\n\t\t\t\t\t\t\t<div class=\"elementor-row\">\n\t\t\t\t\t<div class=\"elementor-column elementor-col-33 elementor-inner-column elementor-element elementor-element-201f3430\" data-id=\"201f3430\" data-element_type=\"column\">\n\t\t\t<div class=\"elementor-column-wrap elementor-element-populated\">\n\t\t\t\t\t\t\t<div class=\"elementor-widget-wrap\">\n\t\t\t\t\t\t<div class=\"elementor-element-custom_font_size elementor-element-custom_font_weight elementor-element elementor-element-5655f elementor-widget elementor-widget-text-editor\" data-id=\"5655f\" data-element_type=\"widget\" data-widget_type=\"text-editor.default\">\n\t\t\t\t<div class=\"elementor-widget-container\">\n\t\t\t\t\t\t\t\t<div class=\"elementor-text-editor elementor-clearfix\">\n\t\t\t\t<h5>INSTALACIONES DE INTERPRETACI\u00d3N DE CONFERENCIAS<\/h5>\t\t\t\t\t<\/div>\n\t\t\t\t\t\t<\/div>\n\t\t\t\t<\/div>\n\t\t\t\t<div class=\"elementor-element elementor-element-55b8ccae elementor-widget elementor-widget-heading\" data-id=\"55b8ccae\" data-element_type=\"widget\" data-widget_type=\"heading.default\">\n\t\t\t\t<div class=\"elementor-widget-container\">\n\t\t\t<h2 class=\"elementor-heading-title elementor-size-default\">Equipos de interpretaci\u00f3n, cabinas, sonorizaci\u00f3n de salas, microfon\u00eda, proyectores...<\/h2>\t\t<\/div>\n\t\t\t\t<\/div>\n\t\t\t\t<div class=\"elementor-element elementor-element-523f5bbc elementor-widget elementor-widget-spacer\" data-id=\"523f5bbc\" data-element_type=\"widget\" data-widget_type=\"spacer.default\">\n\t\t\t\t<div class=\"elementor-widget-container\">\n\t\t\t\t\t<div class=\"elementor-spacer\">\n\t\t\t<div class=\"elementor-spacer-inner\"><\/div>\n\t\t<\/div>\n\t\t\t\t<\/div>\n\t\t\t\t<\/div>\n\t\t\t\t<div class=\"gt3-core-button--alignment_left elementor-element elementor-element-6a3559ab elementor-widget elementor-widget-gt3-core-button\" data-id=\"6a3559ab\" data-element_type=\"widget\" data-widget_type=\"gt3-core-button.default\">\n\t\t\t\t<div class=\"elementor-widget-container\">\n\t\t\t\t<div class=\"gt3_module_button_elementor size_custom alignment_left button_icon_none hover_type5 rounded\">\r\n\t\t<a class=\"button_size_elementor_custom alignment_left border_icon_none hover_type5 btn_icon_position_left\" href=\"https:\/\/tlmocnik.sk\/es\/kontakt\/\">\r\n\t\t\t\t<span class=\"gt3_module_button__container\">\r\n\t\t\t\t\t\t\t\t\t\t\t<span class=\"elementor_gt3_btn_text\">Contacto<\/span>\t\t\t\t\t\t<span class=\"gt3_module_button__cover front\"><\/span>\r\n\t\t\t\t\t\t<span class=\"gt3_module_button__cover back\"><\/span>\r\n\t\t\t\t\t\t\t\t\t<\/span>\r\n\t\t<\/a>\r\n\t<\/div>\r\n\r\n<script type=\"application\/json\" id=\"settings--6a3559ab\">[]<\/script>\t\t<\/div>\n\t\t\t\t<\/div>\n\t\t\t\t<div class=\"elementor-element elementor-element-7d4667dc elementor-widget elementor-widget-image\" data-id=\"7d4667dc\" data-element_type=\"widget\" data-widget_type=\"image.default\">\n\t\t\t\t<div class=\"elementor-widget-container\">\n\t\t\t\t\t\t\t\t<div class=\"elementor-image\">\n\t\t\t\t\t\t\t\t\t\t\t\t<img loading=\"lazy\" decoding=\"async\" width=\"613\" height=\"463\" src=\"https:\/\/tlmocnik.sk\/es\/wp-content\/uploads\/2019\/09\/home_img-01.png\" class=\"attachment-full size-full\" alt=\"\" srcset=\"https:\/\/tlmocnik.sk\/es\/wp-content\/uploads\/2019\/09\/home_img-01.png 613w, https:\/\/tlmocnik.sk\/es\/wp-content\/uploads\/2019\/09\/home_img-01-300x227.png 300w, https:\/\/tlmocnik.sk\/es\/wp-content\/uploads\/2019\/09\/home_img-01-480x363.png 480w\" sizes=\"auto, (max-width: 613px) 100vw, 613px\" title=\"home_img-01\" \/>\t\t\t\t\t\t\t\t\t\t\t\t\t\t<\/div>\n\t\t\t\t\t\t<\/div>\n\t\t\t\t<\/div>\n\t\t\t\t\t\t<\/div>\n\t\t\t\t\t<\/div>\n\t\t<\/div>\n\t\t\t\t<div class=\"elementor-column elementor-col-33 elementor-inner-column elementor-element elementor-element-49241c6c\" data-id=\"49241c6c\" data-element_type=\"column\">\n\t\t\t<div class=\"elementor-column-wrap elementor-element-populated\">\n\t\t\t\t\t\t\t<div class=\"elementor-widget-wrap\">\n\t\t\t\t\t\t<div class=\"elementor-element elementor-element-22679e66 elementor-widget elementor-widget-spacer\" data-id=\"22679e66\" data-element_type=\"widget\" data-widget_type=\"spacer.default\">\n\t\t\t\t<div class=\"elementor-widget-container\">\n\t\t\t\t\t<div class=\"elementor-spacer\">\n\t\t\t<div class=\"elementor-spacer-inner\"><\/div>\n\t\t<\/div>\n\t\t\t\t<\/div>\n\t\t\t\t<\/div>\n\t\t\t\t<div class=\"elementor-element elementor-element-372afe7b elementor-widget elementor-widget-text-editor\" data-id=\"372afe7b\" data-element_type=\"widget\" data-widget_type=\"text-editor.default\">\n\t\t\t\t<div class=\"elementor-widget-container\">\n\t\t\t\t\t\t\t\t<div class=\"elementor-text-editor elementor-clearfix\">\n\t\t\t\t<p>\u00bfEst\u00e1 organizando una conferencia, seminario\u00a0 o reuni\u00f3n con la participaci\u00f3n de invitados extranjeros? \u00bfHa pedido int\u00e9rpretes y le faltan equipos de interpretaci\u00f3n, sistema de sonido en la sala, etc.? Proveemos micr\u00f3fonos, estaciones, proyectores, cabinas de interpretaci\u00f3n, cabinas de interpretaci\u00f3n ISO, etc. Tenemos una de las experiencias m\u00e1s ricas en interpretaci\u00f3n de conferencias. Estaremos encantados de asesorarte y resolver cualquier duda t\u00e9cnica que pueda surgir durante la organizaci\u00f3n de tu evento.<\/p><h2>Los nuevos clientes tienen la oportunidad de utilizar un paquete especial de servicios que incluye:<\/h2><p>\u2013 Un regalo por la primera traducci\u00f3n<\/p><p>\u2013 Descuento de activaci\u00f3n del 6,5% de la lista de precios vigente<\/p><p>\u2013 Descuento por volumen adicional del 2% ya despu\u00e9s del 5\u00ba normostrano<\/p><p>\u2013 Entrega gratuita de la primera traducci\u00f3n judicial dentro de Bratislava por mensajer\u00eda (con pago en efectivo)<\/p><p>\u2013 Archivo gratuito y confidencial de documentos durante 2 a\u00f1os<\/p><p>\u2013 30% de descuento en la tarifa por tr\u00e1mite de verificaciones superiores<\/p><p>\u2013<span>\u00a0<\/span><strong>Posibilidad<\/strong><span>\u00a0<\/span> de realizar<strong><span>\u00a0<\/span>pedidos a trav\u00e9s de Internet<\/strong><\/p><p>&#8211; Posibilidad de <span><\/span><strong>chat online<\/strong><span><\/span>consultas<\/p><h2>Los nuevos clientes pueden pasar gradualmente a la categor\u00eda de clientes fidelizados, a los que se les proporcionan descuentos a\u00fan mejores<\/h2>\t\t\t\t\t<\/div>\n\t\t\t\t\t\t<\/div>\n\t\t\t\t<\/div>\n\t\t\t\t\t\t<\/div>\n\t\t\t\t\t<\/div>\n\t\t<\/div>\n\t\t\t\t<div class=\"elementor-column elementor-col-33 elementor-inner-column elementor-element elementor-element-66c752d3\" data-id=\"66c752d3\" data-element_type=\"column\">\n\t\t\t<div class=\"elementor-column-wrap\">\n\t\t\t\t\t\t\t<div class=\"elementor-widget-wrap\">\n\t\t\t\t\t\t\t\t<\/div>\n\t\t\t\t\t<\/div>\n\t\t<\/div>\n\t\t\t\t\t\t\t\t<\/div>\n\t\t\t\t\t<\/div>\n\t\t<\/section>\n\t\t\t\t\t\t<\/div>\n\t\t\t\t\t<\/div>\n\t\t<\/div>\n\t\t\t\t\t\t\t\t<\/div>\n\t\t\t\t\t<\/div>\n\t\t<\/section>\n\t\t\t\t<section class=\"elementor-section elementor-top-section elementor-element elementor-element-75da5896 elementor-section-boxed elementor-section-height-default elementor-section-height-default\" data-id=\"75da5896\" data-element_type=\"section\">\n\t\t\t\t\t\t<div class=\"elementor-container elementor-column-gap-default\">\n\t\t\t\t\t\t\t<div class=\"elementor-row\">\n\t\t\t\t\t<div class=\"elementor-column elementor-col-100 elementor-top-column elementor-element elementor-element-36916110\" data-id=\"36916110\" data-element_type=\"column\">\n\t\t\t<div class=\"elementor-column-wrap elementor-element-populated\">\n\t\t\t\t\t\t\t<div class=\"elementor-widget-wrap\">\n\t\t\t\t\t\t<div class=\"elementor-element elementor-element-6d2118a6 elementor-widget elementor-widget-image\" data-id=\"6d2118a6\" data-element_type=\"widget\" data-widget_type=\"image.default\">\n\t\t\t\t<div class=\"elementor-widget-container\">\n\t\t\t\t\t\t\t\t<div class=\"elementor-image\">\n\t\t\t\t\t\t\t\t\t\t\t\t<img loading=\"lazy\" decoding=\"async\" width=\"1330\" height=\"622\" src=\"https:\/\/tlmocnik.sk\/es\/wp-content\/uploads\/2019\/09\/SMM_img.jpg\" class=\"attachment-full size-full\" alt=\"\" srcset=\"https:\/\/tlmocnik.sk\/es\/wp-content\/uploads\/2019\/09\/SMM_img.jpg 1330w, https:\/\/tlmocnik.sk\/es\/wp-content\/uploads\/2019\/09\/SMM_img-1200x561.jpg 1200w, https:\/\/tlmocnik.sk\/es\/wp-content\/uploads\/2019\/09\/SMM_img-300x140.jpg 300w, https:\/\/tlmocnik.sk\/es\/wp-content\/uploads\/2019\/09\/SMM_img-1024x479.jpg 1024w, https:\/\/tlmocnik.sk\/es\/wp-content\/uploads\/2019\/09\/SMM_img-768x359.jpg 768w, https:\/\/tlmocnik.sk\/es\/wp-content\/uploads\/2019\/09\/SMM_img-480x224.jpg 480w\" sizes=\"auto, (max-width: 1330px) 100vw, 1330px\" title=\"SMM_img\" \/>\t\t\t\t\t\t\t\t\t\t\t\t\t\t<\/div>\n\t\t\t\t\t\t<\/div>\n\t\t\t\t<\/div>\n\t\t\t\t<div class=\"elementor-element elementor-element-16ff3c1c elementor-widget elementor-widget-spacer\" data-id=\"16ff3c1c\" data-element_type=\"widget\" data-widget_type=\"spacer.default\">\n\t\t\t\t<div class=\"elementor-widget-container\">\n\t\t\t\t\t<div class=\"elementor-spacer\">\n\t\t\t<div class=\"elementor-spacer-inner\"><\/div>\n\t\t<\/div>\n\t\t\t\t<\/div>\n\t\t\t\t<\/div>\n\t\t\t\t\t\t<\/div>\n\t\t\t\t\t<\/div>\n\t\t<\/div>\n\t\t\t\t\t\t\t\t<\/div>\n\t\t\t\t\t<\/div>\n\t\t<\/section>\n\t\t\t\t<section class=\"elementor-section elementor-top-section elementor-element elementor-element-6660b36 elementor-section-boxed elementor-section-height-default elementor-section-height-default\" data-id=\"6660b36\" data-element_type=\"section\" data-settings=\"{&quot;background_background&quot;:&quot;classic&quot;}\">\n\t\t\t\t\t\t<div class=\"elementor-container elementor-column-gap-extended\">\n\t\t\t\t\t\t\t<div class=\"elementor-row\">\n\t\t\t\t\t<div class=\"elementor-column elementor-col-50 elementor-top-column elementor-element elementor-element-23a84eb6\" data-id=\"23a84eb6\" data-element_type=\"column\">\n\t\t\t<div class=\"elementor-column-wrap elementor-element-populated\">\n\t\t\t\t\t\t\t<div class=\"elementor-widget-wrap\">\n\t\t\t\t\t\t<div class=\"elementor-element elementor-element-60f399 elementor-widget elementor-widget-spacer\" data-id=\"60f399\" data-element_type=\"widget\" data-widget_type=\"spacer.default\">\n\t\t\t\t<div class=\"elementor-widget-container\">\n\t\t\t\t\t<div class=\"elementor-spacer\">\n\t\t\t<div class=\"elementor-spacer-inner\"><\/div>\n\t\t<\/div>\n\t\t\t\t<\/div>\n\t\t\t\t<\/div>\n\t\t\t\t<div class=\"elementor-element elementor-element-45ee26 elementor-widget elementor-widget-image\" data-id=\"45ee26\" data-element_type=\"widget\" data-widget_type=\"image.default\">\n\t\t\t\t<div class=\"elementor-widget-container\">\n\t\t\t\t\t\t\t\t<div class=\"elementor-image\">\n\t\t\t\t\t\t\t\t\t\t\t\t<img loading=\"lazy\" decoding=\"async\" width=\"613\" height=\"463\" src=\"https:\/\/tlmocnik.sk\/es\/wp-content\/uploads\/2019\/09\/home_img-01.png\" class=\"attachment-full size-full\" alt=\"\" srcset=\"https:\/\/tlmocnik.sk\/es\/wp-content\/uploads\/2019\/09\/home_img-01.png 613w, https:\/\/tlmocnik.sk\/es\/wp-content\/uploads\/2019\/09\/home_img-01-300x227.png 300w, https:\/\/tlmocnik.sk\/es\/wp-content\/uploads\/2019\/09\/home_img-01-480x363.png 480w\" sizes=\"auto, (max-width: 613px) 100vw, 613px\" title=\"home_img-01\" \/>\t\t\t\t\t\t\t\t\t\t\t\t\t\t<\/div>\n\t\t\t\t\t\t<\/div>\n\t\t\t\t<\/div>\n\t\t\t\t\t\t<\/div>\n\t\t\t\t\t<\/div>\n\t\t<\/div>\n\t\t\t\t<div class=\"elementor-column elementor-col-50 elementor-top-column elementor-element elementor-element-162bd405\" data-id=\"162bd405\" data-element_type=\"column\">\n\t\t\t<div class=\"elementor-column-wrap elementor-element-populated\">\n\t\t\t\t\t\t\t<div class=\"elementor-widget-wrap\">\n\t\t\t\t\t\t<div class=\"elementor-element elementor-element-745a6971 elementor-widget elementor-widget-spacer\" data-id=\"745a6971\" data-element_type=\"widget\" data-widget_type=\"spacer.default\">\n\t\t\t\t<div class=\"elementor-widget-container\">\n\t\t\t\t\t<div class=\"elementor-spacer\">\n\t\t\t<div class=\"elementor-spacer-inner\"><\/div>\n\t\t<\/div>\n\t\t\t\t<\/div>\n\t\t\t\t<\/div>\n\t\t\t\t<div class=\"elementor-element-custom_font_size elementor-element-custom_font_weight elementor-element elementor-element-5bd3bb8a elementor-widget elementor-widget-text-editor\" data-id=\"5bd3bb8a\" data-element_type=\"widget\" data-widget_type=\"text-editor.default\">\n\t\t\t\t<div class=\"elementor-widget-container\">\n\t\t\t\t\t\t\t\t<div class=\"elementor-text-editor elementor-clearfix\">\n\t\t\t\t<h5>T\u00e9cnica de interpretaci\u00f3n<\/h5>\t\t\t\t\t<\/div>\n\t\t\t\t\t\t<\/div>\n\t\t\t\t<\/div>\n\t\t\t\t<div class=\"elementor-element elementor-element-37b8e1de elementor-widget elementor-widget-heading\" data-id=\"37b8e1de\" data-element_type=\"widget\" data-widget_type=\"heading.default\">\n\t\t\t\t<div class=\"elementor-widget-container\">\n\t\t\t<h2 class=\"elementor-heading-title elementor-size-default\">\u00bfNo puedes decidir?<\/h2>\t\t<\/div>\n\t\t\t\t<\/div>\n\t\t\t\t<div class=\"elementor-element elementor-element-65872c24 elementor-widget elementor-widget-text-editor\" data-id=\"65872c24\" data-element_type=\"widget\" data-widget_type=\"text-editor.default\">\n\t\t\t\t<div class=\"elementor-widget-container\">\n\t\t\t\t\t\t\t\t<div class=\"elementor-text-editor elementor-clearfix\">\n\t\t\t\t<p>Si no est\u00e1 seguro de qu\u00e9 servicio necesita, cont\u00e1ctenos y encontraremos el mejor para usted.<\/p>\t\t\t\t\t<\/div>\n\t\t\t\t\t\t<\/div>\n\t\t\t\t<\/div>\n\t\t\t\t<div class=\"elementor-element elementor-element-63b17d45 elementor-widget elementor-widget-spacer\" data-id=\"63b17d45\" data-element_type=\"widget\" data-widget_type=\"spacer.default\">\n\t\t\t\t<div class=\"elementor-widget-container\">\n\t\t\t\t\t<div class=\"elementor-spacer\">\n\t\t\t<div class=\"elementor-spacer-inner\"><\/div>\n\t\t<\/div>\n\t\t\t\t<\/div>\n\t\t\t\t<\/div>\n\t\t\t\t<div class=\"gt3-core-button--alignment_left elementor-element elementor-element-23968907 elementor-widget elementor-widget-gt3-core-button\" data-id=\"23968907\" data-element_type=\"widget\" data-widget_type=\"gt3-core-button.default\">\n\t\t\t\t<div class=\"elementor-widget-container\">\n\t\t\t\t<div class=\"gt3_module_button_elementor size_custom alignment_left button_icon_none hover_type5 rounded\">\r\n\t\t<a class=\"button_size_elementor_custom alignment_left border_icon_none hover_type5 btn_icon_position_left\" href=\"https:\/\/tlmocnik.sk\/es\/kontakt\/\">\r\n\t\t\t\t<span class=\"gt3_module_button__container\">\r\n\t\t\t\t\t\t\t\t\t\t\t<span class=\"elementor_gt3_btn_text\">Contacto<\/span>\t\t\t\t\t\t<span class=\"gt3_module_button__cover front\"><\/span>\r\n\t\t\t\t\t\t<span class=\"gt3_module_button__cover back\"><\/span>\r\n\t\t\t\t\t\t\t\t\t<\/span>\r\n\t\t<\/a>\r\n\t<\/div>\r\n\r\n<script type=\"application\/json\" id=\"settings--23968907\">[]<\/script>\t\t<\/div>\n\t\t\t\t<\/div>\n\t\t\t\t<div class=\"elementor-element elementor-element-3e962824 elementor-widget elementor-widget-spacer\" data-id=\"3e962824\" data-element_type=\"widget\" data-widget_type=\"spacer.default\">\n\t\t\t\t<div class=\"elementor-widget-container\">\n\t\t\t\t\t<div class=\"elementor-spacer\">\n\t\t\t<div class=\"elementor-spacer-inner\"><\/div>\n\t\t<\/div>\n\t\t\t\t<\/div>\n\t\t\t\t<\/div>\n\t\t\t\t\t\t<\/div>\n\t\t\t\t\t<\/div>\n\t\t<\/div>\n\t\t\t\t\t\t\t\t<\/div>\n\t\t\t\t\t<\/div>\n\t\t<\/section>\n\t\t\t\t\t\t\t\t\t<\/div>\n\t\t\t<\/div>\n\t\t\t\t\t<\/div>\n\t\t","protected":false},"excerpt":{"rendered":"<p>INSTALACIONES DE INTERPRETACI\u00d3N DE CONFERENCIAS Equipos de interpretaci\u00f3n, cabinas, sonorizaci\u00f3n de salas, microfon\u00eda, proyectores&#8230; Contacto \u00bfEst\u00e1 organizando una conferencia, seminario\u00a0 o reuni\u00f3n con la participaci\u00f3n de invitados extranjeros? \u00bfHa pedido int\u00e9rpretes y le faltan equipos de interpretaci\u00f3n, sistema de sonido en la sala, etc.? Proveemos micr\u00f3fonos, estaciones, proyectores, cabinas de interpretaci\u00f3n, cabinas de interpretaci\u00f3n ISO, [&hellip;]<\/p>\n","protected":false},"author":1,"featured_media":0,"parent":0,"menu_order":0,"comment_status":"closed","ping_status":"closed","template":"","meta":{"footnotes":""},"class_list":["post-9032","page","type-page","status-publish","hentry"],"yoast_head":"<!-- This site is optimized with the Yoast SEO plugin v17.4 - https:\/\/yoast.com\/wordpress\/plugins\/seo\/ -->\n<title>T\u00e9cnica de interpretaci\u00f3n - Tlmocnik.sk<\/title>\n<meta name=\"robots\" content=\"index, follow, max-snippet:-1, max-image-preview:large, max-video-preview:-1\" \/>\n<link rel=\"canonical\" href=\"https:\/\/tlmocnik.sk\/es\/tecnica-de-interpretacion\/\" \/>\n<meta property=\"og:locale\" content=\"es_ES\" \/>\n<meta property=\"og:type\" content=\"article\" \/>\n<meta property=\"og:title\" content=\"T\u00e9cnica de interpretaci\u00f3n - Tlmocnik.sk\" \/>\n<meta property=\"og:description\" content=\"INSTALACIONES DE INTERPRETACI\u00d3N DE CONFERENCIAS Equipos de interpretaci\u00f3n, cabinas, sonorizaci\u00f3n de salas, microfon\u00eda, proyectores&#8230; Contacto \u00bfEst\u00e1 organizando una conferencia, seminario\u00a0 o reuni\u00f3n con la participaci\u00f3n de invitados extranjeros? \u00bfHa pedido int\u00e9rpretes y le faltan equipos de interpretaci\u00f3n, sistema de sonido en la sala, etc.? Proveemos micr\u00f3fonos, estaciones, proyectores, cabinas de interpretaci\u00f3n, cabinas de interpretaci\u00f3n ISO, [&hellip;]\" \/>\n<meta property=\"og:url\" content=\"https:\/\/tlmocnik.sk\/es\/tecnica-de-interpretacion\/\" \/>\n<meta property=\"og:site_name\" content=\"Tlmocnik.sk\" \/>\n<meta property=\"article:modified_time\" content=\"2022-12-15T15:03:29+00:00\" \/>\n<meta property=\"og:image\" content=\"https:\/\/tlmocnik.sk\/es\/wp-content\/uploads\/2019\/09\/home_img-01.png\" \/>\n<meta name=\"twitter:card\" content=\"summary_large_image\" \/>\n<script type=\"application\/ld+json\" class=\"yoast-schema-graph\">{\"@context\":\"https:\/\/schema.org\",\"@graph\":[{\"@type\":\"WebSite\",\"@id\":\"https:\/\/tlmocnik.sk\/es\/#website\",\"url\":\"https:\/\/tlmocnik.sk\/es\/\",\"name\":\"Tlmocnik.sk\",\"description\":\"\",\"potentialAction\":[{\"@type\":\"SearchAction\",\"target\":{\"@type\":\"EntryPoint\",\"urlTemplate\":\"https:\/\/tlmocnik.sk\/es\/?s={search_term_string}\"},\"query-input\":\"required name=search_term_string\"}],\"inLanguage\":\"es\"},{\"@type\":\"ImageObject\",\"@id\":\"https:\/\/tlmocnik.sk\/es\/tecnica-de-interpretacion\/#primaryimage\",\"inLanguage\":\"es\",\"url\":\"https:\/\/tlmocnik.sk\/es\/wp-content\/uploads\/2019\/09\/home_img-01.png\",\"contentUrl\":\"https:\/\/tlmocnik.sk\/es\/wp-content\/uploads\/2019\/09\/home_img-01.png\",\"width\":613,\"height\":463},{\"@type\":\"WebPage\",\"@id\":\"https:\/\/tlmocnik.sk\/es\/tecnica-de-interpretacion\/#webpage\",\"url\":\"https:\/\/tlmocnik.sk\/es\/tecnica-de-interpretacion\/\",\"name\":\"T\\u00e9cnica de interpretaci\\u00f3n - Tlmocnik.sk\",\"isPartOf\":{\"@id\":\"https:\/\/tlmocnik.sk\/es\/#website\"},\"primaryImageOfPage\":{\"@id\":\"https:\/\/tlmocnik.sk\/es\/tecnica-de-interpretacion\/#primaryimage\"},\"datePublished\":\"2021-06-07T16:09:18+00:00\",\"dateModified\":\"2022-12-15T15:03:29+00:00\",\"breadcrumb\":{\"@id\":\"https:\/\/tlmocnik.sk\/es\/tecnica-de-interpretacion\/#breadcrumb\"},\"inLanguage\":\"es\",\"potentialAction\":[{\"@type\":\"ReadAction\",\"target\":[\"https:\/\/tlmocnik.sk\/es\/tecnica-de-interpretacion\/\"]}]},{\"@type\":\"BreadcrumbList\",\"@id\":\"https:\/\/tlmocnik.sk\/es\/tecnica-de-interpretacion\/#breadcrumb\",\"itemListElement\":[{\"@type\":\"ListItem\",\"position\":1,\"name\":\"Home\",\"item\":\"https:\/\/tlmocnik.sk\/es\/\"},{\"@type\":\"ListItem\",\"position\":2,\"name\":\"T\\u00e9cnica de interpretaci\\u00f3n\"}]}]}<\/script>\n<!-- \/ Yoast SEO plugin. -->","yoast_head_json":{"title":"T\u00e9cnica de interpretaci\u00f3n - Tlmocnik.sk","robots":{"index":"index","follow":"follow","max-snippet":"max-snippet:-1","max-image-preview":"max-image-preview:large","max-video-preview":"max-video-preview:-1"},"canonical":"https:\/\/tlmocnik.sk\/es\/tecnica-de-interpretacion\/","og_locale":"es_ES","og_type":"article","og_title":"T\u00e9cnica de interpretaci\u00f3n - Tlmocnik.sk","og_description":"INSTALACIONES DE INTERPRETACI\u00d3N DE CONFERENCIAS Equipos de interpretaci\u00f3n, cabinas, sonorizaci\u00f3n de salas, microfon\u00eda, proyectores&#8230; Contacto \u00bfEst\u00e1 organizando una conferencia, seminario\u00a0 o reuni\u00f3n con la participaci\u00f3n de invitados extranjeros? \u00bfHa pedido int\u00e9rpretes y le faltan equipos de interpretaci\u00f3n, sistema de sonido en la sala, etc.? Proveemos micr\u00f3fonos, estaciones, proyectores, cabinas de interpretaci\u00f3n, cabinas de interpretaci\u00f3n ISO, [&hellip;]","og_url":"https:\/\/tlmocnik.sk\/es\/tecnica-de-interpretacion\/","og_site_name":"Tlmocnik.sk","article_modified_time":"2022-12-15T15:03:29+00:00","og_image":[{"url":"https:\/\/tlmocnik.sk\/es\/wp-content\/uploads\/2019\/09\/home_img-01.png"}],"twitter_card":"summary_large_image","schema":{"@context":"https:\/\/schema.org","@graph":[{"@type":"WebSite","@id":"https:\/\/tlmocnik.sk\/es\/#website","url":"https:\/\/tlmocnik.sk\/es\/","name":"Tlmocnik.sk","description":"","potentialAction":[{"@type":"SearchAction","target":{"@type":"EntryPoint","urlTemplate":"https:\/\/tlmocnik.sk\/es\/?s={search_term_string}"},"query-input":"required name=search_term_string"}],"inLanguage":"es"},{"@type":"ImageObject","@id":"https:\/\/tlmocnik.sk\/es\/tecnica-de-interpretacion\/#primaryimage","inLanguage":"es","url":"https:\/\/tlmocnik.sk\/es\/wp-content\/uploads\/2019\/09\/home_img-01.png","contentUrl":"https:\/\/tlmocnik.sk\/es\/wp-content\/uploads\/2019\/09\/home_img-01.png","width":613,"height":463},{"@type":"WebPage","@id":"https:\/\/tlmocnik.sk\/es\/tecnica-de-interpretacion\/#webpage","url":"https:\/\/tlmocnik.sk\/es\/tecnica-de-interpretacion\/","name":"T\u00e9cnica de interpretaci\u00f3n - Tlmocnik.sk","isPartOf":{"@id":"https:\/\/tlmocnik.sk\/es\/#website"},"primaryImageOfPage":{"@id":"https:\/\/tlmocnik.sk\/es\/tecnica-de-interpretacion\/#primaryimage"},"datePublished":"2021-06-07T16:09:18+00:00","dateModified":"2022-12-15T15:03:29+00:00","breadcrumb":{"@id":"https:\/\/tlmocnik.sk\/es\/tecnica-de-interpretacion\/#breadcrumb"},"inLanguage":"es","potentialAction":[{"@type":"ReadAction","target":["https:\/\/tlmocnik.sk\/es\/tecnica-de-interpretacion\/"]}]},{"@type":"BreadcrumbList","@id":"https:\/\/tlmocnik.sk\/es\/tecnica-de-interpretacion\/#breadcrumb","itemListElement":[{"@type":"ListItem","position":1,"name":"Home","item":"https:\/\/tlmocnik.sk\/es\/"},{"@type":"ListItem","position":2,"name":"T\u00e9cnica de interpretaci\u00f3n"}]}]}},"_links":{"self":[{"href":"https:\/\/tlmocnik.sk\/es\/wp-json\/wp\/v2\/pages\/9032","targetHints":{"allow":["GET"]}}],"collection":[{"href":"https:\/\/tlmocnik.sk\/es\/wp-json\/wp\/v2\/pages"}],"about":[{"href":"https:\/\/tlmocnik.sk\/es\/wp-json\/wp\/v2\/types\/page"}],"author":[{"embeddable":true,"href":"https:\/\/tlmocnik.sk\/es\/wp-json\/wp\/v2\/users\/1"}],"replies":[{"embeddable":true,"href":"https:\/\/tlmocnik.sk\/es\/wp-json\/wp\/v2\/comments?post=9032"}],"version-history":[{"count":20,"href":"https:\/\/tlmocnik.sk\/es\/wp-json\/wp\/v2\/pages\/9032\/revisions"}],"predecessor-version":[{"id":9643,"href":"https:\/\/tlmocnik.sk\/es\/wp-json\/wp\/v2\/pages\/9032\/revisions\/9643"}],"wp:attachment":[{"href":"https:\/\/tlmocnik.sk\/es\/wp-json\/wp\/v2\/media?parent=9032"}],"curies":[{"name":"wp","href":"https:\/\/api.w.org\/{rel}","templated":true}]}}