{"id":9037,"date":"2021-06-07T18:18:44","date_gmt":"2021-06-07T16:18:44","guid":{"rendered":"https:\/\/tlmocnik.sk\/es\/?page_id=9037"},"modified":"2022-12-15T15:53:58","modified_gmt":"2022-12-15T14:53:58","slug":"interpretacion","status":"publish","type":"page","link":"https:\/\/tlmocnik.sk\/es\/interpretacion\/","title":{"rendered":"Interpretaci\u00f3n"},"content":{"rendered":"\t\t<div data-elementor-type=\"wp-page\" data-elementor-id=\"9037\" class=\"elementor elementor-9037\">\n\t\t\t\t\t\t<div class=\"elementor-inner\">\n\t\t\t\t<div class=\"elementor-section-wrap\">\n\t\t\t\t\t\t\t\t\t<section class=\"elementor-section elementor-top-section elementor-element elementor-element-596a1753 elementor-section-boxed elementor-section-height-default elementor-section-height-default\" data-id=\"596a1753\" data-element_type=\"section\">\n\t\t\t\t\t\t<div class=\"elementor-container elementor-column-gap-extended\">\n\t\t\t\t\t\t\t<div class=\"elementor-row\">\n\t\t\t\t\t<div class=\"elementor-column elementor-col-100 elementor-top-column elementor-element elementor-element-63130f39\" data-id=\"63130f39\" data-element_type=\"column\">\n\t\t\t<div class=\"elementor-column-wrap elementor-element-populated\">\n\t\t\t\t\t\t\t<div class=\"elementor-widget-wrap\">\n\t\t\t\t\t\t<div class=\"elementor-element elementor-element-36b9fdc5 elementor-widget elementor-widget-spacer\" data-id=\"36b9fdc5\" data-element_type=\"widget\" data-widget_type=\"spacer.default\">\n\t\t\t\t<div class=\"elementor-widget-container\">\n\t\t\t\t\t<div class=\"elementor-spacer\">\n\t\t\t<div class=\"elementor-spacer-inner\"><\/div>\n\t\t<\/div>\n\t\t\t\t<\/div>\n\t\t\t\t<\/div>\n\t\t\t\t<section class=\"elementor-section elementor-inner-section elementor-element elementor-element-1bf11bee elementor-section-boxed elementor-section-height-default elementor-section-height-default\" data-id=\"1bf11bee\" data-element_type=\"section\">\n\t\t\t\t\t\t<div class=\"elementor-container elementor-column-gap-default\">\n\t\t\t\t\t\t\t<div class=\"elementor-row\">\n\t\t\t\t\t<div class=\"elementor-column elementor-col-33 elementor-inner-column elementor-element elementor-element-49758cf8\" data-id=\"49758cf8\" data-element_type=\"column\">\n\t\t\t<div class=\"elementor-column-wrap elementor-element-populated\">\n\t\t\t\t\t\t\t<div class=\"elementor-widget-wrap\">\n\t\t\t\t\t\t<div class=\"elementor-element-custom_font_size elementor-element-custom_font_weight elementor-element elementor-element-2f48e9 elementor-widget elementor-widget-text-editor\" data-id=\"2f48e9\" data-element_type=\"widget\" data-widget_type=\"text-editor.default\">\n\t\t\t\t<div class=\"elementor-widget-container\">\n\t\t\t\t\t\t\t\t<div class=\"elementor-text-editor elementor-clearfix\">\n\t\t\t\t<h5>Servicios de interpretaci\u00f3n<\/h5>\t\t\t\t\t<\/div>\n\t\t\t\t\t\t<\/div>\n\t\t\t\t<\/div>\n\t\t\t\t<div class=\"elementor-element elementor-element-75424e24 elementor-widget elementor-widget-heading\" data-id=\"75424e24\" data-element_type=\"widget\" data-widget_type=\"heading.default\">\n\t\t\t\t<div class=\"elementor-widget-container\">\n\t\t\t<h2 class=\"elementor-heading-title elementor-size-default\">Interpretaci\u00f3n<\/h2>\t\t<\/div>\n\t\t\t\t<\/div>\n\t\t\t\t<div class=\"elementor-element elementor-element-6977ac56 elementor-widget elementor-widget-spacer\" data-id=\"6977ac56\" data-element_type=\"widget\" data-widget_type=\"spacer.default\">\n\t\t\t\t<div class=\"elementor-widget-container\">\n\t\t\t\t\t<div class=\"elementor-spacer\">\n\t\t\t<div class=\"elementor-spacer-inner\"><\/div>\n\t\t<\/div>\n\t\t\t\t<\/div>\n\t\t\t\t<\/div>\n\t\t\t\t<div class=\"gt3-core-button--alignment_left elementor-element elementor-element-75fbc750 elementor-widget elementor-widget-gt3-core-button\" data-id=\"75fbc750\" data-element_type=\"widget\" data-widget_type=\"gt3-core-button.default\">\n\t\t\t\t<div class=\"elementor-widget-container\">\n\t\t\t\t<div class=\"gt3_module_button_elementor size_custom alignment_left button_icon_none hover_type5 rounded\">\r\n\t\t<a class=\"button_size_elementor_custom alignment_left border_icon_none hover_type5 btn_icon_position_left\" href=\"https:\/\/tlmocnik.sk\/es\/kontakt\/\">\r\n\t\t\t\t<span class=\"gt3_module_button__container\">\r\n\t\t\t\t\t\t\t\t\t\t\t<span class=\"elementor_gt3_btn_text\">Contacto<\/span>\t\t\t\t\t\t<span class=\"gt3_module_button__cover front\"><\/span>\r\n\t\t\t\t\t\t<span class=\"gt3_module_button__cover back\"><\/span>\r\n\t\t\t\t\t\t\t\t\t<\/span>\r\n\t\t<\/a>\r\n\t<\/div>\r\n\r\n<script type=\"application\/json\" id=\"settings--75fbc750\">[]<\/script>\t\t<\/div>\n\t\t\t\t<\/div>\n\t\t\t\t<div class=\"elementor-element elementor-element-66054ef9 elementor-widget elementor-widget-image\" data-id=\"66054ef9\" data-element_type=\"widget\" data-widget_type=\"image.default\">\n\t\t\t\t<div class=\"elementor-widget-container\">\n\t\t\t\t\t\t\t\t<div class=\"elementor-image\">\n\t\t\t\t\t\t\t\t\t\t\t\t<img loading=\"lazy\" decoding=\"async\" width=\"637\" height=\"582\" src=\"https:\/\/tlmocnik.sk\/es\/wp-content\/uploads\/2021\/06\/tlmocnicka11.jpg\" class=\"attachment-full size-full\" alt=\"\" srcset=\"https:\/\/tlmocnik.sk\/es\/wp-content\/uploads\/2021\/06\/tlmocnicka11.jpg 637w, https:\/\/tlmocnik.sk\/es\/wp-content\/uploads\/2021\/06\/tlmocnicka11-300x274.jpg 300w, https:\/\/tlmocnik.sk\/es\/wp-content\/uploads\/2021\/06\/tlmocnicka11-480x439.jpg 480w\" sizes=\"auto, (max-width: 637px) 100vw, 637px\" title=\"tlmocnicka11\" \/>\t\t\t\t\t\t\t\t\t\t\t\t\t\t<\/div>\n\t\t\t\t\t\t<\/div>\n\t\t\t\t<\/div>\n\t\t\t\t\t\t<\/div>\n\t\t\t\t\t<\/div>\n\t\t<\/div>\n\t\t\t\t<div class=\"elementor-column elementor-col-33 elementor-inner-column elementor-element elementor-element-4cc79c84\" data-id=\"4cc79c84\" data-element_type=\"column\">\n\t\t\t<div class=\"elementor-column-wrap elementor-element-populated\">\n\t\t\t\t\t\t\t<div class=\"elementor-widget-wrap\">\n\t\t\t\t\t\t<div class=\"elementor-element elementor-element-dd70cd0 elementor-widget elementor-widget-spacer\" data-id=\"dd70cd0\" data-element_type=\"widget\" data-widget_type=\"spacer.default\">\n\t\t\t\t<div class=\"elementor-widget-container\">\n\t\t\t\t\t<div class=\"elementor-spacer\">\n\t\t\t<div class=\"elementor-spacer-inner\"><\/div>\n\t\t<\/div>\n\t\t\t\t<\/div>\n\t\t\t\t<\/div>\n\t\t\t\t<div class=\"elementor-element elementor-element-ea01797 elementor-widget elementor-widget-text-editor\" data-id=\"ea01797\" data-element_type=\"widget\" data-widget_type=\"text-editor.default\">\n\t\t\t\t<div class=\"elementor-widget-container\">\n\t\t\t\t\t\t\t\t<div class=\"elementor-text-editor elementor-clearfix\">\n\t\t\t\t<p>Le proporcionaremos interpretaci\u00f3n en negociaciones comerciales, conferencias, charlas, presentaciones, capacitaciones y seminarios con nuestros experimentados int\u00e9rpretes a largo plazo.<\/p><h2>Interpretaci\u00f3n simult\u00e1nea en cabina<\/h2><p>El int\u00e9rprete en la cabina escucha al orador con auriculares y al mismo tiempo interpreta el texto traducido en los auriculares de la sala, que se pueden poner los participantes.<\/p><h2>Interpretaci\u00f3n consecutiva<\/h2><p>El int\u00e9rprete se para al lado del orador en el podio e interpreta el texto despu\u00e9s de ciertas secciones.<\/p><h2>Cchuchotage \u2013 interpretaci\u00f3n susurrante<\/h2><p>El int\u00e9rprete se sienta o se para entre los participantes de la reuni\u00f3n y susurra directamente al o\u00eddo del participante para interpretar. Shu\u0161ot\u00e1\u017e es adecuado en el caso de un peque\u00f1o n\u00famero de participantes extranjeros.<\/p><h2>Interpretaci\u00f3n judicial &#8211; int\u00e9rprete con sello<\/h2><p>La interpretaci\u00f3n judicial se utiliza en ceremonias de boda, comunicaci\u00f3n entre extranjeros y autoridades estatales, audiencias judiciales y entrevistas con testigos.<\/p><h2>Interpretaci\u00f3n de la carta<\/h2><p>El int\u00e9rprete tiene un texto a su disposici\u00f3n para interpretar para la audiencia. Se utiliza, por ejemplo, al leer un comunicado o discurso oficial.<\/p><h2>Los nuevos clientes tienen la oportunidad de utilizar un paquete especial de servicios que incluye:<\/h2><p>\u2013 Un regalo por la primera traducci\u00f3n<\/p><p>\u2013 Descuento de activaci\u00f3n del 6,5% de la lista de precios vigente<\/p><p>\u2013 Descuento por volumen adicional del 2% ya despu\u00e9s del 5\u00ba normostrano<\/p><p>\u2013 Entrega gratuita de la primera traducci\u00f3n judicial dentro de Bratislava por mensajer\u00eda (con pago en efectivo)<\/p><p>\u2013 Archivo gratuito y confidencial de documentos durante 2 a\u00f1os<\/p><p>\u2013 30% de descuento en la tarifa por tr\u00e1mite de verificaciones superiores<\/p><p>\u2013<span>\u00a0<\/span><strong>Posibilidad<\/strong><span>\u00a0<\/span> de realizar<strong><span>\u00a0<\/span>pedidos a trav\u00e9s de Internet<\/strong><\/p><p>&#8211; Posibilidad de <span><\/span><strong>chat online<\/strong><span><\/span>consultas<\/p><h2>Los nuevos clientes pueden pasar gradualmente a la categor\u00eda de clientes fidelizados, a los que se les proporcionan descuentos a\u00fan mejores<\/h2>\t\t\t\t\t<\/div>\n\t\t\t\t\t\t<\/div>\n\t\t\t\t<\/div>\n\t\t\t\t\t\t<\/div>\n\t\t\t\t\t<\/div>\n\t\t<\/div>\n\t\t\t\t<div class=\"elementor-column elementor-col-33 elementor-inner-column elementor-element elementor-element-35a70d0c\" data-id=\"35a70d0c\" data-element_type=\"column\">\n\t\t\t<div class=\"elementor-column-wrap\">\n\t\t\t\t\t\t\t<div class=\"elementor-widget-wrap\">\n\t\t\t\t\t\t\t\t<\/div>\n\t\t\t\t\t<\/div>\n\t\t<\/div>\n\t\t\t\t\t\t\t\t<\/div>\n\t\t\t\t\t<\/div>\n\t\t<\/section>\n\t\t\t\t\t\t<\/div>\n\t\t\t\t\t<\/div>\n\t\t<\/div>\n\t\t\t\t\t\t\t\t<\/div>\n\t\t\t\t\t<\/div>\n\t\t<\/section>\n\t\t\t\t<section class=\"elementor-section elementor-top-section elementor-element elementor-element-7fbe4a73 elementor-section-boxed elementor-section-height-default elementor-section-height-default\" data-id=\"7fbe4a73\" data-element_type=\"section\" data-settings=\"{&quot;background_background&quot;:&quot;classic&quot;}\">\n\t\t\t\t\t\t<div class=\"elementor-container elementor-column-gap-extended\">\n\t\t\t\t\t\t\t<div class=\"elementor-row\">\n\t\t\t\t\t<div class=\"elementor-column elementor-col-50 elementor-top-column elementor-element elementor-element-5eaaa05a\" data-id=\"5eaaa05a\" data-element_type=\"column\">\n\t\t\t<div class=\"elementor-column-wrap elementor-element-populated\">\n\t\t\t\t\t\t\t<div class=\"elementor-widget-wrap\">\n\t\t\t\t\t\t<div class=\"elementor-element elementor-element-59038b3 elementor-widget elementor-widget-spacer\" data-id=\"59038b3\" data-element_type=\"widget\" data-widget_type=\"spacer.default\">\n\t\t\t\t<div class=\"elementor-widget-container\">\n\t\t\t\t\t<div class=\"elementor-spacer\">\n\t\t\t<div class=\"elementor-spacer-inner\"><\/div>\n\t\t<\/div>\n\t\t\t\t<\/div>\n\t\t\t\t<\/div>\n\t\t\t\t<div class=\"elementor-element elementor-element-672f3b50 elementor-widget elementor-widget-image\" data-id=\"672f3b50\" data-element_type=\"widget\" data-widget_type=\"image.default\">\n\t\t\t\t<div class=\"elementor-widget-container\">\n\t\t\t\t\t\t\t\t<div class=\"elementor-image\">\n\t\t\t\t\t\t\t\t\t\t\t\t<img loading=\"lazy\" decoding=\"async\" width=\"637\" height=\"580\" src=\"https:\/\/tlmocnik.sk\/es\/wp-content\/uploads\/2021\/06\/girl-with_phone1.jpg\" class=\"attachment-full size-full\" alt=\"\" srcset=\"https:\/\/tlmocnik.sk\/es\/wp-content\/uploads\/2021\/06\/girl-with_phone1.jpg 637w, https:\/\/tlmocnik.sk\/es\/wp-content\/uploads\/2021\/06\/girl-with_phone1-300x273.jpg 300w, https:\/\/tlmocnik.sk\/es\/wp-content\/uploads\/2021\/06\/girl-with_phone1-480x437.jpg 480w\" sizes=\"auto, (max-width: 637px) 100vw, 637px\" title=\"girl-with_phone1\" \/>\t\t\t\t\t\t\t\t\t\t\t\t\t\t<\/div>\n\t\t\t\t\t\t<\/div>\n\t\t\t\t<\/div>\n\t\t\t\t\t\t<\/div>\n\t\t\t\t\t<\/div>\n\t\t<\/div>\n\t\t\t\t<div class=\"elementor-column elementor-col-50 elementor-top-column elementor-element elementor-element-63196511\" data-id=\"63196511\" data-element_type=\"column\">\n\t\t\t<div class=\"elementor-column-wrap elementor-element-populated\">\n\t\t\t\t\t\t\t<div class=\"elementor-widget-wrap\">\n\t\t\t\t\t\t<div class=\"elementor-element elementor-element-234d3fcb elementor-widget elementor-widget-spacer\" data-id=\"234d3fcb\" data-element_type=\"widget\" data-widget_type=\"spacer.default\">\n\t\t\t\t<div class=\"elementor-widget-container\">\n\t\t\t\t\t<div class=\"elementor-spacer\">\n\t\t\t<div class=\"elementor-spacer-inner\"><\/div>\n\t\t<\/div>\n\t\t\t\t<\/div>\n\t\t\t\t<\/div>\n\t\t\t\t<div class=\"elementor-element-custom_font_size elementor-element-custom_font_weight elementor-element elementor-element-4c80a65f elementor-widget elementor-widget-text-editor\" data-id=\"4c80a65f\" data-element_type=\"widget\" data-widget_type=\"text-editor.default\">\n\t\t\t\t<div class=\"elementor-widget-container\">\n\t\t\t\t\t\t\t\t<div class=\"elementor-text-editor elementor-clearfix\">\n\t\t\t\t<h5>Interpretaci\u00f3n<\/h5>\t\t\t\t\t<\/div>\n\t\t\t\t\t\t<\/div>\n\t\t\t\t<\/div>\n\t\t\t\t<div class=\"elementor-element elementor-element-71b48e85 elementor-widget elementor-widget-heading\" data-id=\"71b48e85\" data-element_type=\"widget\" data-widget_type=\"heading.default\">\n\t\t\t\t<div class=\"elementor-widget-container\">\n\t\t\t<h2 class=\"elementor-heading-title elementor-size-default\">\u00bfNo puedes decidir?<\/h2>\t\t<\/div>\n\t\t\t\t<\/div>\n\t\t\t\t<div class=\"elementor-element elementor-element-77f84dd3 elementor-widget elementor-widget-text-editor\" data-id=\"77f84dd3\" data-element_type=\"widget\" data-widget_type=\"text-editor.default\">\n\t\t\t\t<div class=\"elementor-widget-container\">\n\t\t\t\t\t\t\t\t<div class=\"elementor-text-editor elementor-clearfix\">\n\t\t\t\t<p>Si no est\u00e1 seguro de qu\u00e9 servicio necesita, cont\u00e1ctenos y encontraremos el mejor para usted.<\/p>\t\t\t\t\t<\/div>\n\t\t\t\t\t\t<\/div>\n\t\t\t\t<\/div>\n\t\t\t\t<div class=\"elementor-element elementor-element-23e9b76b elementor-widget elementor-widget-spacer\" data-id=\"23e9b76b\" data-element_type=\"widget\" data-widget_type=\"spacer.default\">\n\t\t\t\t<div class=\"elementor-widget-container\">\n\t\t\t\t\t<div class=\"elementor-spacer\">\n\t\t\t<div class=\"elementor-spacer-inner\"><\/div>\n\t\t<\/div>\n\t\t\t\t<\/div>\n\t\t\t\t<\/div>\n\t\t\t\t<div class=\"gt3-core-button--alignment_left elementor-element elementor-element-62c3d971 elementor-widget elementor-widget-gt3-core-button\" data-id=\"62c3d971\" data-element_type=\"widget\" data-widget_type=\"gt3-core-button.default\">\n\t\t\t\t<div class=\"elementor-widget-container\">\n\t\t\t\t<div class=\"gt3_module_button_elementor size_custom alignment_left button_icon_none hover_type5 rounded\">\r\n\t\t<a class=\"button_size_elementor_custom alignment_left border_icon_none hover_type5 btn_icon_position_left\" href=\"https:\/\/tlmocnik.sk\/es\/kontakt\/\">\r\n\t\t\t\t<span class=\"gt3_module_button__container\">\r\n\t\t\t\t\t\t\t\t\t\t\t<span class=\"elementor_gt3_btn_text\">Contacto<\/span>\t\t\t\t\t\t<span class=\"gt3_module_button__cover front\"><\/span>\r\n\t\t\t\t\t\t<span class=\"gt3_module_button__cover back\"><\/span>\r\n\t\t\t\t\t\t\t\t\t<\/span>\r\n\t\t<\/a>\r\n\t<\/div>\r\n\r\n<script type=\"application\/json\" id=\"settings--62c3d971\">[]<\/script>\t\t<\/div>\n\t\t\t\t<\/div>\n\t\t\t\t<div class=\"elementor-element elementor-element-1a75d882 elementor-widget elementor-widget-spacer\" data-id=\"1a75d882\" data-element_type=\"widget\" data-widget_type=\"spacer.default\">\n\t\t\t\t<div class=\"elementor-widget-container\">\n\t\t\t\t\t<div class=\"elementor-spacer\">\n\t\t\t<div class=\"elementor-spacer-inner\"><\/div>\n\t\t<\/div>\n\t\t\t\t<\/div>\n\t\t\t\t<\/div>\n\t\t\t\t\t\t<\/div>\n\t\t\t\t\t<\/div>\n\t\t<\/div>\n\t\t\t\t\t\t\t\t<\/div>\n\t\t\t\t\t<\/div>\n\t\t<\/section>\n\t\t\t\t\t\t\t\t\t<\/div>\n\t\t\t<\/div>\n\t\t\t\t\t<\/div>\n\t\t","protected":false},"excerpt":{"rendered":"<p>Servicios de interpretaci\u00f3n Interpretaci\u00f3n Contacto Le proporcionaremos interpretaci\u00f3n en negociaciones comerciales, conferencias, charlas, presentaciones, capacitaciones y seminarios con nuestros experimentados int\u00e9rpretes a largo plazo. Interpretaci\u00f3n simult\u00e1nea en cabina El int\u00e9rprete en la cabina escucha al orador con auriculares y al mismo tiempo interpreta el texto traducido en los auriculares de la sala, que se pueden [&hellip;]<\/p>\n","protected":false},"author":1,"featured_media":0,"parent":0,"menu_order":0,"comment_status":"closed","ping_status":"closed","template":"","meta":{"footnotes":""},"class_list":["post-9037","page","type-page","status-publish","hentry"],"yoast_head":"<!-- This site is optimized with the Yoast SEO plugin v17.4 - https:\/\/yoast.com\/wordpress\/plugins\/seo\/ -->\n<title>Interpretaci\u00f3n Bratislava - Tlmocnik.sk<\/title>\n<meta name=\"description\" content=\"Interpretaci\u00f3n Bratislava. Nuestra empresa le proporcionar\u00e1 interpretaci\u00f3n en diversas negociaciones, conferencias, conferencias y similares.\" \/>\n<meta name=\"robots\" content=\"index, follow, max-snippet:-1, max-image-preview:large, max-video-preview:-1\" \/>\n<link rel=\"canonical\" href=\"https:\/\/tlmocnik.sk\/es\/interpretacion\/\" \/>\n<meta property=\"og:locale\" content=\"es_ES\" \/>\n<meta property=\"og:type\" content=\"article\" \/>\n<meta property=\"og:title\" content=\"Interpretaci\u00f3n Bratislava - Tlmocnik.sk\" \/>\n<meta property=\"og:description\" content=\"Interpretaci\u00f3n Bratislava. Nuestra empresa le proporcionar\u00e1 interpretaci\u00f3n en diversas negociaciones, conferencias, conferencias y similares.\" \/>\n<meta property=\"og:url\" content=\"https:\/\/tlmocnik.sk\/es\/interpretacion\/\" \/>\n<meta property=\"og:site_name\" content=\"Tlmocnik.sk\" \/>\n<meta property=\"article:modified_time\" content=\"2022-12-15T14:53:58+00:00\" \/>\n<meta property=\"og:image\" content=\"https:\/\/tlmocnik.sk\/es\/wp-content\/uploads\/2021\/06\/tlmocnicka11.jpg\" \/>\n<meta name=\"twitter:card\" content=\"summary_large_image\" \/>\n<script type=\"application\/ld+json\" class=\"yoast-schema-graph\">{\"@context\":\"https:\/\/schema.org\",\"@graph\":[{\"@type\":\"WebSite\",\"@id\":\"https:\/\/tlmocnik.sk\/es\/#website\",\"url\":\"https:\/\/tlmocnik.sk\/es\/\",\"name\":\"Tlmocnik.sk\",\"description\":\"\",\"potentialAction\":[{\"@type\":\"SearchAction\",\"target\":{\"@type\":\"EntryPoint\",\"urlTemplate\":\"https:\/\/tlmocnik.sk\/es\/?s={search_term_string}\"},\"query-input\":\"required name=search_term_string\"}],\"inLanguage\":\"es\"},{\"@type\":\"ImageObject\",\"@id\":\"https:\/\/tlmocnik.sk\/es\/interpretacion\/#primaryimage\",\"inLanguage\":\"es\",\"url\":\"https:\/\/tlmocnik.sk\/es\/wp-content\/uploads\/2021\/06\/tlmocnicka11.jpg\",\"contentUrl\":\"https:\/\/tlmocnik.sk\/es\/wp-content\/uploads\/2021\/06\/tlmocnicka11.jpg\",\"width\":637,\"height\":582},{\"@type\":\"WebPage\",\"@id\":\"https:\/\/tlmocnik.sk\/es\/interpretacion\/#webpage\",\"url\":\"https:\/\/tlmocnik.sk\/es\/interpretacion\/\",\"name\":\"Interpretaci\\u00f3n Bratislava - Tlmocnik.sk\",\"isPartOf\":{\"@id\":\"https:\/\/tlmocnik.sk\/es\/#website\"},\"primaryImageOfPage\":{\"@id\":\"https:\/\/tlmocnik.sk\/es\/interpretacion\/#primaryimage\"},\"datePublished\":\"2021-06-07T16:18:44+00:00\",\"dateModified\":\"2022-12-15T14:53:58+00:00\",\"description\":\"Interpretaci\\u00f3n Bratislava. Nuestra empresa le proporcionar\\u00e1 interpretaci\\u00f3n en diversas negociaciones, conferencias, conferencias y similares.\",\"breadcrumb\":{\"@id\":\"https:\/\/tlmocnik.sk\/es\/interpretacion\/#breadcrumb\"},\"inLanguage\":\"es\",\"potentialAction\":[{\"@type\":\"ReadAction\",\"target\":[\"https:\/\/tlmocnik.sk\/es\/interpretacion\/\"]}]},{\"@type\":\"BreadcrumbList\",\"@id\":\"https:\/\/tlmocnik.sk\/es\/interpretacion\/#breadcrumb\",\"itemListElement\":[{\"@type\":\"ListItem\",\"position\":1,\"name\":\"Home\",\"item\":\"https:\/\/tlmocnik.sk\/es\/\"},{\"@type\":\"ListItem\",\"position\":2,\"name\":\"Interpretaci\\u00f3n\"}]}]}<\/script>\n<!-- \/ Yoast SEO plugin. -->","yoast_head_json":{"title":"Interpretaci\u00f3n Bratislava - Tlmocnik.sk","description":"Interpretaci\u00f3n Bratislava. Nuestra empresa le proporcionar\u00e1 interpretaci\u00f3n en diversas negociaciones, conferencias, conferencias y similares.","robots":{"index":"index","follow":"follow","max-snippet":"max-snippet:-1","max-image-preview":"max-image-preview:large","max-video-preview":"max-video-preview:-1"},"canonical":"https:\/\/tlmocnik.sk\/es\/interpretacion\/","og_locale":"es_ES","og_type":"article","og_title":"Interpretaci\u00f3n Bratislava - Tlmocnik.sk","og_description":"Interpretaci\u00f3n Bratislava. Nuestra empresa le proporcionar\u00e1 interpretaci\u00f3n en diversas negociaciones, conferencias, conferencias y similares.","og_url":"https:\/\/tlmocnik.sk\/es\/interpretacion\/","og_site_name":"Tlmocnik.sk","article_modified_time":"2022-12-15T14:53:58+00:00","og_image":[{"url":"https:\/\/tlmocnik.sk\/es\/wp-content\/uploads\/2021\/06\/tlmocnicka11.jpg"}],"twitter_card":"summary_large_image","schema":{"@context":"https:\/\/schema.org","@graph":[{"@type":"WebSite","@id":"https:\/\/tlmocnik.sk\/es\/#website","url":"https:\/\/tlmocnik.sk\/es\/","name":"Tlmocnik.sk","description":"","potentialAction":[{"@type":"SearchAction","target":{"@type":"EntryPoint","urlTemplate":"https:\/\/tlmocnik.sk\/es\/?s={search_term_string}"},"query-input":"required name=search_term_string"}],"inLanguage":"es"},{"@type":"ImageObject","@id":"https:\/\/tlmocnik.sk\/es\/interpretacion\/#primaryimage","inLanguage":"es","url":"https:\/\/tlmocnik.sk\/es\/wp-content\/uploads\/2021\/06\/tlmocnicka11.jpg","contentUrl":"https:\/\/tlmocnik.sk\/es\/wp-content\/uploads\/2021\/06\/tlmocnicka11.jpg","width":637,"height":582},{"@type":"WebPage","@id":"https:\/\/tlmocnik.sk\/es\/interpretacion\/#webpage","url":"https:\/\/tlmocnik.sk\/es\/interpretacion\/","name":"Interpretaci\u00f3n Bratislava - Tlmocnik.sk","isPartOf":{"@id":"https:\/\/tlmocnik.sk\/es\/#website"},"primaryImageOfPage":{"@id":"https:\/\/tlmocnik.sk\/es\/interpretacion\/#primaryimage"},"datePublished":"2021-06-07T16:18:44+00:00","dateModified":"2022-12-15T14:53:58+00:00","description":"Interpretaci\u00f3n Bratislava. Nuestra empresa le proporcionar\u00e1 interpretaci\u00f3n en diversas negociaciones, conferencias, conferencias y similares.","breadcrumb":{"@id":"https:\/\/tlmocnik.sk\/es\/interpretacion\/#breadcrumb"},"inLanguage":"es","potentialAction":[{"@type":"ReadAction","target":["https:\/\/tlmocnik.sk\/es\/interpretacion\/"]}]},{"@type":"BreadcrumbList","@id":"https:\/\/tlmocnik.sk\/es\/interpretacion\/#breadcrumb","itemListElement":[{"@type":"ListItem","position":1,"name":"Home","item":"https:\/\/tlmocnik.sk\/es\/"},{"@type":"ListItem","position":2,"name":"Interpretaci\u00f3n"}]}]}},"_links":{"self":[{"href":"https:\/\/tlmocnik.sk\/es\/wp-json\/wp\/v2\/pages\/9037","targetHints":{"allow":["GET"]}}],"collection":[{"href":"https:\/\/tlmocnik.sk\/es\/wp-json\/wp\/v2\/pages"}],"about":[{"href":"https:\/\/tlmocnik.sk\/es\/wp-json\/wp\/v2\/types\/page"}],"author":[{"embeddable":true,"href":"https:\/\/tlmocnik.sk\/es\/wp-json\/wp\/v2\/users\/1"}],"replies":[{"embeddable":true,"href":"https:\/\/tlmocnik.sk\/es\/wp-json\/wp\/v2\/comments?post=9037"}],"version-history":[{"count":33,"href":"https:\/\/tlmocnik.sk\/es\/wp-json\/wp\/v2\/pages\/9037\/revisions"}],"predecessor-version":[{"id":9628,"href":"https:\/\/tlmocnik.sk\/es\/wp-json\/wp\/v2\/pages\/9037\/revisions\/9628"}],"wp:attachment":[{"href":"https:\/\/tlmocnik.sk\/es\/wp-json\/wp\/v2\/media?parent=9037"}],"curies":[{"name":"wp","href":"https:\/\/api.w.org\/{rel}","templated":true}]}}