{"id":9270,"date":"2021-06-16T13:27:52","date_gmt":"2021-06-16T11:27:52","guid":{"rendered":"https:\/\/tlmocnik.sk\/es\/?page_id=9270"},"modified":"2022-12-15T15:59:08","modified_gmt":"2022-12-15T14:59:08","slug":"sobre-nosotros","status":"publish","type":"page","link":"https:\/\/tlmocnik.sk\/es\/sobre-nosotros\/","title":{"rendered":"Sobre nosotros"},"content":{"rendered":"\t\t<div data-elementor-type=\"wp-page\" data-elementor-id=\"9270\" class=\"elementor elementor-9270\">\n\t\t\t\t\t\t<div class=\"elementor-inner\">\n\t\t\t\t<div class=\"elementor-section-wrap\">\n\t\t\t\t\t\t\t\t\t<section class=\"elementor-section elementor-top-section elementor-element elementor-element-2a64881e elementor-section-boxed elementor-section-height-default elementor-section-height-default\" data-id=\"2a64881e\" data-element_type=\"section\">\n\t\t\t\t\t\t<div class=\"elementor-container elementor-column-gap-extended\">\n\t\t\t\t\t\t\t<div class=\"elementor-row\">\n\t\t\t\t\t<div class=\"elementor-column elementor-col-100 elementor-top-column elementor-element elementor-element-14ff7d0\" data-id=\"14ff7d0\" data-element_type=\"column\">\n\t\t\t<div class=\"elementor-column-wrap elementor-element-populated\">\n\t\t\t\t\t\t\t<div class=\"elementor-widget-wrap\">\n\t\t\t\t\t\t<div class=\"elementor-element elementor-element-5237caee elementor-widget elementor-widget-spacer\" data-id=\"5237caee\" data-element_type=\"widget\" data-widget_type=\"spacer.default\">\n\t\t\t\t<div class=\"elementor-widget-container\">\n\t\t\t\t\t<div class=\"elementor-spacer\">\n\t\t\t<div class=\"elementor-spacer-inner\"><\/div>\n\t\t<\/div>\n\t\t\t\t<\/div>\n\t\t\t\t<\/div>\n\t\t\t\t<section class=\"elementor-section elementor-inner-section elementor-element elementor-element-6bcedcda elementor-section-boxed elementor-section-height-default elementor-section-height-default\" data-id=\"6bcedcda\" data-element_type=\"section\">\n\t\t\t\t\t\t<div class=\"elementor-container elementor-column-gap-default\">\n\t\t\t\t\t\t\t<div class=\"elementor-row\">\n\t\t\t\t\t<div class=\"elementor-column elementor-col-33 elementor-inner-column elementor-element elementor-element-58a5595f\" data-id=\"58a5595f\" data-element_type=\"column\">\n\t\t\t<div class=\"elementor-column-wrap elementor-element-populated\">\n\t\t\t\t\t\t\t<div class=\"elementor-widget-wrap\">\n\t\t\t\t\t\t<div class=\"elementor-element-custom_font_size elementor-element-custom_font_weight elementor-element elementor-element-102e47eb elementor-widget elementor-widget-text-editor\" data-id=\"102e47eb\" data-element_type=\"widget\" data-widget_type=\"text-editor.default\">\n\t\t\t\t<div class=\"elementor-widget-container\">\n\t\t\t\t\t\t\t\t<div class=\"elementor-text-editor elementor-clearfix\">\n\t\t\t\t<h5>ACERCA DE LA COMPA\u00d1\u00cdA<\/h5>\t\t\t\t\t<\/div>\n\t\t\t\t\t\t<\/div>\n\t\t\t\t<\/div>\n\t\t\t\t<div class=\"elementor-element elementor-element-64797637 elementor-widget elementor-widget-heading\" data-id=\"64797637\" data-element_type=\"widget\" data-widget_type=\"heading.default\">\n\t\t\t\t<div class=\"elementor-widget-container\">\n\t\t\t<h2 class=\"elementor-heading-title elementor-size-default\">Sobre nosotros<\/h2>\t\t<\/div>\n\t\t\t\t<\/div>\n\t\t\t\t<div class=\"elementor-element elementor-element-a272e9e elementor-widget elementor-widget-spacer\" data-id=\"a272e9e\" data-element_type=\"widget\" data-widget_type=\"spacer.default\">\n\t\t\t\t<div class=\"elementor-widget-container\">\n\t\t\t\t\t<div class=\"elementor-spacer\">\n\t\t\t<div class=\"elementor-spacer-inner\"><\/div>\n\t\t<\/div>\n\t\t\t\t<\/div>\n\t\t\t\t<\/div>\n\t\t\t\t<div class=\"gt3-core-button--alignment_left elementor-element elementor-element-1dedbfcd elementor-widget elementor-widget-gt3-core-button\" data-id=\"1dedbfcd\" data-element_type=\"widget\" data-widget_type=\"gt3-core-button.default\">\n\t\t\t\t<div class=\"elementor-widget-container\">\n\t\t\t\t<div class=\"gt3_module_button_elementor size_custom alignment_left button_icon_none hover_type5 rounded\">\r\n\t\t<a class=\"button_size_elementor_custom alignment_left border_icon_none hover_type5 btn_icon_position_left\" href=\"https:\/\/tlmocnik.sk\/es\/kontakt\/\">\r\n\t\t\t\t<span class=\"gt3_module_button__container\">\r\n\t\t\t\t\t\t\t\t\t\t\t<span class=\"elementor_gt3_btn_text\">Contacto<\/span>\t\t\t\t\t\t<span class=\"gt3_module_button__cover front\"><\/span>\r\n\t\t\t\t\t\t<span class=\"gt3_module_button__cover back\"><\/span>\r\n\t\t\t\t\t\t\t\t\t<\/span>\r\n\t\t<\/a>\r\n\t<\/div>\r\n\r\n<script type=\"application\/json\" id=\"settings--1dedbfcd\">[]<\/script>\t\t<\/div>\n\t\t\t\t<\/div>\n\t\t\t\t<div class=\"elementor-element elementor-element-f141c2b elementor-widget elementor-widget-image\" data-id=\"f141c2b\" data-element_type=\"widget\" data-widget_type=\"image.default\">\n\t\t\t\t<div class=\"elementor-widget-container\">\n\t\t\t\t\t\t\t\t<div class=\"elementor-image\">\n\t\t\t\t\t\t\t\t\t\t\t\t<img loading=\"lazy\" decoding=\"async\" width=\"637\" height=\"582\" src=\"https:\/\/tlmocnik.sk\/es\/wp-content\/uploads\/2021\/06\/tlmocnicka11.jpg\" class=\"attachment-full size-full\" alt=\"\" srcset=\"https:\/\/tlmocnik.sk\/es\/wp-content\/uploads\/2021\/06\/tlmocnicka11.jpg 637w, https:\/\/tlmocnik.sk\/es\/wp-content\/uploads\/2021\/06\/tlmocnicka11-300x274.jpg 300w, https:\/\/tlmocnik.sk\/es\/wp-content\/uploads\/2021\/06\/tlmocnicka11-480x439.jpg 480w\" sizes=\"auto, (max-width: 637px) 100vw, 637px\" title=\"tlmocnicka11\" \/>\t\t\t\t\t\t\t\t\t\t\t\t\t\t<\/div>\n\t\t\t\t\t\t<\/div>\n\t\t\t\t<\/div>\n\t\t\t\t\t\t<\/div>\n\t\t\t\t\t<\/div>\n\t\t<\/div>\n\t\t\t\t<div class=\"elementor-column elementor-col-33 elementor-inner-column elementor-element elementor-element-27493c49\" data-id=\"27493c49\" data-element_type=\"column\">\n\t\t\t<div class=\"elementor-column-wrap elementor-element-populated\">\n\t\t\t\t\t\t\t<div class=\"elementor-widget-wrap\">\n\t\t\t\t\t\t<div class=\"elementor-element elementor-element-42986434 elementor-widget elementor-widget-spacer\" data-id=\"42986434\" data-element_type=\"widget\" data-widget_type=\"spacer.default\">\n\t\t\t\t<div class=\"elementor-widget-container\">\n\t\t\t\t\t<div class=\"elementor-spacer\">\n\t\t\t<div class=\"elementor-spacer-inner\"><\/div>\n\t\t<\/div>\n\t\t\t\t<\/div>\n\t\t\t\t<\/div>\n\t\t\t\t<div class=\"elementor-element elementor-element-61e7c229 elementor-widget elementor-widget-text-editor\" data-id=\"61e7c229\" data-element_type=\"widget\" data-widget_type=\"text-editor.default\">\n\t\t\t\t<div class=\"elementor-widget-container\">\n\t\t\t\t\t\t\t\t<div class=\"elementor-text-editor elementor-clearfix\">\n\t\t\t\t<p>La historia de TLMOCNIK Translations comenz\u00f3 en 2002 con una oferta \u00fanica de comunicaci\u00f3n intercultural de alta calidad en todos los idiomas del mundo.<\/p><p>El camino hacia una comunicaci\u00f3n efectiva pasa por una comprensi\u00f3n profunda del idioma y la cultura del pa\u00eds dado. Fue esta visi\u00f3n la que nos llev\u00f3 a clientes verdaderamente satisfechos. El creciente entusiasmo form\u00f3 una base s\u00f3lida sobre la que todav\u00eda construimos hoy.<\/p><p>La plenitud y gama de servicios as\u00ed como los beneficios para nuestros clientes habituales y nuevos han formado servicios \u00fanicos de soluciones ling\u00fc\u00edsticas incluso para los m\u00e1s exigentes. La traducci\u00f3n y la interpretaci\u00f3n se han convertido en nuestro pan de cada d\u00eda. Adem\u00e1s, nuestra empresa ofrece paquetes complejos de verificaci\u00f3n superior para los documentos traducidos, cuya calidad es elogiada por los clientes que viajan al extranjero principalmente por el ahorro de tiempo y los consejos pr\u00e1cticos.<\/p><p>Puede descubrir la gama completa de nuestros servicios en nuestra oferta de servicios, o conocerlos personalmente. Junto con usted, estamos listos para enfrentar nuevos desaf\u00edos durante al menos otros 16 a\u00f1os exitosos.<\/p>\t\t\t\t\t<\/div>\n\t\t\t\t\t\t<\/div>\n\t\t\t\t<\/div>\n\t\t\t\t\t\t<\/div>\n\t\t\t\t\t<\/div>\n\t\t<\/div>\n\t\t\t\t<div class=\"elementor-column elementor-col-33 elementor-inner-column elementor-element elementor-element-2a6963ef\" data-id=\"2a6963ef\" data-element_type=\"column\">\n\t\t\t<div class=\"elementor-column-wrap\">\n\t\t\t\t\t\t\t<div class=\"elementor-widget-wrap\">\n\t\t\t\t\t\t\t\t<\/div>\n\t\t\t\t\t<\/div>\n\t\t<\/div>\n\t\t\t\t\t\t\t\t<\/div>\n\t\t\t\t\t<\/div>\n\t\t<\/section>\n\t\t\t\t\t\t<\/div>\n\t\t\t\t\t<\/div>\n\t\t<\/div>\n\t\t\t\t\t\t\t\t<\/div>\n\t\t\t\t\t<\/div>\n\t\t<\/section>\n\t\t\t\t<section class=\"elementor-section elementor-top-section elementor-element elementor-element-4fd82497 elementor-section-boxed elementor-section-height-default elementor-section-height-default\" data-id=\"4fd82497\" data-element_type=\"section\" data-settings=\"{&quot;background_background&quot;:&quot;classic&quot;}\">\n\t\t\t\t\t\t<div class=\"elementor-container elementor-column-gap-extended\">\n\t\t\t\t\t\t\t<div class=\"elementor-row\">\n\t\t\t\t\t<div class=\"elementor-column elementor-col-50 elementor-top-column elementor-element elementor-element-2fd37f1e\" data-id=\"2fd37f1e\" data-element_type=\"column\">\n\t\t\t<div class=\"elementor-column-wrap elementor-element-populated\">\n\t\t\t\t\t\t\t<div class=\"elementor-widget-wrap\">\n\t\t\t\t\t\t<div class=\"elementor-element elementor-element-9e34bc8 elementor-widget elementor-widget-spacer\" data-id=\"9e34bc8\" data-element_type=\"widget\" data-widget_type=\"spacer.default\">\n\t\t\t\t<div class=\"elementor-widget-container\">\n\t\t\t\t\t<div class=\"elementor-spacer\">\n\t\t\t<div class=\"elementor-spacer-inner\"><\/div>\n\t\t<\/div>\n\t\t\t\t<\/div>\n\t\t\t\t<\/div>\n\t\t\t\t<div class=\"elementor-element elementor-element-32ebc48e elementor-widget elementor-widget-image\" data-id=\"32ebc48e\" data-element_type=\"widget\" data-widget_type=\"image.default\">\n\t\t\t\t<div class=\"elementor-widget-container\">\n\t\t\t\t\t\t\t\t<div class=\"elementor-image\">\n\t\t\t\t\t\t\t\t\t\t\t\t<img loading=\"lazy\" decoding=\"async\" width=\"637\" height=\"580\" src=\"https:\/\/tlmocnik.sk\/es\/wp-content\/uploads\/2021\/06\/girl-with_phone1.jpg\" class=\"attachment-full size-full\" alt=\"\" srcset=\"https:\/\/tlmocnik.sk\/es\/wp-content\/uploads\/2021\/06\/girl-with_phone1.jpg 637w, https:\/\/tlmocnik.sk\/es\/wp-content\/uploads\/2021\/06\/girl-with_phone1-300x273.jpg 300w, https:\/\/tlmocnik.sk\/es\/wp-content\/uploads\/2021\/06\/girl-with_phone1-480x437.jpg 480w\" sizes=\"auto, (max-width: 637px) 100vw, 637px\" title=\"girl-with_phone1\" \/>\t\t\t\t\t\t\t\t\t\t\t\t\t\t<\/div>\n\t\t\t\t\t\t<\/div>\n\t\t\t\t<\/div>\n\t\t\t\t\t\t<\/div>\n\t\t\t\t\t<\/div>\n\t\t<\/div>\n\t\t\t\t<div class=\"elementor-column elementor-col-50 elementor-top-column elementor-element elementor-element-2bcd94a4\" data-id=\"2bcd94a4\" data-element_type=\"column\">\n\t\t\t<div class=\"elementor-column-wrap elementor-element-populated\">\n\t\t\t\t\t\t\t<div class=\"elementor-widget-wrap\">\n\t\t\t\t\t\t<div class=\"elementor-element elementor-element-354b9fc2 elementor-widget elementor-widget-spacer\" data-id=\"354b9fc2\" data-element_type=\"widget\" data-widget_type=\"spacer.default\">\n\t\t\t\t<div class=\"elementor-widget-container\">\n\t\t\t\t\t<div class=\"elementor-spacer\">\n\t\t\t<div class=\"elementor-spacer-inner\"><\/div>\n\t\t<\/div>\n\t\t\t\t<\/div>\n\t\t\t\t<\/div>\n\t\t\t\t<div class=\"elementor-element-custom_font_size elementor-element-custom_font_weight elementor-element elementor-element-3ae2c877 elementor-widget elementor-widget-text-editor\" data-id=\"3ae2c877\" data-element_type=\"widget\" data-widget_type=\"text-editor.default\">\n\t\t\t\t<div class=\"elementor-widget-container\">\n\t\t\t\t\t\t\t\t<div class=\"elementor-text-editor elementor-clearfix\">\n\t\t\t\t<h5>Traducciones<\/h5>\t\t\t\t\t<\/div>\n\t\t\t\t\t\t<\/div>\n\t\t\t\t<\/div>\n\t\t\t\t<div class=\"elementor-element elementor-element-58c764f1 elementor-widget elementor-widget-heading\" data-id=\"58c764f1\" data-element_type=\"widget\" data-widget_type=\"heading.default\">\n\t\t\t\t<div class=\"elementor-widget-container\">\n\t\t\t<h2 class=\"elementor-heading-title elementor-size-default\">\u00bfNo puedes decidir?<\/h2>\t\t<\/div>\n\t\t\t\t<\/div>\n\t\t\t\t<div class=\"elementor-element elementor-element-376d13b6 elementor-widget elementor-widget-text-editor\" data-id=\"376d13b6\" data-element_type=\"widget\" data-widget_type=\"text-editor.default\">\n\t\t\t\t<div class=\"elementor-widget-container\">\n\t\t\t\t\t\t\t\t<div class=\"elementor-text-editor elementor-clearfix\">\n\t\t\t\t<p>Si no est\u00e1 seguro de qu\u00e9 servicio necesita, cont\u00e1ctenos y encontraremos el mejor para usted.<\/p>\t\t\t\t\t<\/div>\n\t\t\t\t\t\t<\/div>\n\t\t\t\t<\/div>\n\t\t\t\t<div class=\"elementor-element elementor-element-649b63a9 elementor-widget elementor-widget-spacer\" data-id=\"649b63a9\" data-element_type=\"widget\" data-widget_type=\"spacer.default\">\n\t\t\t\t<div class=\"elementor-widget-container\">\n\t\t\t\t\t<div class=\"elementor-spacer\">\n\t\t\t<div class=\"elementor-spacer-inner\"><\/div>\n\t\t<\/div>\n\t\t\t\t<\/div>\n\t\t\t\t<\/div>\n\t\t\t\t<div class=\"gt3-core-button--alignment_left elementor-element elementor-element-7a46ba57 elementor-widget elementor-widget-gt3-core-button\" data-id=\"7a46ba57\" data-element_type=\"widget\" data-widget_type=\"gt3-core-button.default\">\n\t\t\t\t<div class=\"elementor-widget-container\">\n\t\t\t\t<div class=\"gt3_module_button_elementor size_custom alignment_left button_icon_none hover_type5 rounded\">\r\n\t\t<a class=\"button_size_elementor_custom alignment_left border_icon_none hover_type5 btn_icon_position_left\" href=\"https:\/\/tlmocnik.sk\/es\/kontakt\/\">\r\n\t\t\t\t<span class=\"gt3_module_button__container\">\r\n\t\t\t\t\t\t\t\t\t\t\t<span class=\"elementor_gt3_btn_text\">Contacto<\/span>\t\t\t\t\t\t<span class=\"gt3_module_button__cover front\"><\/span>\r\n\t\t\t\t\t\t<span class=\"gt3_module_button__cover back\"><\/span>\r\n\t\t\t\t\t\t\t\t\t<\/span>\r\n\t\t<\/a>\r\n\t<\/div>\r\n\r\n<script type=\"application\/json\" id=\"settings--7a46ba57\">[]<\/script>\t\t<\/div>\n\t\t\t\t<\/div>\n\t\t\t\t<div class=\"elementor-element elementor-element-25850850 elementor-widget elementor-widget-spacer\" data-id=\"25850850\" data-element_type=\"widget\" data-widget_type=\"spacer.default\">\n\t\t\t\t<div class=\"elementor-widget-container\">\n\t\t\t\t\t<div class=\"elementor-spacer\">\n\t\t\t<div class=\"elementor-spacer-inner\"><\/div>\n\t\t<\/div>\n\t\t\t\t<\/div>\n\t\t\t\t<\/div>\n\t\t\t\t\t\t<\/div>\n\t\t\t\t\t<\/div>\n\t\t<\/div>\n\t\t\t\t\t\t\t\t<\/div>\n\t\t\t\t\t<\/div>\n\t\t<\/section>\n\t\t\t\t\t\t\t\t\t<\/div>\n\t\t\t<\/div>\n\t\t\t\t\t<\/div>\n\t\t","protected":false},"excerpt":{"rendered":"<p>ACERCA DE LA COMPA\u00d1\u00cdA Sobre nosotros Contacto La historia de TLMOCNIK Translations comenz\u00f3 en 2002 con una oferta \u00fanica de comunicaci\u00f3n intercultural de alta calidad en todos los idiomas del mundo. El camino hacia una comunicaci\u00f3n efectiva pasa por una comprensi\u00f3n profunda del idioma y la cultura del pa\u00eds dado. Fue esta visi\u00f3n la que [&hellip;]<\/p>\n","protected":false},"author":1,"featured_media":0,"parent":0,"menu_order":0,"comment_status":"closed","ping_status":"closed","template":"","meta":{"footnotes":""},"class_list":["post-9270","page","type-page","status-publish","hentry"],"yoast_head":"<!-- This site is optimized with the Yoast SEO plugin v17.4 - https:\/\/yoast.com\/wordpress\/plugins\/seo\/ -->\n<title>Sobre nosotros - Tlmocnik.sk<\/title>\n<meta name=\"robots\" content=\"index, follow, max-snippet:-1, max-image-preview:large, max-video-preview:-1\" \/>\n<link rel=\"canonical\" href=\"https:\/\/tlmocnik.sk\/es\/sobre-nosotros\/\" \/>\n<meta property=\"og:locale\" content=\"es_ES\" \/>\n<meta property=\"og:type\" content=\"article\" \/>\n<meta property=\"og:title\" content=\"Sobre nosotros - Tlmocnik.sk\" \/>\n<meta property=\"og:description\" content=\"ACERCA DE LA COMPA\u00d1\u00cdA Sobre nosotros Contacto La historia de TLMOCNIK Translations comenz\u00f3 en 2002 con una oferta \u00fanica de comunicaci\u00f3n intercultural de alta calidad en todos los idiomas del mundo. El camino hacia una comunicaci\u00f3n efectiva pasa por una comprensi\u00f3n profunda del idioma y la cultura del pa\u00eds dado. Fue esta visi\u00f3n la que [&hellip;]\" \/>\n<meta property=\"og:url\" content=\"https:\/\/tlmocnik.sk\/es\/sobre-nosotros\/\" \/>\n<meta property=\"og:site_name\" content=\"Tlmocnik.sk\" \/>\n<meta property=\"article:modified_time\" content=\"2022-12-15T14:59:08+00:00\" \/>\n<meta property=\"og:image\" content=\"https:\/\/tlmocnik.sk\/es\/wp-content\/uploads\/2021\/06\/tlmocnicka11.jpg\" \/>\n<meta name=\"twitter:card\" content=\"summary_large_image\" \/>\n<script type=\"application\/ld+json\" class=\"yoast-schema-graph\">{\"@context\":\"https:\/\/schema.org\",\"@graph\":[{\"@type\":\"WebSite\",\"@id\":\"https:\/\/tlmocnik.sk\/es\/#website\",\"url\":\"https:\/\/tlmocnik.sk\/es\/\",\"name\":\"Tlmocnik.sk\",\"description\":\"\",\"potentialAction\":[{\"@type\":\"SearchAction\",\"target\":{\"@type\":\"EntryPoint\",\"urlTemplate\":\"https:\/\/tlmocnik.sk\/es\/?s={search_term_string}\"},\"query-input\":\"required name=search_term_string\"}],\"inLanguage\":\"es\"},{\"@type\":\"ImageObject\",\"@id\":\"https:\/\/tlmocnik.sk\/es\/sobre-nosotros\/#primaryimage\",\"inLanguage\":\"es\",\"url\":\"https:\/\/tlmocnik.sk\/es\/wp-content\/uploads\/2021\/06\/tlmocnicka11.jpg\",\"contentUrl\":\"https:\/\/tlmocnik.sk\/es\/wp-content\/uploads\/2021\/06\/tlmocnicka11.jpg\",\"width\":637,\"height\":582},{\"@type\":\"WebPage\",\"@id\":\"https:\/\/tlmocnik.sk\/es\/sobre-nosotros\/#webpage\",\"url\":\"https:\/\/tlmocnik.sk\/es\/sobre-nosotros\/\",\"name\":\"Sobre nosotros - Tlmocnik.sk\",\"isPartOf\":{\"@id\":\"https:\/\/tlmocnik.sk\/es\/#website\"},\"primaryImageOfPage\":{\"@id\":\"https:\/\/tlmocnik.sk\/es\/sobre-nosotros\/#primaryimage\"},\"datePublished\":\"2021-06-16T11:27:52+00:00\",\"dateModified\":\"2022-12-15T14:59:08+00:00\",\"breadcrumb\":{\"@id\":\"https:\/\/tlmocnik.sk\/es\/sobre-nosotros\/#breadcrumb\"},\"inLanguage\":\"es\",\"potentialAction\":[{\"@type\":\"ReadAction\",\"target\":[\"https:\/\/tlmocnik.sk\/es\/sobre-nosotros\/\"]}]},{\"@type\":\"BreadcrumbList\",\"@id\":\"https:\/\/tlmocnik.sk\/es\/sobre-nosotros\/#breadcrumb\",\"itemListElement\":[{\"@type\":\"ListItem\",\"position\":1,\"name\":\"Home\",\"item\":\"https:\/\/tlmocnik.sk\/es\/\"},{\"@type\":\"ListItem\",\"position\":2,\"name\":\"Sobre nosotros\"}]}]}<\/script>\n<!-- \/ Yoast SEO plugin. -->","yoast_head_json":{"title":"Sobre nosotros - Tlmocnik.sk","robots":{"index":"index","follow":"follow","max-snippet":"max-snippet:-1","max-image-preview":"max-image-preview:large","max-video-preview":"max-video-preview:-1"},"canonical":"https:\/\/tlmocnik.sk\/es\/sobre-nosotros\/","og_locale":"es_ES","og_type":"article","og_title":"Sobre nosotros - Tlmocnik.sk","og_description":"ACERCA DE LA COMPA\u00d1\u00cdA Sobre nosotros Contacto La historia de TLMOCNIK Translations comenz\u00f3 en 2002 con una oferta \u00fanica de comunicaci\u00f3n intercultural de alta calidad en todos los idiomas del mundo. El camino hacia una comunicaci\u00f3n efectiva pasa por una comprensi\u00f3n profunda del idioma y la cultura del pa\u00eds dado. Fue esta visi\u00f3n la que [&hellip;]","og_url":"https:\/\/tlmocnik.sk\/es\/sobre-nosotros\/","og_site_name":"Tlmocnik.sk","article_modified_time":"2022-12-15T14:59:08+00:00","og_image":[{"url":"https:\/\/tlmocnik.sk\/es\/wp-content\/uploads\/2021\/06\/tlmocnicka11.jpg"}],"twitter_card":"summary_large_image","schema":{"@context":"https:\/\/schema.org","@graph":[{"@type":"WebSite","@id":"https:\/\/tlmocnik.sk\/es\/#website","url":"https:\/\/tlmocnik.sk\/es\/","name":"Tlmocnik.sk","description":"","potentialAction":[{"@type":"SearchAction","target":{"@type":"EntryPoint","urlTemplate":"https:\/\/tlmocnik.sk\/es\/?s={search_term_string}"},"query-input":"required name=search_term_string"}],"inLanguage":"es"},{"@type":"ImageObject","@id":"https:\/\/tlmocnik.sk\/es\/sobre-nosotros\/#primaryimage","inLanguage":"es","url":"https:\/\/tlmocnik.sk\/es\/wp-content\/uploads\/2021\/06\/tlmocnicka11.jpg","contentUrl":"https:\/\/tlmocnik.sk\/es\/wp-content\/uploads\/2021\/06\/tlmocnicka11.jpg","width":637,"height":582},{"@type":"WebPage","@id":"https:\/\/tlmocnik.sk\/es\/sobre-nosotros\/#webpage","url":"https:\/\/tlmocnik.sk\/es\/sobre-nosotros\/","name":"Sobre nosotros - Tlmocnik.sk","isPartOf":{"@id":"https:\/\/tlmocnik.sk\/es\/#website"},"primaryImageOfPage":{"@id":"https:\/\/tlmocnik.sk\/es\/sobre-nosotros\/#primaryimage"},"datePublished":"2021-06-16T11:27:52+00:00","dateModified":"2022-12-15T14:59:08+00:00","breadcrumb":{"@id":"https:\/\/tlmocnik.sk\/es\/sobre-nosotros\/#breadcrumb"},"inLanguage":"es","potentialAction":[{"@type":"ReadAction","target":["https:\/\/tlmocnik.sk\/es\/sobre-nosotros\/"]}]},{"@type":"BreadcrumbList","@id":"https:\/\/tlmocnik.sk\/es\/sobre-nosotros\/#breadcrumb","itemListElement":[{"@type":"ListItem","position":1,"name":"Home","item":"https:\/\/tlmocnik.sk\/es\/"},{"@type":"ListItem","position":2,"name":"Sobre nosotros"}]}]}},"_links":{"self":[{"href":"https:\/\/tlmocnik.sk\/es\/wp-json\/wp\/v2\/pages\/9270","targetHints":{"allow":["GET"]}}],"collection":[{"href":"https:\/\/tlmocnik.sk\/es\/wp-json\/wp\/v2\/pages"}],"about":[{"href":"https:\/\/tlmocnik.sk\/es\/wp-json\/wp\/v2\/types\/page"}],"author":[{"embeddable":true,"href":"https:\/\/tlmocnik.sk\/es\/wp-json\/wp\/v2\/users\/1"}],"replies":[{"embeddable":true,"href":"https:\/\/tlmocnik.sk\/es\/wp-json\/wp\/v2\/comments?post=9270"}],"version-history":[{"count":20,"href":"https:\/\/tlmocnik.sk\/es\/wp-json\/wp\/v2\/pages\/9270\/revisions"}],"predecessor-version":[{"id":9637,"href":"https:\/\/tlmocnik.sk\/es\/wp-json\/wp\/v2\/pages\/9270\/revisions\/9637"}],"wp:attachment":[{"href":"https:\/\/tlmocnik.sk\/es\/wp-json\/wp\/v2\/media?parent=9270"}],"curies":[{"name":"wp","href":"https:\/\/api.w.org\/{rel}","templated":true}]}}