{"id":9026,"date":"2021-06-07T16:50:03","date_gmt":"2021-06-07T14:50:03","guid":{"rendered":"https:\/\/tlmocnik.sk\/fr\/?page_id=9026"},"modified":"2022-12-16T10:20:17","modified_gmt":"2022-12-16T09:20:17","slug":"verification-des-documents","status":"publish","type":"page","link":"https:\/\/tlmocnik.sk\/fr\/verification-des-documents\/","title":{"rendered":"V\u00e9rification des documents"},"content":{"rendered":"\t\t<div data-elementor-type=\"wp-page\" data-elementor-id=\"9026\" class=\"elementor elementor-9026\">\n\t\t\t\t\t\t<section class=\"elementor-section elementor-top-section elementor-element elementor-element-19240faa elementor-section-boxed elementor-section-height-default elementor-section-height-default\" data-id=\"19240faa\" data-element_type=\"section\">\n\t\t\t\t\t\t<div class=\"elementor-container elementor-column-gap-extended\">\n\t\t\t\t\t<div class=\"elementor-column elementor-col-100 elementor-top-column elementor-element elementor-element-5777ad42\" data-id=\"5777ad42\" data-element_type=\"column\">\n\t\t\t<div class=\"elementor-widget-wrap elementor-element-populated\">\n\t\t\t\t\t\t<div class=\"elementor-element elementor-element-6ab72f98 elementor-widget elementor-widget-spacer\" data-id=\"6ab72f98\" data-element_type=\"widget\" data-widget_type=\"spacer.default\">\n\t\t\t\t<div class=\"elementor-widget-container\">\n\t\t\t\t\t\t\t<div class=\"elementor-spacer\">\n\t\t\t<div class=\"elementor-spacer-inner\"><\/div>\n\t\t<\/div>\n\t\t\t\t\t\t<\/div>\n\t\t\t\t<\/div>\n\t\t\t\t<section class=\"elementor-section elementor-inner-section elementor-element elementor-element-17696d8f elementor-section-boxed elementor-section-height-default elementor-section-height-default\" data-id=\"17696d8f\" data-element_type=\"section\">\n\t\t\t\t\t\t<div class=\"elementor-container elementor-column-gap-default\">\n\t\t\t\t\t<div class=\"elementor-column elementor-col-33 elementor-inner-column elementor-element elementor-element-3d4ada52\" data-id=\"3d4ada52\" data-element_type=\"column\">\n\t\t\t<div class=\"elementor-widget-wrap elementor-element-populated\">\n\t\t\t\t\t\t<div class=\"elementor-element-custom_font_size elementor-element-custom_font_weight elementor-element elementor-element-2f5aec35 elementor-widget elementor-widget-text-editor\" data-id=\"2f5aec35\" data-element_type=\"widget\" data-widget_type=\"text-editor.default\">\n\t\t\t\t<div class=\"elementor-widget-container\">\n\t\t\t\t\t\t\t\t\t<h5>V\u00e9rification des documents<\/h5>\t\t\t\t\t\t\t\t<\/div>\n\t\t\t\t<\/div>\n\t\t\t\t<div class=\"elementor-element elementor-element-7eeda935 elementor-widget elementor-widget-heading\" data-id=\"7eeda935\" data-element_type=\"widget\" data-widget_type=\"heading.default\">\n\t\t\t\t<div class=\"elementor-widget-container\">\n\t\t\t\t\t<h2 class=\"elementor-heading-title elementor-size-default\">Tous types de documents<\/h2>\t\t\t\t<\/div>\n\t\t\t\t<\/div>\n\t\t\t\t<div class=\"elementor-element elementor-element-61ef3df8 elementor-widget elementor-widget-spacer\" data-id=\"61ef3df8\" data-element_type=\"widget\" data-widget_type=\"spacer.default\">\n\t\t\t\t<div class=\"elementor-widget-container\">\n\t\t\t\t\t\t\t<div class=\"elementor-spacer\">\n\t\t\t<div class=\"elementor-spacer-inner\"><\/div>\n\t\t<\/div>\n\t\t\t\t\t\t<\/div>\n\t\t\t\t<\/div>\n\t\t\t\t<div class=\"gt3-core-button--alignment_left elementor-element elementor-element-573facd7 elementor-widget elementor-widget-gt3-core-button\" data-id=\"573facd7\" data-element_type=\"widget\" data-widget_type=\"gt3-core-button.default\">\n\t\t\t\t<div class=\"elementor-widget-container\">\n\t\t\t\t\t\t<div class=\"gt3_module_button_elementor size_custom alignment_left button_icon_none hover_type5 rounded\">\r\n\t\t<a class=\"button_size_elementor_custom alignment_left border_icon_none hover_type5 btn_icon_position_left\" href=\"https:\/\/tlmocnik.sk\/fr\/kontakt\/\">\r\n\t\t\t\t<span class=\"gt3_module_button__container\">\r\n\t\t\t\t\t\t\t\t\t\t\t<span class=\"elementor_gt3_btn_text\">Contacter<\/span>\t\t\t\t\t\t<span class=\"gt3_module_button__cover front\"><\/span>\r\n\t\t\t\t\t\t<span class=\"gt3_module_button__cover back\"><\/span>\r\n\t\t\t\t\t\t\t\t\t<\/span>\r\n\t\t<\/a>\r\n\t<\/div>\r\n\r\n<script type=\"application\/json\" id=\"settings--573facd7\">[]<\/script>\t\t\t\t<\/div>\n\t\t\t\t<\/div>\n\t\t\t\t<div class=\"elementor-element elementor-element-4d1118d3 elementor-widget elementor-widget-image\" data-id=\"4d1118d3\" data-element_type=\"widget\" data-widget_type=\"image.default\">\n\t\t\t\t<div class=\"elementor-widget-container\">\n\t\t\t\t\t\t\t\t\t\t\t\t\t\t\t<img fetchpriority=\"high\" decoding=\"async\" width=\"637\" height=\"582\" src=\"https:\/\/tlmocnik.sk\/fr\/wp-content\/uploads\/2021\/06\/tlmocnicka11.jpg\" class=\"attachment-full size-full wp-image-9410\" alt=\"\" srcset=\"https:\/\/tlmocnik.sk\/fr\/wp-content\/uploads\/2021\/06\/tlmocnicka11.jpg 637w, https:\/\/tlmocnik.sk\/fr\/wp-content\/uploads\/2021\/06\/tlmocnicka11-300x274.jpg 300w, https:\/\/tlmocnik.sk\/fr\/wp-content\/uploads\/2021\/06\/tlmocnicka11-480x439.jpg 480w\" sizes=\"(max-width: 637px) 100vw, 637px\" title=\"tlmocnicka11\" \/>\t\t\t\t\t\t\t\t\t\t\t\t\t\t\t<\/div>\n\t\t\t\t<\/div>\n\t\t\t\t\t<\/div>\n\t\t<\/div>\n\t\t\t\t<div class=\"elementor-column elementor-col-33 elementor-inner-column elementor-element elementor-element-252e72b7\" data-id=\"252e72b7\" data-element_type=\"column\">\n\t\t\t<div class=\"elementor-widget-wrap elementor-element-populated\">\n\t\t\t\t\t\t<div class=\"elementor-element elementor-element-1d3b0d38 elementor-widget elementor-widget-spacer\" data-id=\"1d3b0d38\" data-element_type=\"widget\" data-widget_type=\"spacer.default\">\n\t\t\t\t<div class=\"elementor-widget-container\">\n\t\t\t\t\t\t\t<div class=\"elementor-spacer\">\n\t\t\t<div class=\"elementor-spacer-inner\"><\/div>\n\t\t<\/div>\n\t\t\t\t\t\t<\/div>\n\t\t\t\t<\/div>\n\t\t\t\t<div class=\"elementor-element elementor-element-6c443cb2 elementor-widget elementor-widget-text-editor\" data-id=\"6c443cb2\" data-element_type=\"widget\" data-widget_type=\"text-editor.default\">\n\t\t\t\t<div class=\"elementor-widget-container\">\n\t\t\t\t\t\t\t\t\t<p>Notre soci\u00e9t\u00e9 vous fournira la v\u00e9rification des documents\u00a0 pour les besoins des autorit\u00e9s \u00e0 court terme \u00e0 des prix\u00a0 avantageux. Nous fournissons une v\u00e9rification compl\u00e8te de tous les types de documents lorsqu&rsquo;ils sont soumis \u00e0 l&rsquo;\u00e9tranger.<\/p><p>Notarisations, confirmations par les minist\u00e8res, l\u00e9galisations, superl\u00e9galisations, apostilles, v\u00e9rifications judiciaires, nous pouvons vous fournir tout cela dans le format correct et requis. Si vous avez des questions concernant la v\u00e9rification des documents, n&rsquo;h\u00e9sitez pas \u00e0 <a href=\"https:\/\/tlmocnik.sk\/fr\/kontakt\">nous contacter<\/a>.<\/p><h2>Les nouveaux clients ont la possibilit\u00e9 d&rsquo;utiliser un ensemble sp\u00e9cial de services qui comprend\u00a0:<\/h2><p>\u2013\u00a0\u00a0\u00a0\u00a0\u00a0\u00a0\u00a0\u00a0 Cadeau pour la premi\u00e8re traduction<\/p><p>\u2013\u00a0\u00a0\u00a0\u00a0\u00a0\u00a0\u00a0\u00a0\u00a0 Remise d&rsquo;activation de 6,5% par rapport \u00e0 la liste de prix actuelle<\/p><p>\u2013\u00a0\u00a0\u00a0\u00a0\u00a0\u00a0\u00a0\u00a0 Rabais de volume suppl\u00e9mentaire de 2\u00a0% d\u00e9j\u00e0 apr\u00e8s la 5e normostrane<\/p><p>\u2013\u00a0\u00a0\u00a0\u00a0\u00a0\u00a0\u00a0\u00a0 Livraison gratuite de la premi\u00e8re traduction judiciaire \u00e0 Bratislava par coursier (avec paiement en esp\u00e8ces)<\/p><p>\u2013\u00a0\u00a0\u00a0\u00a0\u00a0\u00a0\u00a0\u00a0\u00a0 Archivage gratuit et confidentiel des documents pendant 2 ans<\/p><p>\u2013\u00a0\u00a0\u00a0\u00a0\u00a0\u00a0\u00a0\u00a0\u00a0\u00a0<strong>Remise de 30\u00a0%<\/strong> sur les frais d&rsquo;organisation de v\u00e9rifications plus importantes<\/p><p>\u2013\u00a0\u00a0\u00a0\u00a0\u00a0\u00a0\u00a0\u00a0 La possibilit\u00e9 de passer commande via Internet<\/p><p>\u2013\u00a0\u00a0\u00a0\u00a0\u00a0\u00a0\u00a0\u00a0\u00a0 La possibilit\u00e9 de consultations par <strong>chat en ligne<\/strong><\/p><h2>Les nouveaux clients peuvent progressivement passer \u00e0 la cat\u00e9gorie des clients fid\u00e8les, qui b\u00e9n\u00e9ficient de remises encore meilleures<\/h2>\t\t\t\t\t\t\t\t<\/div>\n\t\t\t\t<\/div>\n\t\t\t\t\t<\/div>\n\t\t<\/div>\n\t\t\t\t<div class=\"elementor-column elementor-col-33 elementor-inner-column elementor-element elementor-element-73e9e800\" data-id=\"73e9e800\" data-element_type=\"column\">\n\t\t\t<div class=\"elementor-widget-wrap\">\n\t\t\t\t\t\t\t<\/div>\n\t\t<\/div>\n\t\t\t\t\t<\/div>\n\t\t<\/section>\n\t\t\t\t\t<\/div>\n\t\t<\/div>\n\t\t\t\t\t<\/div>\n\t\t<\/section>\n\t\t\t\t<section class=\"elementor-section elementor-top-section elementor-element elementor-element-6b230bef elementor-section-boxed elementor-section-height-default elementor-section-height-default\" data-id=\"6b230bef\" data-element_type=\"section\" data-settings=\"{&quot;background_background&quot;:&quot;classic&quot;}\">\n\t\t\t\t\t\t<div class=\"elementor-container elementor-column-gap-extended\">\n\t\t\t\t\t<div class=\"elementor-column elementor-col-50 elementor-top-column elementor-element elementor-element-62f44268\" data-id=\"62f44268\" data-element_type=\"column\">\n\t\t\t<div class=\"elementor-widget-wrap elementor-element-populated\">\n\t\t\t\t\t\t<div class=\"elementor-element elementor-element-21422ea5 elementor-widget elementor-widget-spacer\" data-id=\"21422ea5\" data-element_type=\"widget\" data-widget_type=\"spacer.default\">\n\t\t\t\t<div class=\"elementor-widget-container\">\n\t\t\t\t\t\t\t<div class=\"elementor-spacer\">\n\t\t\t<div class=\"elementor-spacer-inner\"><\/div>\n\t\t<\/div>\n\t\t\t\t\t\t<\/div>\n\t\t\t\t<\/div>\n\t\t\t\t<div class=\"elementor-element elementor-element-67008830 elementor-widget elementor-widget-image\" data-id=\"67008830\" data-element_type=\"widget\" data-widget_type=\"image.default\">\n\t\t\t\t<div class=\"elementor-widget-container\">\n\t\t\t\t\t\t\t\t\t\t\t\t\t\t\t<img decoding=\"async\" width=\"637\" height=\"580\" src=\"https:\/\/tlmocnik.sk\/fr\/wp-content\/uploads\/2021\/06\/girl-with_phone1.jpg\" class=\"attachment-full size-full wp-image-9414\" alt=\"\" srcset=\"https:\/\/tlmocnik.sk\/fr\/wp-content\/uploads\/2021\/06\/girl-with_phone1.jpg 637w, https:\/\/tlmocnik.sk\/fr\/wp-content\/uploads\/2021\/06\/girl-with_phone1-300x273.jpg 300w, https:\/\/tlmocnik.sk\/fr\/wp-content\/uploads\/2021\/06\/girl-with_phone1-480x437.jpg 480w\" sizes=\"(max-width: 637px) 100vw, 637px\" title=\"girl-with_phone1\" \/>\t\t\t\t\t\t\t\t\t\t\t\t\t\t\t<\/div>\n\t\t\t\t<\/div>\n\t\t\t\t\t<\/div>\n\t\t<\/div>\n\t\t\t\t<div class=\"elementor-column elementor-col-50 elementor-top-column elementor-element elementor-element-f82e1ed\" data-id=\"f82e1ed\" data-element_type=\"column\">\n\t\t\t<div class=\"elementor-widget-wrap elementor-element-populated\">\n\t\t\t\t\t\t<div class=\"elementor-element elementor-element-3aef0cff elementor-widget elementor-widget-spacer\" data-id=\"3aef0cff\" data-element_type=\"widget\" data-widget_type=\"spacer.default\">\n\t\t\t\t<div class=\"elementor-widget-container\">\n\t\t\t\t\t\t\t<div class=\"elementor-spacer\">\n\t\t\t<div class=\"elementor-spacer-inner\"><\/div>\n\t\t<\/div>\n\t\t\t\t\t\t<\/div>\n\t\t\t\t<\/div>\n\t\t\t\t<div class=\"elementor-element-custom_font_size elementor-element-custom_font_weight elementor-element elementor-element-60d734ab elementor-widget elementor-widget-text-editor\" data-id=\"60d734ab\" data-element_type=\"widget\" data-widget_type=\"text-editor.default\">\n\t\t\t\t<div class=\"elementor-widget-container\">\n\t\t\t\t\t\t\t\t\t<h5>V\u00e9rification des documents<\/h5>\t\t\t\t\t\t\t\t<\/div>\n\t\t\t\t<\/div>\n\t\t\t\t<div class=\"elementor-element elementor-element-492deec elementor-widget elementor-widget-heading\" data-id=\"492deec\" data-element_type=\"widget\" data-widget_type=\"heading.default\">\n\t\t\t\t<div class=\"elementor-widget-container\">\n\t\t\t\t\t<h2 class=\"elementor-heading-title elementor-size-default\">Vous n'arrivez pas \u00e0 vous d\u00e9cider ?<\/h2>\t\t\t\t<\/div>\n\t\t\t\t<\/div>\n\t\t\t\t<div class=\"elementor-element elementor-element-301a979b elementor-widget elementor-widget-text-editor\" data-id=\"301a979b\" data-element_type=\"widget\" data-widget_type=\"text-editor.default\">\n\t\t\t\t<div class=\"elementor-widget-container\">\n\t\t\t\t\t\t\t\t\t<p>Si vous n&rsquo;\u00eates pas s\u00fbr du service dont vous avez besoin, contactez-nous et nous trouverons le meilleur pour vous.<\/p>\t\t\t\t\t\t\t\t<\/div>\n\t\t\t\t<\/div>\n\t\t\t\t<div class=\"elementor-element elementor-element-706b3b8a elementor-widget elementor-widget-spacer\" data-id=\"706b3b8a\" data-element_type=\"widget\" data-widget_type=\"spacer.default\">\n\t\t\t\t<div class=\"elementor-widget-container\">\n\t\t\t\t\t\t\t<div class=\"elementor-spacer\">\n\t\t\t<div class=\"elementor-spacer-inner\"><\/div>\n\t\t<\/div>\n\t\t\t\t\t\t<\/div>\n\t\t\t\t<\/div>\n\t\t\t\t<div class=\"gt3-core-button--alignment_left elementor-element elementor-element-2207b87c elementor-widget elementor-widget-gt3-core-button\" data-id=\"2207b87c\" data-element_type=\"widget\" data-widget_type=\"gt3-core-button.default\">\n\t\t\t\t<div class=\"elementor-widget-container\">\n\t\t\t\t\t\t<div class=\"gt3_module_button_elementor size_custom alignment_left button_icon_none hover_type5 rounded\">\r\n\t\t<a class=\"button_size_elementor_custom alignment_left border_icon_none hover_type5 btn_icon_position_left\" href=\"https:\/\/tlmocnik.sk\/fr\/kontakt\/\">\r\n\t\t\t\t<span class=\"gt3_module_button__container\">\r\n\t\t\t\t\t\t\t\t\t\t\t<span class=\"elementor_gt3_btn_text\">Contacter<\/span>\t\t\t\t\t\t<span class=\"gt3_module_button__cover front\"><\/span>\r\n\t\t\t\t\t\t<span class=\"gt3_module_button__cover back\"><\/span>\r\n\t\t\t\t\t\t\t\t\t<\/span>\r\n\t\t<\/a>\r\n\t<\/div>\r\n\r\n<script type=\"application\/json\" id=\"settings--2207b87c\">[]<\/script>\t\t\t\t<\/div>\n\t\t\t\t<\/div>\n\t\t\t\t<div class=\"elementor-element elementor-element-6b8af006 elementor-widget elementor-widget-spacer\" data-id=\"6b8af006\" data-element_type=\"widget\" data-widget_type=\"spacer.default\">\n\t\t\t\t<div class=\"elementor-widget-container\">\n\t\t\t\t\t\t\t<div class=\"elementor-spacer\">\n\t\t\t<div class=\"elementor-spacer-inner\"><\/div>\n\t\t<\/div>\n\t\t\t\t\t\t<\/div>\n\t\t\t\t<\/div>\n\t\t\t\t\t<\/div>\n\t\t<\/div>\n\t\t\t\t\t<\/div>\n\t\t<\/section>\n\t\t\t\t<\/div>\n\t\t","protected":false},"excerpt":{"rendered":"<p>V\u00e9rification des documents Tous types de documents Contacter Notre soci\u00e9t\u00e9 vous fournira la v\u00e9rification des documents\u00a0 pour les besoins des autorit\u00e9s \u00e0 court terme \u00e0 des prix\u00a0 avantageux. Nous fournissons une v\u00e9rification compl\u00e8te de tous les types de documents lorsqu&rsquo;ils sont soumis \u00e0 l&rsquo;\u00e9tranger. Notarisations, confirmations par les minist\u00e8res, l\u00e9galisations, superl\u00e9galisations, apostilles, v\u00e9rifications judiciaires, nous [&hellip;]<\/p>\n","protected":false},"author":1,"featured_media":0,"parent":0,"menu_order":0,"comment_status":"closed","ping_status":"closed","template":"","meta":{"footnotes":""},"class_list":["post-9026","page","type-page","status-publish","hentry"],"_links":{"self":[{"href":"https:\/\/tlmocnik.sk\/fr\/wp-json\/wp\/v2\/pages\/9026","targetHints":{"allow":["GET"]}}],"collection":[{"href":"https:\/\/tlmocnik.sk\/fr\/wp-json\/wp\/v2\/pages"}],"about":[{"href":"https:\/\/tlmocnik.sk\/fr\/wp-json\/wp\/v2\/types\/page"}],"author":[{"embeddable":true,"href":"https:\/\/tlmocnik.sk\/fr\/wp-json\/wp\/v2\/users\/1"}],"replies":[{"embeddable":true,"href":"https:\/\/tlmocnik.sk\/fr\/wp-json\/wp\/v2\/comments?post=9026"}],"version-history":[{"count":27,"href":"https:\/\/tlmocnik.sk\/fr\/wp-json\/wp\/v2\/pages\/9026\/revisions"}],"predecessor-version":[{"id":9615,"href":"https:\/\/tlmocnik.sk\/fr\/wp-json\/wp\/v2\/pages\/9026\/revisions\/9615"}],"wp:attachment":[{"href":"https:\/\/tlmocnik.sk\/fr\/wp-json\/wp\/v2\/media?parent=9026"}],"curies":[{"name":"wp","href":"https:\/\/api.w.org\/{rel}","templated":true}]}}