{"id":9032,"date":"2021-06-07T18:09:18","date_gmt":"2021-06-07T16:09:18","guid":{"rendered":"https:\/\/tlmocnik.sk\/fr\/?page_id=9032"},"modified":"2022-12-16T10:22:15","modified_gmt":"2022-12-16T09:22:15","slug":"technique-dinterpretation","status":"publish","type":"page","link":"https:\/\/tlmocnik.sk\/fr\/technique-dinterpretation\/","title":{"rendered":"Technique d&rsquo;interpr\u00e9tation"},"content":{"rendered":"\t\t<div data-elementor-type=\"wp-page\" data-elementor-id=\"9032\" class=\"elementor elementor-9032\">\n\t\t\t\t\t\t<section class=\"elementor-section elementor-top-section elementor-element elementor-element-56037d2a elementor-section-boxed elementor-section-height-default elementor-section-height-default\" data-id=\"56037d2a\" data-element_type=\"section\">\n\t\t\t\t\t\t<div class=\"elementor-container elementor-column-gap-extended\">\n\t\t\t\t\t<div class=\"elementor-column elementor-col-100 elementor-top-column elementor-element elementor-element-496bf5ef\" data-id=\"496bf5ef\" data-element_type=\"column\">\n\t\t\t<div class=\"elementor-widget-wrap elementor-element-populated\">\n\t\t\t\t\t\t<div class=\"elementor-element elementor-element-21a1b5b6 elementor-widget elementor-widget-spacer\" data-id=\"21a1b5b6\" data-element_type=\"widget\" data-widget_type=\"spacer.default\">\n\t\t\t\t<div class=\"elementor-widget-container\">\n\t\t\t\t\t\t\t<div class=\"elementor-spacer\">\n\t\t\t<div class=\"elementor-spacer-inner\"><\/div>\n\t\t<\/div>\n\t\t\t\t\t\t<\/div>\n\t\t\t\t<\/div>\n\t\t\t\t<section class=\"elementor-section elementor-inner-section elementor-element elementor-element-4ca8961b elementor-section-boxed elementor-section-height-default elementor-section-height-default\" data-id=\"4ca8961b\" data-element_type=\"section\">\n\t\t\t\t\t\t<div class=\"elementor-container elementor-column-gap-default\">\n\t\t\t\t\t<div class=\"elementor-column elementor-col-33 elementor-inner-column elementor-element elementor-element-201f3430\" data-id=\"201f3430\" data-element_type=\"column\">\n\t\t\t<div class=\"elementor-widget-wrap elementor-element-populated\">\n\t\t\t\t\t\t<div class=\"elementor-element-custom_font_size elementor-element-custom_font_weight elementor-element elementor-element-5655f elementor-widget elementor-widget-text-editor\" data-id=\"5655f\" data-element_type=\"widget\" data-widget_type=\"text-editor.default\">\n\t\t\t\t<div class=\"elementor-widget-container\">\n\t\t\t\t\t\t\t\t\t<h5>INSTALLATIONS D&rsquo;INTERPR\u00c9TATION DE CONF\u00c9RENCE<\/h5>\t\t\t\t\t\t\t\t<\/div>\n\t\t\t\t<\/div>\n\t\t\t\t<div class=\"elementor-element elementor-element-55b8ccae elementor-widget elementor-widget-heading\" data-id=\"55b8ccae\" data-element_type=\"widget\" data-widget_type=\"heading.default\">\n\t\t\t\t<div class=\"elementor-widget-container\">\n\t\t\t\t\t<h2 class=\"elementor-heading-title elementor-size-default\">Mat\u00e9riel d'interpr\u00e9tation, cabines, sonorisation de salle, micros, projecteurs...<\/h2>\t\t\t\t<\/div>\n\t\t\t\t<\/div>\n\t\t\t\t<div class=\"elementor-element elementor-element-523f5bbc elementor-widget elementor-widget-spacer\" data-id=\"523f5bbc\" data-element_type=\"widget\" data-widget_type=\"spacer.default\">\n\t\t\t\t<div class=\"elementor-widget-container\">\n\t\t\t\t\t\t\t<div class=\"elementor-spacer\">\n\t\t\t<div class=\"elementor-spacer-inner\"><\/div>\n\t\t<\/div>\n\t\t\t\t\t\t<\/div>\n\t\t\t\t<\/div>\n\t\t\t\t<div class=\"gt3-core-button--alignment_left elementor-element elementor-element-6a3559ab elementor-widget elementor-widget-gt3-core-button\" data-id=\"6a3559ab\" data-element_type=\"widget\" data-widget_type=\"gt3-core-button.default\">\n\t\t\t\t<div class=\"elementor-widget-container\">\n\t\t\t\t\t\t<div class=\"gt3_module_button_elementor size_custom alignment_left button_icon_none hover_type5 rounded\">\r\n\t\t<a class=\"button_size_elementor_custom alignment_left border_icon_none hover_type5 btn_icon_position_left\" href=\"https:\/\/tlmocnik.sk\/fr\/kontakt\/\">\r\n\t\t\t\t<span class=\"gt3_module_button__container\">\r\n\t\t\t\t\t\t\t\t\t\t\t<span class=\"elementor_gt3_btn_text\">Contacter<\/span>\t\t\t\t\t\t<span class=\"gt3_module_button__cover front\"><\/span>\r\n\t\t\t\t\t\t<span class=\"gt3_module_button__cover back\"><\/span>\r\n\t\t\t\t\t\t\t\t\t<\/span>\r\n\t\t<\/a>\r\n\t<\/div>\r\n\r\n<script type=\"application\/json\" id=\"settings--6a3559ab\">[]<\/script>\t\t\t\t<\/div>\n\t\t\t\t<\/div>\n\t\t\t\t<div class=\"elementor-element elementor-element-7d4667dc elementor-widget elementor-widget-image\" data-id=\"7d4667dc\" data-element_type=\"widget\" data-widget_type=\"image.default\">\n\t\t\t\t<div class=\"elementor-widget-container\">\n\t\t\t\t\t\t\t\t\t\t\t\t\t\t\t<img fetchpriority=\"high\" decoding=\"async\" width=\"613\" height=\"463\" src=\"https:\/\/tlmocnik.sk\/fr\/wp-content\/uploads\/2019\/09\/home_img-01.png\" class=\"attachment-full size-full wp-image-1966\" alt=\"\" srcset=\"https:\/\/tlmocnik.sk\/fr\/wp-content\/uploads\/2019\/09\/home_img-01.png 613w, https:\/\/tlmocnik.sk\/fr\/wp-content\/uploads\/2019\/09\/home_img-01-300x227.png 300w, https:\/\/tlmocnik.sk\/fr\/wp-content\/uploads\/2019\/09\/home_img-01-480x363.png 480w\" sizes=\"(max-width: 613px) 100vw, 613px\" title=\"home_img-01\" \/>\t\t\t\t\t\t\t\t\t\t\t\t\t\t\t<\/div>\n\t\t\t\t<\/div>\n\t\t\t\t\t<\/div>\n\t\t<\/div>\n\t\t\t\t<div class=\"elementor-column elementor-col-33 elementor-inner-column elementor-element elementor-element-49241c6c\" data-id=\"49241c6c\" data-element_type=\"column\">\n\t\t\t<div class=\"elementor-widget-wrap elementor-element-populated\">\n\t\t\t\t\t\t<div class=\"elementor-element elementor-element-22679e66 elementor-widget elementor-widget-spacer\" data-id=\"22679e66\" data-element_type=\"widget\" data-widget_type=\"spacer.default\">\n\t\t\t\t<div class=\"elementor-widget-container\">\n\t\t\t\t\t\t\t<div class=\"elementor-spacer\">\n\t\t\t<div class=\"elementor-spacer-inner\"><\/div>\n\t\t<\/div>\n\t\t\t\t\t\t<\/div>\n\t\t\t\t<\/div>\n\t\t\t\t<div class=\"elementor-element elementor-element-372afe7b elementor-widget elementor-widget-text-editor\" data-id=\"372afe7b\" data-element_type=\"widget\" data-widget_type=\"text-editor.default\">\n\t\t\t\t<div class=\"elementor-widget-container\">\n\t\t\t\t\t\t\t\t\t<p>Vous organisez une\u00a0 conf\u00e9rence, un s\u00e9minaire ou une r\u00e9union avec la participation d&rsquo;invit\u00e9s \u00e9trangers ? Vous avez command\u00e9 des interpr\u00e8tes et il vous manque du mat\u00e9riel d&rsquo;interpr\u00e9tation, une sonorisation de salle, etc. ? Nous fournissons des microphones, des stations, des projecteurs, des cabines d&rsquo;interpr\u00e9tation, des cabines d&rsquo;interpr\u00e9tation ISO, etc. Nous avons l&rsquo;une des exp\u00e9riences les plus riches en mati\u00e8re d&rsquo;interpr\u00e9tation de conf\u00e9rence. Nous nous ferons un plaisir de vous conseiller et de r\u00e9pondre \u00e0 toutes les questions techniques qui pourraient survenir lors de l&rsquo;organisation de votre \u00e9v\u00e9nement.<\/p><h2>Les nouveaux clients ont la possibilit\u00e9 d&rsquo;utiliser un ensemble sp\u00e9cial de services qui comprend\u00a0:<\/h2><p>\u2013 Un cadeau pour la premi\u00e8re traduction<\/p><p>\u2013 Remise d&rsquo;activation de 6,5% par rapport \u00e0 la liste de prix actuelle<\/p><p>\u2013 Remise sur volume suppl\u00e9mentaire de 2% d\u00e9j\u00e0 apr\u00e8s la 5e normostrane<\/p><p>\u2013 Livraison gratuite de la premi\u00e8re traduction judiciaire \u00e0 Bratislava par coursier (avec paiement en esp\u00e8ces)<\/p><p>\u2013 Archivage gratuit et confidentiel des documents pendant 2 ans<\/p><p>\u2013 30% de r\u00e9duction sur les frais de traitement des v\u00e9rifications sup\u00e9rieures<\/p><p>\u2013<span>\u00a0<\/span><strong>Possibilit\u00e9<\/strong><span>\u00a0<\/span> de passer<strong><span>\u00a0<\/span>des commandes via Internet<\/strong><\/p><p>&#8211; Possibilit\u00e9 de<span><\/span><strong>consultations par chat en ligne<\/strong><span><\/span><\/p><h2>Les nouveaux clients peuvent progressivement passer \u00e0 la cat\u00e9gorie des clients fid\u00e8les, qui b\u00e9n\u00e9ficient de remises encore meilleures<\/h2>\t\t\t\t\t\t\t\t<\/div>\n\t\t\t\t<\/div>\n\t\t\t\t\t<\/div>\n\t\t<\/div>\n\t\t\t\t<div class=\"elementor-column elementor-col-33 elementor-inner-column elementor-element elementor-element-66c752d3\" data-id=\"66c752d3\" data-element_type=\"column\">\n\t\t\t<div class=\"elementor-widget-wrap\">\n\t\t\t\t\t\t\t<\/div>\n\t\t<\/div>\n\t\t\t\t\t<\/div>\n\t\t<\/section>\n\t\t\t\t\t<\/div>\n\t\t<\/div>\n\t\t\t\t\t<\/div>\n\t\t<\/section>\n\t\t\t\t<section class=\"elementor-section elementor-top-section elementor-element elementor-element-75da5896 elementor-section-boxed elementor-section-height-default elementor-section-height-default\" data-id=\"75da5896\" data-element_type=\"section\">\n\t\t\t\t\t\t<div class=\"elementor-container elementor-column-gap-default\">\n\t\t\t\t\t<div class=\"elementor-column elementor-col-100 elementor-top-column elementor-element elementor-element-36916110\" data-id=\"36916110\" data-element_type=\"column\">\n\t\t\t<div class=\"elementor-widget-wrap elementor-element-populated\">\n\t\t\t\t\t\t<div class=\"elementor-element elementor-element-6d2118a6 elementor-widget elementor-widget-image\" data-id=\"6d2118a6\" data-element_type=\"widget\" data-widget_type=\"image.default\">\n\t\t\t\t<div class=\"elementor-widget-container\">\n\t\t\t\t\t\t\t\t\t\t\t\t\t\t\t<img decoding=\"async\" width=\"1330\" height=\"622\" src=\"https:\/\/tlmocnik.sk\/fr\/wp-content\/uploads\/2019\/09\/SMM_img.jpg\" class=\"attachment-full size-full wp-image-2161\" alt=\"\" srcset=\"https:\/\/tlmocnik.sk\/fr\/wp-content\/uploads\/2019\/09\/SMM_img.jpg 1330w, https:\/\/tlmocnik.sk\/fr\/wp-content\/uploads\/2019\/09\/SMM_img-1200x561.jpg 1200w, https:\/\/tlmocnik.sk\/fr\/wp-content\/uploads\/2019\/09\/SMM_img-300x140.jpg 300w, https:\/\/tlmocnik.sk\/fr\/wp-content\/uploads\/2019\/09\/SMM_img-1024x479.jpg 1024w, https:\/\/tlmocnik.sk\/fr\/wp-content\/uploads\/2019\/09\/SMM_img-768x359.jpg 768w, https:\/\/tlmocnik.sk\/fr\/wp-content\/uploads\/2019\/09\/SMM_img-480x224.jpg 480w\" sizes=\"(max-width: 1330px) 100vw, 1330px\" title=\"SMM_img\" \/>\t\t\t\t\t\t\t\t\t\t\t\t\t\t\t<\/div>\n\t\t\t\t<\/div>\n\t\t\t\t<div class=\"elementor-element elementor-element-16ff3c1c elementor-widget elementor-widget-spacer\" data-id=\"16ff3c1c\" data-element_type=\"widget\" data-widget_type=\"spacer.default\">\n\t\t\t\t<div class=\"elementor-widget-container\">\n\t\t\t\t\t\t\t<div class=\"elementor-spacer\">\n\t\t\t<div class=\"elementor-spacer-inner\"><\/div>\n\t\t<\/div>\n\t\t\t\t\t\t<\/div>\n\t\t\t\t<\/div>\n\t\t\t\t\t<\/div>\n\t\t<\/div>\n\t\t\t\t\t<\/div>\n\t\t<\/section>\n\t\t\t\t<section class=\"elementor-section elementor-top-section elementor-element elementor-element-6660b36 elementor-section-boxed elementor-section-height-default elementor-section-height-default\" data-id=\"6660b36\" data-element_type=\"section\" data-settings=\"{&quot;background_background&quot;:&quot;classic&quot;}\">\n\t\t\t\t\t\t<div class=\"elementor-container elementor-column-gap-extended\">\n\t\t\t\t\t<div class=\"elementor-column elementor-col-50 elementor-top-column elementor-element elementor-element-23a84eb6\" data-id=\"23a84eb6\" data-element_type=\"column\">\n\t\t\t<div class=\"elementor-widget-wrap elementor-element-populated\">\n\t\t\t\t\t\t<div class=\"elementor-element elementor-element-60f399 elementor-widget elementor-widget-spacer\" data-id=\"60f399\" data-element_type=\"widget\" data-widget_type=\"spacer.default\">\n\t\t\t\t<div class=\"elementor-widget-container\">\n\t\t\t\t\t\t\t<div class=\"elementor-spacer\">\n\t\t\t<div class=\"elementor-spacer-inner\"><\/div>\n\t\t<\/div>\n\t\t\t\t\t\t<\/div>\n\t\t\t\t<\/div>\n\t\t\t\t<div class=\"elementor-element elementor-element-45ee26 elementor-widget elementor-widget-image\" data-id=\"45ee26\" data-element_type=\"widget\" data-widget_type=\"image.default\">\n\t\t\t\t<div class=\"elementor-widget-container\">\n\t\t\t\t\t\t\t\t\t\t\t\t\t\t\t<img fetchpriority=\"high\" decoding=\"async\" width=\"613\" height=\"463\" src=\"https:\/\/tlmocnik.sk\/fr\/wp-content\/uploads\/2019\/09\/home_img-01.png\" class=\"attachment-full size-full wp-image-1966\" alt=\"\" srcset=\"https:\/\/tlmocnik.sk\/fr\/wp-content\/uploads\/2019\/09\/home_img-01.png 613w, https:\/\/tlmocnik.sk\/fr\/wp-content\/uploads\/2019\/09\/home_img-01-300x227.png 300w, https:\/\/tlmocnik.sk\/fr\/wp-content\/uploads\/2019\/09\/home_img-01-480x363.png 480w\" sizes=\"(max-width: 613px) 100vw, 613px\" title=\"home_img-01\" \/>\t\t\t\t\t\t\t\t\t\t\t\t\t\t\t<\/div>\n\t\t\t\t<\/div>\n\t\t\t\t\t<\/div>\n\t\t<\/div>\n\t\t\t\t<div class=\"elementor-column elementor-col-50 elementor-top-column elementor-element elementor-element-162bd405\" data-id=\"162bd405\" data-element_type=\"column\">\n\t\t\t<div class=\"elementor-widget-wrap elementor-element-populated\">\n\t\t\t\t\t\t<div class=\"elementor-element elementor-element-745a6971 elementor-widget elementor-widget-spacer\" data-id=\"745a6971\" data-element_type=\"widget\" data-widget_type=\"spacer.default\">\n\t\t\t\t<div class=\"elementor-widget-container\">\n\t\t\t\t\t\t\t<div class=\"elementor-spacer\">\n\t\t\t<div class=\"elementor-spacer-inner\"><\/div>\n\t\t<\/div>\n\t\t\t\t\t\t<\/div>\n\t\t\t\t<\/div>\n\t\t\t\t<div class=\"elementor-element-custom_font_size elementor-element-custom_font_weight elementor-element elementor-element-5bd3bb8a elementor-widget elementor-widget-text-editor\" data-id=\"5bd3bb8a\" data-element_type=\"widget\" data-widget_type=\"text-editor.default\">\n\t\t\t\t<div class=\"elementor-widget-container\">\n\t\t\t\t\t\t\t\t\t<h5>Technique d&rsquo;interpr\u00e9tation<\/h5>\t\t\t\t\t\t\t\t<\/div>\n\t\t\t\t<\/div>\n\t\t\t\t<div class=\"elementor-element elementor-element-37b8e1de elementor-widget elementor-widget-heading\" data-id=\"37b8e1de\" data-element_type=\"widget\" data-widget_type=\"heading.default\">\n\t\t\t\t<div class=\"elementor-widget-container\">\n\t\t\t\t\t<h2 class=\"elementor-heading-title elementor-size-default\">Vous n'arrivez pas \u00e0 vous d\u00e9cider ?<\/h2>\t\t\t\t<\/div>\n\t\t\t\t<\/div>\n\t\t\t\t<div class=\"elementor-element elementor-element-65872c24 elementor-widget elementor-widget-text-editor\" data-id=\"65872c24\" data-element_type=\"widget\" data-widget_type=\"text-editor.default\">\n\t\t\t\t<div class=\"elementor-widget-container\">\n\t\t\t\t\t\t\t\t\t<p>Si vous n&rsquo;\u00eates pas s\u00fbr du service dont vous avez besoin, contactez-nous et nous trouverons le meilleur pour vous.<\/p>\t\t\t\t\t\t\t\t<\/div>\n\t\t\t\t<\/div>\n\t\t\t\t<div class=\"elementor-element elementor-element-63b17d45 elementor-widget elementor-widget-spacer\" data-id=\"63b17d45\" data-element_type=\"widget\" data-widget_type=\"spacer.default\">\n\t\t\t\t<div class=\"elementor-widget-container\">\n\t\t\t\t\t\t\t<div class=\"elementor-spacer\">\n\t\t\t<div class=\"elementor-spacer-inner\"><\/div>\n\t\t<\/div>\n\t\t\t\t\t\t<\/div>\n\t\t\t\t<\/div>\n\t\t\t\t<div class=\"gt3-core-button--alignment_left elementor-element elementor-element-23968907 elementor-widget elementor-widget-gt3-core-button\" data-id=\"23968907\" data-element_type=\"widget\" data-widget_type=\"gt3-core-button.default\">\n\t\t\t\t<div class=\"elementor-widget-container\">\n\t\t\t\t\t\t<div class=\"gt3_module_button_elementor size_custom alignment_left button_icon_none hover_type5 rounded\">\r\n\t\t<a class=\"button_size_elementor_custom alignment_left border_icon_none hover_type5 btn_icon_position_left\" href=\"https:\/\/tlmocnik.sk\/fr\/kontakt\/\">\r\n\t\t\t\t<span class=\"gt3_module_button__container\">\r\n\t\t\t\t\t\t\t\t\t\t\t<span class=\"elementor_gt3_btn_text\">Contacter<\/span>\t\t\t\t\t\t<span class=\"gt3_module_button__cover front\"><\/span>\r\n\t\t\t\t\t\t<span class=\"gt3_module_button__cover back\"><\/span>\r\n\t\t\t\t\t\t\t\t\t<\/span>\r\n\t\t<\/a>\r\n\t<\/div>\r\n\r\n<script type=\"application\/json\" id=\"settings--23968907\">[]<\/script>\t\t\t\t<\/div>\n\t\t\t\t<\/div>\n\t\t\t\t<div class=\"elementor-element elementor-element-3e962824 elementor-widget elementor-widget-spacer\" data-id=\"3e962824\" data-element_type=\"widget\" data-widget_type=\"spacer.default\">\n\t\t\t\t<div class=\"elementor-widget-container\">\n\t\t\t\t\t\t\t<div class=\"elementor-spacer\">\n\t\t\t<div class=\"elementor-spacer-inner\"><\/div>\n\t\t<\/div>\n\t\t\t\t\t\t<\/div>\n\t\t\t\t<\/div>\n\t\t\t\t\t<\/div>\n\t\t<\/div>\n\t\t\t\t\t<\/div>\n\t\t<\/section>\n\t\t\t\t<\/div>\n\t\t","protected":false},"excerpt":{"rendered":"<p>INSTALLATIONS D&rsquo;INTERPR\u00c9TATION DE CONF\u00c9RENCE Mat\u00e9riel d&rsquo;interpr\u00e9tation, cabines, sonorisation de salle, micros, projecteurs&#8230; Contacter Vous organisez une\u00a0 conf\u00e9rence, un s\u00e9minaire ou une r\u00e9union avec la participation d&rsquo;invit\u00e9s \u00e9trangers ? Vous avez command\u00e9 des interpr\u00e8tes et il vous manque du mat\u00e9riel d&rsquo;interpr\u00e9tation, une sonorisation de salle, etc. ? Nous fournissons des microphones, des stations, des projecteurs, des [&hellip;]<\/p>\n","protected":false},"author":1,"featured_media":0,"parent":0,"menu_order":0,"comment_status":"closed","ping_status":"closed","template":"","meta":{"footnotes":""},"class_list":["post-9032","page","type-page","status-publish","hentry"],"_links":{"self":[{"href":"https:\/\/tlmocnik.sk\/fr\/wp-json\/wp\/v2\/pages\/9032","targetHints":{"allow":["GET"]}}],"collection":[{"href":"https:\/\/tlmocnik.sk\/fr\/wp-json\/wp\/v2\/pages"}],"about":[{"href":"https:\/\/tlmocnik.sk\/fr\/wp-json\/wp\/v2\/types\/page"}],"author":[{"embeddable":true,"href":"https:\/\/tlmocnik.sk\/fr\/wp-json\/wp\/v2\/users\/1"}],"replies":[{"embeddable":true,"href":"https:\/\/tlmocnik.sk\/fr\/wp-json\/wp\/v2\/comments?post=9032"}],"version-history":[{"count":14,"href":"https:\/\/tlmocnik.sk\/fr\/wp-json\/wp\/v2\/pages\/9032\/revisions"}],"predecessor-version":[{"id":9621,"href":"https:\/\/tlmocnik.sk\/fr\/wp-json\/wp\/v2\/pages\/9032\/revisions\/9621"}],"wp:attachment":[{"href":"https:\/\/tlmocnik.sk\/fr\/wp-json\/wp\/v2\/media?parent=9032"}],"curies":[{"name":"wp","href":"https:\/\/api.w.org\/{rel}","templated":true}]}}