{"id":382,"date":"2019-07-16T11:36:11","date_gmt":"2019-07-16T11:36:11","guid":{"rendered":"https:\/\/livewp.site\/wp\/md\/ewebot\/contact-us\/"},"modified":"2022-12-14T13:31:57","modified_gmt":"2022-12-14T12:31:57","slug":"kontakt","status":"publish","type":"page","link":"https:\/\/tlmocnik.sk\/ru-ru\/kontakt\/","title":{"rendered":"\u041a\u043e\u043d\u0442\u0430\u043a\u0442"},"content":{"rendered":"\t\t<div data-elementor-type=\"wp-post\" data-elementor-id=\"382\" class=\"elementor elementor-382\">\n\t\t\t\t\t\t<section class=\"elementor-section elementor-top-section elementor-element elementor-element-97ab970 elementor-section-boxed elementor-section-height-default elementor-section-height-default\" data-id=\"97ab970\" data-element_type=\"section\">\n\t\t\t\t\t\t<div class=\"elementor-container elementor-column-gap-default\">\n\t\t\t\t\t<div class=\"elementor-column elementor-col-25 elementor-top-column elementor-element elementor-element-fd85011\" data-id=\"fd85011\" data-element_type=\"column\">\n\t\t\t<div class=\"elementor-widget-wrap\">\n\t\t\t\t\t\t\t<\/div>\n\t\t<\/div>\n\t\t\t\t<div class=\"elementor-column elementor-col-50 elementor-top-column elementor-element elementor-element-795f762\" data-id=\"795f762\" data-element_type=\"column\">\n\t\t\t<div class=\"elementor-widget-wrap elementor-element-populated\">\n\t\t\t\t\t\t<div class=\"elementor-element-custom_font_size elementor-element-custom_font_weight elementor-element elementor-element-1acea53 elementor-widget elementor-widget-text-editor\" data-id=\"1acea53\" data-element_type=\"widget\" data-widget_type=\"text-editor.default\">\n\t\t\t\t<div class=\"elementor-widget-container\">\n\t\t\t\t\t\t\t\t\t<h5>\u041a\u043e\u043d\u0442\u0430\u043a\u0442\u044b<\/h5>\t\t\t\t\t\t\t\t<\/div>\n\t\t\t\t<\/div>\n\t\t\t\t<div class=\"elementor-element elementor-element-7a4c063 elementor-widget elementor-widget-heading\" data-id=\"7a4c063\" data-element_type=\"widget\" data-widget_type=\"heading.default\">\n\t\t\t\t<div class=\"elementor-widget-container\">\n\t\t\t\t\t<h2 class=\"elementor-heading-title elementor-size-default\">TLMOCNIK Translations s.r.o.<\/h2>\t\t\t\t<\/div>\n\t\t\t\t<\/div>\n\t\t\t\t<div class=\"elementor-element elementor-element-e9f8731 elementor-widget elementor-widget-text-editor\" data-id=\"e9f8731\" data-element_type=\"widget\" data-widget_type=\"text-editor.default\">\n\t\t\t\t<div class=\"elementor-widget-container\">\n\t\t\t\t\t\t\t\t\t<p>Seber\u00edniho 9, 821 03, Bratislava<\/p><p>Office<span>\u00a0<\/span><a href=\"tel:+421905310564\"><span>+421 905 310 564<\/span><\/a><br \/>Hotline:<span>\u00a0<\/span><a href=\"tel:+421911310566\"><span>+421 911 310 566<\/span><\/a><br \/><span>\u0421\u0442\u0430\u0446\u0438\u043e\u043d\u0430\u0440\u043d\u044b\u0439: <\/span><a href=\"tel:+421 2 555 66 220\"><span>+421 2 555 66 220<\/span><\/a><br \/>e-mail:<span>\u00a0<\/span><span><a href=\"mailto:tlmocnik@tlmocnik.sk\">TLMOCNIK@TLMOCNIK.SK<\/a><\/span><\/p><table><tbody><tr><td colspan=\"2\">\u0427\u0410\u0421\u042b \u0420\u0410\u0411\u041e\u0422\u042b:<\/td><\/tr><tr><td><strong>\u041f\u043e\u043d\u0435\u0434\u0435\u043b\u044c\u043d\u0438\u043a &#8212; \u041f\u044f\u0442\u043d\u0438\u0446\u0430<\/strong><\/td><td>9:00 \u2013 15:00<\/td><\/tr><tr><td><strong>\u0421\u0443\u0431\u0431\u043e\u0442\u0430 &#8212; \u0412\u043e\u0441\u043a\u0440\u0435\u0441\u0435\u043d\u044c\u0435<\/strong><\/td><td>\u0432 \u0441\u043e\u043e\u0442\u0432\u0435\u0442\u0441\u0442\u0432\u0438\u0438 \u0441 \u0441\u043e\u0433\u043b\u0430\u0448\u0435\u043d\u0438\u0435\u043c<\/td><\/tr><\/tbody><\/table>\t\t\t\t\t\t\t\t<\/div>\n\t\t\t\t<\/div>\n\t\t\t\t\t<\/div>\n\t\t<\/div>\n\t\t\t\t<div class=\"elementor-column elementor-col-25 elementor-top-column elementor-element elementor-element-b505c64\" data-id=\"b505c64\" data-element_type=\"column\">\n\t\t\t<div class=\"elementor-widget-wrap\">\n\t\t\t\t\t\t\t<\/div>\n\t\t<\/div>\n\t\t\t\t\t<\/div>\n\t\t<\/section>\n\t\t\t\t<section class=\"elementor-section elementor-top-section elementor-element elementor-element-4471351 elementor-section-boxed elementor-section-height-default elementor-section-height-default\" data-id=\"4471351\" data-element_type=\"section\">\n\t\t\t\t\t\t<div class=\"elementor-container elementor-column-gap-default\">\n\t\t\t\t\t<div class=\"elementor-column elementor-col-100 elementor-top-column elementor-element elementor-element-b1c3b92\" data-id=\"b1c3b92\" data-element_type=\"column\">\n\t\t\t<div class=\"elementor-widget-wrap elementor-element-populated\">\n\t\t\t\t\t\t<div class=\"elementor-element elementor-element-8c676b5 elementor-widget elementor-widget-spacer\" data-id=\"8c676b5\" data-element_type=\"widget\" data-widget_type=\"spacer.default\">\n\t\t\t\t<div class=\"elementor-widget-container\">\n\t\t\t\t\t\t\t<div class=\"elementor-spacer\">\n\t\t\t<div class=\"elementor-spacer-inner\"><\/div>\n\t\t<\/div>\n\t\t\t\t\t\t<\/div>\n\t\t\t\t<\/div>\n\t\t\t\t<section class=\"elementor-section elementor-inner-section elementor-element elementor-element-6d26e3f elementor-section-boxed elementor-section-height-default elementor-section-height-default\" data-id=\"6d26e3f\" data-element_type=\"section\">\n\t\t\t\t\t\t<div class=\"elementor-container elementor-column-gap-default\">\n\t\t\t\t\t<div class=\"elementor-column elementor-col-33 elementor-inner-column elementor-element elementor-element-86a06b9\" data-id=\"86a06b9\" data-element_type=\"column\">\n\t\t\t<div class=\"elementor-widget-wrap elementor-element-populated\">\n\t\t\t\t\t\t<div class=\"elementor-element elementor-element-8ae81f3 elementor-widget elementor-widget-text-editor\" data-id=\"8ae81f3\" data-element_type=\"widget\" data-widget_type=\"text-editor.default\">\n\t\t\t\t<div class=\"elementor-widget-container\">\n\t\t\t\t\t\t\t\t\t<div class=\"contact_column\">\n<div class=\"map\"><iframe src=\"https:\/\/www.google.com\/maps\/embed?pb=!1m18!1m12!1m3!1d2661.7415912167753!2d17.16459911599574!3d48.15378687922477!2m3!1f0!2f0!3f0!3m2!1i1024!2i768!4f13.1!3m3!1m2!1s0x476c8f2cbd70d315%3A0x91405fdf8c0699f8!2sHOTEL%20BRATISLAVA!5e0!3m2!1ssk!2ssk!4v1646133382978!5m2!1ssk!2ssk\" width=\"600\" height=\"450\" style=\"border:0;\" allowfullscreen=\"\" loading=\"lazy\"><\/iframe><\/div>\n<h2>&nbsp;<\/h2>\n<h2>Bratislava<\/h2>\nSeber\u00edniho 9<br>821 03, Bratislava<br>\nSlovensk\u00e1 republika\n\n<\/div>\t\t\t\t\t\t\t\t<\/div>\n\t\t\t\t<\/div>\n\t\t\t\t\t<\/div>\n\t\t<\/div>\n\t\t\t\t<div class=\"elementor-column elementor-col-33 elementor-inner-column elementor-element elementor-element-52bb6d7\" data-id=\"52bb6d7\" data-element_type=\"column\">\n\t\t\t<div class=\"elementor-widget-wrap elementor-element-populated\">\n\t\t\t\t\t\t<div class=\"elementor-element elementor-element-2821ff3 elementor-widget elementor-widget-text-editor\" data-id=\"2821ff3\" data-element_type=\"widget\" data-widget_type=\"text-editor.default\">\n\t\t\t\t<div class=\"elementor-widget-container\">\n\t\t\t\t\t\t\t\t\t<div class=\"contact_column\"><div class=\"map\"><iframe src=\"https:\/\/www.google.com\/maps\/embed?pb=!1m18!1m12!1m3!1d2695.741402073283!2d19.035073216074455!3d47.494950879177566!2m3!1f0!2f0!3f0!3m2!1i1024!2i768!4f13.1!3m3!1m2!1s0x4741dc3b0a5b3191%3A0x242a9e8e2c90a958!2sBudapest%2C%20Attila%20%C3%BAt%2033%2C%201013%20Ma%C4%8Farsko!5e0!3m2!1ssk!2sat!4v1614591295576!5m2!1ssk!2sat\" width=\"300\" height=\"450\" allowfullscreen=\"allowfullscreen\" data-mce-fragment=\"1\"><\/iframe><\/div><h2>\u00a0<\/h2><h2>Budape\u0161\u0165<\/h2><p>Attila \u00fat 33<br \/>1013 Budapest<br \/>Ma\u010farsko<\/p><\/div>\t\t\t\t\t\t\t\t<\/div>\n\t\t\t\t<\/div>\n\t\t\t\t\t<\/div>\n\t\t<\/div>\n\t\t\t\t<div class=\"elementor-column elementor-col-33 elementor-inner-column elementor-element elementor-element-3d456c8\" data-id=\"3d456c8\" data-element_type=\"column\">\n\t\t\t<div class=\"elementor-widget-wrap elementor-element-populated\">\n\t\t\t\t\t\t<div class=\"elementor-element elementor-element-fb725ab elementor-widget elementor-widget-text-editor\" data-id=\"fb725ab\" data-element_type=\"widget\" data-widget_type=\"text-editor.default\">\n\t\t\t\t<div class=\"elementor-widget-container\">\n\t\t\t\t\t\t\t\t\t<div class=\"contact_column last\"><div class=\"map\"><iframe src=\"https:\/\/www.google.com\/maps\/embed?pb=!1m18!1m12!1m3!1d2847.9750621663215!2d26.051438815997084!3d44.45418257910193!2m3!1f0!2f0!3f0!3m2!1i1024!2i768!4f13.1!3m3!1m2!1s0x40b2018c48aacc57%3A0xaa1e257c0e5407df!2sBloc%2019A%2C%20Calea%20Cr%C3%A2nga%C8%99i%2010%2C%20Bucure%C8%99ti%20060336%2C%20Rumunsko!5e0!3m2!1ssk!2sat!4v1614591368170!5m2!1ssk!2sat\" width=\"600\" height=\"450\" allowfullscreen=\"allowfullscreen\" data-mce-fragment=\"1\"><\/iframe><\/div><h2>\u00a0<\/h2><h2>Bukure\u0161\u0165<\/h2><p>Calea Crangasi 10<br \/>scara A, apt. 71, sector 6 Bukure\u0161\u0165<br \/>Rumunsko<\/p><\/div>\t\t\t\t\t\t\t\t<\/div>\n\t\t\t\t<\/div>\n\t\t\t\t\t<\/div>\n\t\t<\/div>\n\t\t\t\t\t<\/div>\n\t\t<\/section>\n\t\t\t\t\t<\/div>\n\t\t<\/div>\n\t\t\t\t\t<\/div>\n\t\t<\/section>\n\t\t\t\t<\/div>\n\t\t","protected":false},"excerpt":{"rendered":"<p>\u041a\u043e\u043d\u0442\u0430\u043a\u0442\u044b TLMOCNIK Translations s.r.o. Seber\u00edniho 9, 821 03, Bratislava Office\u00a0+421 905 310 564Hotline:\u00a0+421 911 310 566\u0421\u0442\u0430\u0446\u0438\u043e\u043d\u0430\u0440\u043d\u044b\u0439: +421 2 555 66 220e-mail:\u00a0TLMOCNIK@TLMOCNIK.SK \u0427\u0410\u0421\u042b \u0420\u0410\u0411\u041e\u0422\u042b: \u041f\u043e\u043d\u0435\u0434\u0435\u043b\u044c\u043d\u0438\u043a &#8212; \u041f\u044f\u0442\u043d\u0438\u0446\u0430 9:00 \u2013 15:00 \u0421\u0443\u0431\u0431\u043e\u0442\u0430 &#8212; \u0412\u043e\u0441\u043a\u0440\u0435\u0441\u0435\u043d\u044c\u0435 \u0432 \u0441\u043e\u043e\u0442\u0432\u0435\u0442\u0441\u0442\u0432\u0438\u0438 \u0441 \u0441\u043e\u0433\u043b\u0430\u0448\u0435\u043d\u0438\u0435\u043c &nbsp; Bratislava Seber\u00edniho 9821 03, Bratislava Slovensk\u00e1 republika \u00a0 Budape\u0161\u0165 Attila \u00fat 331013 BudapestMa\u010farsko \u00a0 Bukure\u0161\u0165 Calea Crangasi 10scara [&hellip;]<\/p>\n","protected":false},"author":1,"featured_media":0,"parent":0,"menu_order":0,"comment_status":"closed","ping_status":"closed","template":"","meta":{"footnotes":""},"class_list":["post-382","page","type-page","status-publish","hentry"],"_links":{"self":[{"href":"https:\/\/tlmocnik.sk\/ru-ru\/wp-json\/wp\/v2\/pages\/382","targetHints":{"allow":["GET"]}}],"collection":[{"href":"https:\/\/tlmocnik.sk\/ru-ru\/wp-json\/wp\/v2\/pages"}],"about":[{"href":"https:\/\/tlmocnik.sk\/ru-ru\/wp-json\/wp\/v2\/types\/page"}],"author":[{"embeddable":true,"href":"https:\/\/tlmocnik.sk\/ru-ru\/wp-json\/wp\/v2\/users\/1"}],"replies":[{"embeddable":true,"href":"https:\/\/tlmocnik.sk\/ru-ru\/wp-json\/wp\/v2\/comments?post=382"}],"version-history":[{"count":34,"href":"https:\/\/tlmocnik.sk\/ru-ru\/wp-json\/wp\/v2\/pages\/382\/revisions"}],"predecessor-version":[{"id":9579,"href":"https:\/\/tlmocnik.sk\/ru-ru\/wp-json\/wp\/v2\/pages\/382\/revisions\/9579"}],"wp:attachment":[{"href":"https:\/\/tlmocnik.sk\/ru-ru\/wp-json\/wp\/v2\/media?parent=382"}],"curies":[{"name":"wp","href":"https:\/\/api.w.org\/{rel}","templated":true}]}}